{"id":8465,"date":"2021-11-25T14:08:44","date_gmt":"2021-11-25T13:08:44","guid":{"rendered":"https:\/\/www.upm.es\/recursosidi\/offers-resources\/sin categor\u00eda\/medidor-de-velocidad-de-vehiculos-por-ultrasonidos-de-alta-exactitud\/"},"modified":"2022-08-10T02:06:39","modified_gmt":"2022-08-10T00:06:39","slug":"medidor-de-velocidad-de-vehiculos-por-ultrasonidos-de-alta-exactitud","status":"publish","type":"product","link":"https:\/\/www.upm.es\/recursosidi\/offers-resources\/patentes\/medidor-de-velocidad-de-vehiculos-por-ultrasonidos-de-alta-exactitud\/","title":{"rendered":"Medidor de velocidad de vehiculos por ultrasonidos de alta exactitud"},"content":{"rendered":"<h5>Descripci\u00f3n de la patente <\/h5>\n<p>Sistema de estimaci\u00f3n de velocidad de veh\u00edculos, que comprende una pluralidad n de dispositivos de medici\u00f3n (1) de velocidad, situados en un mismo eje a distancias conocidas, cada uno de ellos comprendiendo un emisor (E) de ultrasonidos configurado para generar una barrera de ultrasonidos y un receptor (R) de ultrasonidos configurado para captar los ecos cuando un veh\u00edculo (2) atraviesa la barrera de ultrasonidos; donde cada dispositivo de medici\u00f3n (1) de velocidad est\u00e1 configurado para obtener los instantes de recepci\u00f3n de los ecos. El sistema comprende unos medios de procesamiento (3) configurados para recibir los tiempos de recepci\u00f3n de los ecos, y realizar una estimaci\u00f3n de la velocidad del veh\u00edculo.<br \/>\nAdicionalmente estos medios (3) estar\u00e1n configurados para sincronizar unas medidas tomadas por un cinem\u00f3metro externo (5) y estimar el error producido por dicho cinem\u00f3metro (5) mediante la introducci\u00f3n de un sistema de adquisici\u00f3n de datos (4) en el sistema.<\/p>\n<h5>Situaci\u00f3n <\/h5>\n<p>Concedida<\/p>\n<h5>N\u00famero de solicitud<\/h5>\n<p>P200930409<\/p>\n<h5>N\u00famero de publicaci\u00f3n<\/h5>\n<p>ES2337755<\/p>\n<h5>Fecha de presentaci\u00f3n <\/h5>\n<p>02\/07\/2009<\/p>\n<h5>Fecha de concesi\u00f3n <\/h5>\n<p>21\/01\/2011<\/p>\n<div class=\"pdfprnt-buttons pdfprnt-buttons-product pdfprnt-bottom-left\"><a href=\"https:\/\/www.upm.es\/recursosidi\/wp-json\/wp\/v2\/product\/8465?print=pdf\" class=\"pdfprnt-button pdfprnt-button-pdf\" target=\"_blank\"><span class=\"pdfprnt-button-title pdfprnt-button-pdf-title\">Descargar ficha<\/span><\/a><\/div>","protected":false},"excerpt":{"rendered":"<p>Descripci\u00f3n de la patente Sistema de estimaci\u00f3n de velocidad de veh\u00edculos, que comprende una pluralidad n de dispositivos de medici\u00f3n (1) de velocidad, situados en&hellip;<\/p>\n","protected":false},"featured_media":0,"template":"","meta":{"_acf_changed":false},"product_cat":[3946],"product_tag":[],"comunidades-upm":[],"quien":[],"mapa":[],"disponibilidad":[],"donde":[{"term_id":590,"name":"Centro de Materiales y Dispositivos Avanzados para Tecnolog\u00edas de Informaci\u00f3n y Comunicaciones (CEMDATIC)","slug":"centro-de-materiales-y-dispositivos-avanzados-para-tecnologias-de-informacion-y-comunicaciones-cemdatic","term_group":0,"term_taxonomy_id":590,"taxonomy":"donde","description":"","parent":0,"count":20,"filter":"raw","term_order":"0"}],"infraestructura":[],"ods":[],"origen":[{"term_id":180,"name":"Patente","slug":"patente","term_group":0,"term_taxonomy_id":180,"taxonomy":"origen","description":"","parent":0,"count":614,"filter":"raw","term_order":"0"}],"familia_tax":false,"quien_tax":false,"donde_tax":false,"year":"","contacto":"<strong>Principales: <\/strong><ul><li>JOSE DE FRUTOS VAQUERIZO <blockquote><strong>jose.defrutos@upm.es<\/strong><\/blockquote><\/li><li>FRANCISCO JAVIER JIMENEZ MARTINEZ <blockquote><strong>franciscojavier.jimenez@upm.es<\/strong><\/blockquote><\/li><li>CARLOS PASTOR PAZ <blockquote><strong>c.pastorpaz@upm.es<\/strong><\/blockquote><\/li><\/ul><strong>Otros inventores UPM: <\/strong><ul><li>Carlos Marcos Lucas<\/li><\/ul>","telefono":"","pagina_web":"","email":"","id_ficha_portal":"437","video":"","adjuntos":false,"adjuntos_portal":"https:\/\/www.upm.es\/S2i\/Acuse\/recuperarArchivo.jsp?id=437&id_archivo=502&tipo=patente&extension=fichero ","inf":false,"departamento":"","acf":[],"lang":"es","translation":{"es":8465},"_links":{"self":[{"href":"https:\/\/www.upm.es\/recursosidi\/wp-json\/wp\/v2\/product\/8465"}],"collection":[{"href":"https:\/\/www.upm.es\/recursosidi\/wp-json\/wp\/v2\/product"}],"about":[{"href":"https:\/\/www.upm.es\/recursosidi\/wp-json\/wp\/v2\/types\/product"}],"wp:attachment":[{"href":"https:\/\/www.upm.es\/recursosidi\/wp-json\/wp\/v2\/media?parent=8465"}],"wp:term":[{"taxonomy":"product_cat","embeddable":true,"href":"https:\/\/www.upm.es\/recursosidi\/wp-json\/wp\/v2\/product_cat?post=8465"},{"taxonomy":"product_tag","embeddable":true,"href":"https:\/\/www.upm.es\/recursosidi\/wp-json\/wp\/v2\/product_tag?post=8465"},{"taxonomy":"comunidad_upm","embeddable":true,"href":"https:\/\/www.upm.es\/recursosidi\/wp-json\/wp\/v2\/comunidades-upm?post=8465"},{"taxonomy":"quien","embeddable":true,"href":"https:\/\/www.upm.es\/recursosidi\/wp-json\/wp\/v2\/quien?post=8465"},{"taxonomy":"mapa","embeddable":true,"href":"https:\/\/www.upm.es\/recursosidi\/wp-json\/wp\/v2\/mapa?post=8465"},{"taxonomy":"disponibilidad","embeddable":true,"href":"https:\/\/www.upm.es\/recursosidi\/wp-json\/wp\/v2\/disponibilidad?post=8465"},{"taxonomy":"donde","embeddable":true,"href":"https:\/\/www.upm.es\/recursosidi\/wp-json\/wp\/v2\/donde?post=8465"},{"taxonomy":"infraestructura","embeddable":true,"href":"https:\/\/www.upm.es\/recursosidi\/wp-json\/wp\/v2\/infraestructura?post=8465"},{"taxonomy":"ods","embeddable":true,"href":"https:\/\/www.upm.es\/recursosidi\/wp-json\/wp\/v2\/ods?post=8465"},{"taxonomy":"origen","embeddable":true,"href":"https:\/\/www.upm.es\/recursosidi\/wp-json\/wp\/v2\/origen?post=8465"}],"curies":[{"name":"wp","href":"https:\/\/api.w.org\/{rel}","templated":true}]}}