{"id":8468,"date":"2021-11-25T14:08:52","date_gmt":"2021-11-25T13:08:52","guid":{"rendered":"https:\/\/www.upm.es\/recursosidi\/offers-resources\/sin categor\u00eda\/procedimiento-y-sistema-para-simulacion-de-centrales-fotovoltaicas-en-condiciones-reales-de-operacion\/"},"modified":"2022-08-10T02:06:47","modified_gmt":"2022-08-10T00:06:47","slug":"procedimiento-y-sistema-para-simulacion-de-centrales-fotovoltaicas-en-condiciones-reales-de-operacion","status":"publish","type":"product","link":"https:\/\/www.upm.es\/recursosidi\/offers-resources\/patentes\/procedimiento-y-sistema-para-simulacion-de-centrales-fotovoltaicas-en-condiciones-reales-de-operacion\/","title":{"rendered":"Procedimiento y sistema para simulaci\u00f3n de centrales fotovoltaicas en condiciones reales de operaci\u00f3n"},"content":{"rendered":"<h5>Descripci\u00f3n de la patente <\/h5>\n<p>La invenci\u00f3n describe un procedimiento y un sistema para la estimaci\u00f3n de la producci\u00f3n el\u00e9ctrica de una planta fotovoltaica en condiciones reales de operaci\u00f3n. La invenci\u00f3n minimiza las estimaciones \u00bfa priori\u00bf de escenarios de p\u00e9rdidas y calcula la productividad el\u00e9ctrica en diferentes condiciones clim\u00e1ticas donde la suciedad en los paneles juega un papel relevante, para estructuras con seguimiento al sol, considerando el efecto del sombreado mutuo entre seguidores.<br \/>\nTiene en cuenta los cambios en la eficiencia de los distintos componentes de la instalaci\u00f3n fotovoltaica mediante modelos de d\u00eda claro.<br \/>\nPermite adem\u00e1s establecer una selecci\u00f3n entre modelos existentes y los ordena de tal manera que permitan la simulaci\u00f3n en condiciones reales de operaci\u00f3n del funcionamiento de la planta, obteniendo como resultado su producci\u00f3n el\u00e9ctrica anual.<\/p>\n<h5>Situaci\u00f3n <\/h5>\n<p>Concedida<\/p>\n<h5>N\u00famero de solicitud<\/h5>\n<p>P200930702<\/p>\n<h5>N\u00famero de publicaci\u00f3n<\/h5>\n<p>ES2382799<\/p>\n<h5>Fecha de presentaci\u00f3n <\/h5>\n<p>18\/09\/2009<\/p>\n<h5>Fecha de concesi\u00f3n <\/h5>\n<p>17\/01\/2013<\/p>\n<div class=\"pdfprnt-buttons pdfprnt-buttons-product pdfprnt-bottom-left\"><a href=\"https:\/\/www.upm.es\/recursosidi\/wp-json\/wp\/v2\/product\/8468?print=pdf\" class=\"pdfprnt-button pdfprnt-button-pdf\" target=\"_blank\"><span class=\"pdfprnt-button-title pdfprnt-button-pdf-title\">Descargar ficha<\/span><\/a><\/div>","protected":false},"excerpt":{"rendered":"<p>Descripci\u00f3n de la patente La invenci\u00f3n describe un procedimiento y un sistema para la estimaci\u00f3n de la producci\u00f3n el\u00e9ctrica de una planta fotovoltaica en condiciones&hellip;<\/p>\n","protected":false},"featured_media":0,"template":"","meta":{"_acf_changed":false},"product_cat":[3946],"product_tag":[],"comunidades-upm":[],"quien":[],"mapa":[],"disponibilidad":[],"donde":[{"term_id":600,"name":"Generaci\u00f3n Distribuida Renovable y Control Inteligente","slug":"generacion-distribuida-renovable-y-control-inteligente","term_group":0,"term_taxonomy_id":600,"taxonomy":"donde","description":"","parent":0,"count":10,"filter":"raw","term_order":"0"},{"term_id":236,"name":"Instituto de Energ\u00eda Solar (IES)","slug":"instituto-de-energia-solar-ies","term_group":0,"term_taxonomy_id":236,"taxonomy":"donde","description":"","parent":0,"count":41,"filter":"raw","term_order":"0"},{"term_id":554,"name":"Sistemas Fotovoltaicos","slug":"sistemas-fotovoltaicos","term_group":0,"term_taxonomy_id":554,"taxonomy":"donde","description":"","parent":0,"count":10,"filter":"raw","term_order":"0"}],"infraestructura":[],"ods":[],"origen":[{"term_id":180,"name":"Patente","slug":"patente","term_group":0,"term_taxonomy_id":180,"taxonomy":"origen","description":"","parent":0,"count":614,"filter":"raw","term_order":"0"}],"familia_tax":false,"quien_tax":false,"donde_tax":false,"year":"","contacto":"<strong>Principales: <\/strong><ul><li>ANTONIO-P.EDUARDO LORENZO PIGUEIRAS <blockquote><strong>antonio.lorenzo@upm.es<\/strong><\/blockquote><\/li><li>FEDERICO JAVIER MU\u00d1OZ CANO <blockquote><strong>javier.munoz@upm.es<\/strong><\/blockquote><\/li><li>LUIS NARVARTE FERNANDEZ <blockquote><strong>luis.narvarte@upm.es<\/strong><\/blockquote><\/li><li>FRANCISCO MARTINEZ MORENO <blockquote><strong>francisco.martinezm@upm.es<\/strong><\/blockquote><\/li><li>RODRIGO MORETON VILLAGRA <blockquote><strong>rodrigo.moreton@upm.es<\/strong><\/blockquote><\/li><\/ul>","telefono":"","pagina_web":"","email":"","id_ficha_portal":"455","video":"","adjuntos":false,"adjuntos_portal":"https:\/\/www.upm.es\/S2i\/Acuse\/recuperarArchivo.jsp?id=455&id_archivo=1985&tipo=patente&extension=fichero ","inf":false,"departamento":"","acf":[],"lang":"es","translation":{"es":8468},"_links":{"self":[{"href":"https:\/\/www.upm.es\/recursosidi\/wp-json\/wp\/v2\/product\/8468"}],"collection":[{"href":"https:\/\/www.upm.es\/recursosidi\/wp-json\/wp\/v2\/product"}],"about":[{"href":"https:\/\/www.upm.es\/recursosidi\/wp-json\/wp\/v2\/types\/product"}],"wp:attachment":[{"href":"https:\/\/www.upm.es\/recursosidi\/wp-json\/wp\/v2\/media?parent=8468"}],"wp:term":[{"taxonomy":"product_cat","embeddable":true,"href":"https:\/\/www.upm.es\/recursosidi\/wp-json\/wp\/v2\/product_cat?post=8468"},{"taxonomy":"product_tag","embeddable":true,"href":"https:\/\/www.upm.es\/recursosidi\/wp-json\/wp\/v2\/product_tag?post=8468"},{"taxonomy":"comunidad_upm","embeddable":true,"href":"https:\/\/www.upm.es\/recursosidi\/wp-json\/wp\/v2\/comunidades-upm?post=8468"},{"taxonomy":"quien","embeddable":true,"href":"https:\/\/www.upm.es\/recursosidi\/wp-json\/wp\/v2\/quien?post=8468"},{"taxonomy":"mapa","embeddable":true,"href":"https:\/\/www.upm.es\/recursosidi\/wp-json\/wp\/v2\/mapa?post=8468"},{"taxonomy":"disponibilidad","embeddable":true,"href":"https:\/\/www.upm.es\/recursosidi\/wp-json\/wp\/v2\/disponibilidad?post=8468"},{"taxonomy":"donde","embeddable":true,"href":"https:\/\/www.upm.es\/recursosidi\/wp-json\/wp\/v2\/donde?post=8468"},{"taxonomy":"infraestructura","embeddable":true,"href":"https:\/\/www.upm.es\/recursosidi\/wp-json\/wp\/v2\/infraestructura?post=8468"},{"taxonomy":"ods","embeddable":true,"href":"https:\/\/www.upm.es\/recursosidi\/wp-json\/wp\/v2\/ods?post=8468"},{"taxonomy":"origen","embeddable":true,"href":"https:\/\/www.upm.es\/recursosidi\/wp-json\/wp\/v2\/origen?post=8468"}],"curies":[{"name":"wp","href":"https:\/\/api.w.org\/{rel}","templated":true}]}}