{"id":8469,"date":"2021-11-25T14:08:54","date_gmt":"2021-11-25T13:08:54","guid":{"rendered":"https:\/\/www.upm.es\/recursosidi\/offers-resources\/sin categor\u00eda\/sistema-y-metodo-adaptativo-monobit-de-correccion-de-desbalances-de-fase-y-amplitud-en-demoduladores-iq\/"},"modified":"2022-08-10T02:06:50","modified_gmt":"2022-08-10T00:06:50","slug":"sistema-y-metodo-adaptativo-monobit-de-correccion-de-desbalances-de-fase-y-amplitud-en-demoduladores-iq","status":"publish","type":"product","link":"https:\/\/www.upm.es\/recursosidi\/offers-resources\/patentes\/sistema-y-metodo-adaptativo-monobit-de-correccion-de-desbalances-de-fase-y-amplitud-en-demoduladores-iq\/","title":{"rendered":"Sistema y m\u00e9todo adaptativo monobit de correcci\u00f3n de desbalances de fase y amplitud en demoduladores IQ"},"content":{"rendered":"<h5>Descripci\u00f3n de la patente <\/h5>\n<p>Sistema adaptativo monobit de correcci\u00f3n de desbalances de fase y amplitud en demoduladores IQ, comprendiendo:<br \/>\n&#8211; un bloque de correcci\u00f3n (14) que corrige las muestras (I,Q) mediante un multiplicador (5) con coeficiente   y un multiplicador (6) con coeficiente  , obteniendo una se\u00f1al corregida (Scorr);<br \/>\n&#8211; dos filtros complejos (8,9) que filtran la se\u00f1al corregida (Scorr) obteniendo unas se\u00f1ales filtradas (Sf1,Sf2);<br \/>\n&#8211; un bloque de c\u00e1lculo de coherencia (10) que recibe las se\u00f1ales filtradas (Sf1,Sf2) y efect\u00faa la estimaci\u00f3n de la coherencia espectral;<br \/>\n&#8211; un bloque de actualizaci\u00f3n de coeficientes (11) que recibe dicha estimaci\u00f3n y, en funci\u00f3n de la misma y del valor de un paso de actualizaci\u00f3n  , actualizar el valor de los coeficientes  y  ;<br \/>\n&#8211; un bloque de modificaci\u00f3n del paso de actualizaci\u00f3n (12) encargado de modificar el valor del paso de actualizaci\u00f3n  en funci\u00f3n del valor del m\u00f3dulo al cuadrado de la coherencia espectral estimada.<\/p>\n<h5>Situaci\u00f3n <\/h5>\n<p>Concedida<\/p>\n<h5>N\u00famero de solicitud<\/h5>\n<p>P200930202<\/p>\n<h5>N\u00famero de publicaci\u00f3n<\/h5>\n<p>ES2332497<\/p>\n<h5>Fecha de presentaci\u00f3n <\/h5>\n<p>25\/05\/2009<\/p>\n<h5>Fecha de concesi\u00f3n <\/h5>\n<p>12\/05\/2010<\/p>\n<div class=\"pdfprnt-buttons pdfprnt-buttons-product pdfprnt-bottom-left\"><a href=\"https:\/\/www.upm.es\/recursosidi\/wp-json\/wp\/v2\/product\/8469?print=pdf\" class=\"pdfprnt-button pdfprnt-button-pdf\" target=\"_blank\"><span class=\"pdfprnt-button-title pdfprnt-button-pdf-title\">Descargar ficha<\/span><\/a><\/div>","protected":false},"excerpt":{"rendered":"<p>Descripci\u00f3n de la patente Sistema adaptativo monobit de correcci\u00f3n de desbalances de fase y amplitud en demoduladores IQ, comprendiendo: &#8211; un bloque de correcci\u00f3n (14)&hellip;<\/p>\n","protected":false},"featured_media":0,"template":"","meta":{"_acf_changed":false},"product_cat":[3946],"product_tag":[],"comunidades-upm":[],"quien":[],"mapa":[],"disponibilidad":[],"donde":[{"term_id":546,"name":"Centro de Electr\u00f3nica Industrial (CEI)","slug":"centro-de-electronica-industrial-cei","term_group":0,"term_taxonomy_id":546,"taxonomy":"donde","description":"","parent":0,"count":25,"filter":"raw","term_order":"0"},{"term_id":538,"name":"Grupo de Ingenier\u00eda de Radio (GIRA)","slug":"grupo-de-ingenieria-de-radio-gira","term_group":0,"term_taxonomy_id":538,"taxonomy":"donde","description":"","parent":0,"count":3,"filter":"raw","term_order":"0"}],"infraestructura":[],"ods":[],"origen":[{"term_id":180,"name":"Patente","slug":"patente","term_group":0,"term_taxonomy_id":180,"taxonomy":"origen","description":"","parent":0,"count":614,"filter":"raw","term_order":"0"}],"familia_tax":false,"quien_tax":false,"donde_tax":false,"year":"","contacto":"<strong>Principales: <\/strong><ul><li>CESAR BENAVENTE PECES <blockquote><strong>cesar.benavente@upm.es<\/strong><\/blockquote><\/li><li>JOSE MANUEL PARDO MARTIN <blockquote><strong>josemanuel.pardo@upm.es<\/strong><\/blockquote><\/li><li>FCO. JAVIER ORTEGA GONZALEZ <blockquote><strong>franciscojavier.ortega@upm.es<\/strong><\/blockquote><\/li><\/ul><strong>Otros inventores UPM: <\/strong><ul><li>JIMENO MART\u00cdN, Alejandro<\/li><\/ul>","telefono":"","pagina_web":"","email":"","id_ficha_portal":"423","video":"","adjuntos":false,"adjuntos_portal":"https:\/\/www.upm.es\/S2i\/Acuse\/recuperarArchivo.jsp?id=423&id_archivo=283&tipo=patente&extension=fichero ","inf":false,"departamento":"","acf":[],"lang":"es","translation":{"es":8469},"_links":{"self":[{"href":"https:\/\/www.upm.es\/recursosidi\/wp-json\/wp\/v2\/product\/8469"}],"collection":[{"href":"https:\/\/www.upm.es\/recursosidi\/wp-json\/wp\/v2\/product"}],"about":[{"href":"https:\/\/www.upm.es\/recursosidi\/wp-json\/wp\/v2\/types\/product"}],"wp:attachment":[{"href":"https:\/\/www.upm.es\/recursosidi\/wp-json\/wp\/v2\/media?parent=8469"}],"wp:term":[{"taxonomy":"product_cat","embeddable":true,"href":"https:\/\/www.upm.es\/recursosidi\/wp-json\/wp\/v2\/product_cat?post=8469"},{"taxonomy":"product_tag","embeddable":true,"href":"https:\/\/www.upm.es\/recursosidi\/wp-json\/wp\/v2\/product_tag?post=8469"},{"taxonomy":"comunidad_upm","embeddable":true,"href":"https:\/\/www.upm.es\/recursosidi\/wp-json\/wp\/v2\/comunidades-upm?post=8469"},{"taxonomy":"quien","embeddable":true,"href":"https:\/\/www.upm.es\/recursosidi\/wp-json\/wp\/v2\/quien?post=8469"},{"taxonomy":"mapa","embeddable":true,"href":"https:\/\/www.upm.es\/recursosidi\/wp-json\/wp\/v2\/mapa?post=8469"},{"taxonomy":"disponibilidad","embeddable":true,"href":"https:\/\/www.upm.es\/recursosidi\/wp-json\/wp\/v2\/disponibilidad?post=8469"},{"taxonomy":"donde","embeddable":true,"href":"https:\/\/www.upm.es\/recursosidi\/wp-json\/wp\/v2\/donde?post=8469"},{"taxonomy":"infraestructura","embeddable":true,"href":"https:\/\/www.upm.es\/recursosidi\/wp-json\/wp\/v2\/infraestructura?post=8469"},{"taxonomy":"ods","embeddable":true,"href":"https:\/\/www.upm.es\/recursosidi\/wp-json\/wp\/v2\/ods?post=8469"},{"taxonomy":"origen","embeddable":true,"href":"https:\/\/www.upm.es\/recursosidi\/wp-json\/wp\/v2\/origen?post=8469"}],"curies":[{"name":"wp","href":"https:\/\/api.w.org\/{rel}","templated":true}]}}