{"id":8470,"date":"2021-11-25T14:08:57","date_gmt":"2021-11-25T13:08:57","guid":{"rendered":"https:\/\/www.upm.es\/recursosidi\/offers-resources\/sin categor\u00eda\/metodo-y-sistema-de-medida-del-tiempo-de-vida-de-fluorescencia-en-el-dominio-de-la-frecuencia-con-altos-niveles-de-senal-de-fondo\/"},"modified":"2022-08-10T02:06:53","modified_gmt":"2022-08-10T00:06:53","slug":"metodo-y-sistema-de-medida-del-tiempo-de-vida-de-fluorescencia-en-el-dominio-de-la-frecuencia-con-altos-niveles-de-senal-de-fondo","status":"publish","type":"product","link":"https:\/\/www.upm.es\/recursosidi\/offers-resources\/patentes\/metodo-y-sistema-de-medida-del-tiempo-de-vida-de-fluorescencia-en-el-dominio-de-la-frecuencia-con-altos-niveles-de-senal-de-fondo\/","title":{"rendered":"M\u00e9todo y sistema de medida del tiempo de vida de fluorescencia en el dominio de la frecuencia con altos niveles de se\u00f1al de fondo."},"content":{"rendered":"<h5>Descripci\u00f3n de la patente <\/h5>\n<p>M\u00e9todo y sistema de medida del tiempo de vida de fluorescencia en el dominio de la frecuencia con altos niveles de se\u00f1al de fondo<\/p>\n<p>La medida del tiempo de vida medio de la emisi\u00f3n fluorescente en el dominio de la frecuencia se ve dificultada por la presencia de se\u00f1ales de fondo. Se propone un m\u00e9todo y un aparato para detectar dicho tiempo de vida incluso cuando la fluorescencia es mucho menor que el fondo, sin necesidad de una muestra de calibraci\u00f3n, basado en una exploraci\u00f3n sucesiva de estados en el sistema. Lo caracter\u00edstico de estos estados es que la se\u00f1al de fondo se mantiene constante, mientras que la se\u00f1al de inter\u00e9s cambia. La se\u00f1al de inter\u00e9s se podr\u00e1 recuperar realizando una cancelaci\u00f3n de la se\u00f1al com\u00fan. Esta t\u00e9cnica se puede utilizar para eliminar el efecto de la luz dispersada de excitaci\u00f3n, de la autofluorescencia, y de la interferencia electromagn\u00e9tica.<\/p>\n<h5>Situaci\u00f3n <\/h5>\n<p>Concedida<\/p>\n<h5>N\u00famero de solicitud<\/h5>\n<p>P200901614<\/p>\n<h5>N\u00famero de publicaci\u00f3n<\/h5>\n<p>ES2342451<\/p>\n<h5>Fecha de presentaci\u00f3n <\/h5>\n<p>20\/07\/2009<\/p>\n<h5>Fecha de concesi\u00f3n <\/h5>\n<p>17\/06\/2011<\/p>\n<div class=\"pdfprnt-buttons pdfprnt-buttons-product pdfprnt-bottom-left\"><a href=\"https:\/\/www.upm.es\/recursosidi\/wp-json\/wp\/v2\/product\/8470?print=pdf\" class=\"pdfprnt-button pdfprnt-button-pdf\" target=\"_blank\"><span class=\"pdfprnt-button-title pdfprnt-button-pdf-title\">Descargar ficha<\/span><\/a><\/div>","protected":false},"excerpt":{"rendered":"<p>Descripci\u00f3n de la patente M\u00e9todo y sistema de medida del tiempo de vida de fluorescencia en el dominio de la frecuencia con altos niveles de&hellip;<\/p>\n","protected":false},"featured_media":0,"template":"","meta":{"_acf_changed":false},"product_cat":[3946],"product_tag":[],"comunidades-upm":[],"quien":[],"mapa":[],"disponibilidad":[],"donde":[{"term_id":42,"name":"UPM","slug":"upm","term_group":0,"term_taxonomy_id":42,"taxonomy":"donde","description":"Universidad Polit\u00e9cnica de Madrid\r\nHTML \"Lorem ipsum dolor sit amet, consectetur adipiscing elit, sed do eiusmod tempor incididunt ut labore et dolore magna aliqua. Ut enim ad minim veniam, quis nostrud exercitation ullamco laboris nisi ut aliquip ex ea commodo consequat. Duis aute irure dolor in reprehenderit in voluptate velit esse cillum dolore eu fugiat nulla pariatur. Excepteur sint occaecat cupidatat non proident, sunt in culpa qui officia deserunt mollit anim id est laborum.\"","parent":0,"count":146,"filter":"raw","term_order":"0"}],"infraestructura":[],"ods":[],"origen":[{"term_id":180,"name":"Patente","slug":"patente","term_group":0,"term_taxonomy_id":180,"taxonomy":"origen","description":"","parent":0,"count":614,"filter":"raw","term_order":"0"}],"familia_tax":false,"quien_tax":false,"donde_tax":false,"year":"","contacto":"<ul><li><blockquote><strong>otri.investigacion@upm.es<\/strong><\/blockquote><\/li><\/ul>","telefono":"","pagina_web":"","email":"","id_ficha_portal":"439","video":"","adjuntos":false,"adjuntos_portal":"https:\/\/www.upm.es\/S2i\/Acuse\/recuperarArchivo.jsp?id=439&id_archivo=609&tipo=patente&extension=fichero ","inf":false,"departamento":"","acf":[],"lang":"es","translation":{"es":8470},"_links":{"self":[{"href":"https:\/\/www.upm.es\/recursosidi\/wp-json\/wp\/v2\/product\/8470"}],"collection":[{"href":"https:\/\/www.upm.es\/recursosidi\/wp-json\/wp\/v2\/product"}],"about":[{"href":"https:\/\/www.upm.es\/recursosidi\/wp-json\/wp\/v2\/types\/product"}],"wp:attachment":[{"href":"https:\/\/www.upm.es\/recursosidi\/wp-json\/wp\/v2\/media?parent=8470"}],"wp:term":[{"taxonomy":"product_cat","embeddable":true,"href":"https:\/\/www.upm.es\/recursosidi\/wp-json\/wp\/v2\/product_cat?post=8470"},{"taxonomy":"product_tag","embeddable":true,"href":"https:\/\/www.upm.es\/recursosidi\/wp-json\/wp\/v2\/product_tag?post=8470"},{"taxonomy":"comunidad_upm","embeddable":true,"href":"https:\/\/www.upm.es\/recursosidi\/wp-json\/wp\/v2\/comunidades-upm?post=8470"},{"taxonomy":"quien","embeddable":true,"href":"https:\/\/www.upm.es\/recursosidi\/wp-json\/wp\/v2\/quien?post=8470"},{"taxonomy":"mapa","embeddable":true,"href":"https:\/\/www.upm.es\/recursosidi\/wp-json\/wp\/v2\/mapa?post=8470"},{"taxonomy":"disponibilidad","embeddable":true,"href":"https:\/\/www.upm.es\/recursosidi\/wp-json\/wp\/v2\/disponibilidad?post=8470"},{"taxonomy":"donde","embeddable":true,"href":"https:\/\/www.upm.es\/recursosidi\/wp-json\/wp\/v2\/donde?post=8470"},{"taxonomy":"infraestructura","embeddable":true,"href":"https:\/\/www.upm.es\/recursosidi\/wp-json\/wp\/v2\/infraestructura?post=8470"},{"taxonomy":"ods","embeddable":true,"href":"https:\/\/www.upm.es\/recursosidi\/wp-json\/wp\/v2\/ods?post=8470"},{"taxonomy":"origen","embeddable":true,"href":"https:\/\/www.upm.es\/recursosidi\/wp-json\/wp\/v2\/origen?post=8470"}],"curies":[{"name":"wp","href":"https:\/\/api.w.org\/{rel}","templated":true}]}}