{"id":8471,"date":"2021-11-25T14:08:59","date_gmt":"2021-11-25T13:08:59","guid":{"rendered":"https:\/\/www.upm.es\/recursosidi\/offers-resources\/sin categor\u00eda\/sistema-y-proceso-de-localizacion-de-faltas-a-tierra-en-devanados-de-excitacion-de-maquinas-sincronas-con-excitacion-estatica\/"},"modified":"2022-08-10T02:06:56","modified_gmt":"2022-08-10T00:06:56","slug":"sistema-y-proceso-de-localizacion-de-faltas-a-tierra-en-devanados-de-excitacion-de-maquinas-sincronas-con-excitacion-estatica","status":"publish","type":"product","link":"https:\/\/www.upm.es\/recursosidi\/offers-resources\/patentes\/sistema-y-proceso-de-localizacion-de-faltas-a-tierra-en-devanados-de-excitacion-de-maquinas-sincronas-con-excitacion-estatica\/","title":{"rendered":"Sistema y proceso de localizaci\u00f3n de faltas a tierra en devanados de excitaci\u00f3n de m\u00e1quinas s\u00edncronas con excitaci\u00f3n est\u00e1tica"},"content":{"rendered":"<h5>Descripci\u00f3n de la patente <\/h5>\n<p>Se trata de un sistema y m\u00e9todo de localizaci\u00f3n de faltas a tierra cuyo transformador de excitaci\u00f3n tiene el neutro accesible. Tiene la ventaja que ahorra mucho tiempo a la hora de reparar la m\u00e1quina en caso de defecto a tierra del devanado de excitaci\u00f3n, ya que localiza el defecto con la m\u00e1quina en funcionamiento, permitiendo conocer en el momento de la desconexi\u00f3n de la m\u00e1quina de la red el lugar del defecto.<\/p>\n<p>El sistema comprende:<br \/>\n&#8211; una resistencia de puesta a tierra (4) en el transformador (1) que alimenta el rectificador (2);<br \/>\n&#8211; un equipo de medida (6) de la tensi\u00f3n que cae en la resistencia de puesta a tierra (4);<br \/>\n&#8211; un equipo de medida (7) de la tensi\u00f3n de alimentaci\u00f3n del rotor;<br \/>\n&#8211; un dispositivo analizador (13) encargado de analizar las se\u00f1ales medidas y que dispone de:<br \/>\n\u00bf medios de obtenci\u00f3n de las componentes de tensi\u00f3n alterna y continua (8) de las ondas medidas por los equipos 6 y 7;<br \/>\n\u00bf medios de c\u00e1lculo (9) y (10) encargados de obtener los valores necesarios para trazar la recta que relaciona la posici\u00f3n del defecto con el nivel de tensi\u00f3n continua medido en la resistencia de puesta a tierra (4);<br \/>\n\u00bf medios de obtenci\u00f3n de la recta \u00bfVdc-posici\u00f3n del defecto\u00bf (11) a partir de la cual se determina la posici\u00f3n del cortocircuito en el devanado, devolviendo la correspondiente se\u00f1al (12).<\/p>\n<h5>Situaci\u00f3n <\/h5>\n<p>Concedida<\/p>\n<h5>N\u00famero de solicitud<\/h5>\n<p>P200901881<\/p>\n<h5>N\u00famero de publicaci\u00f3n<\/h5>\n<p>ES2340831<\/p>\n<h5>Fecha de presentaci\u00f3n <\/h5>\n<p>21\/09\/2009<\/p>\n<h5>Fecha de concesi\u00f3n <\/h5>\n<p>14\/04\/2011<\/p>\n<div class=\"pdfprnt-buttons pdfprnt-buttons-product pdfprnt-bottom-left\"><a href=\"https:\/\/www.upm.es\/recursosidi\/wp-json\/wp\/v2\/product\/8471?print=pdf\" class=\"pdfprnt-button pdfprnt-button-pdf\" target=\"_blank\"><span class=\"pdfprnt-button-title pdfprnt-button-pdf-title\">Descargar ficha<\/span><\/a><\/div>","protected":false},"excerpt":{"rendered":"<p>Descripci\u00f3n de la patente Se trata de un sistema y m\u00e9todo de localizaci\u00f3n de faltas a tierra cuyo transformador de excitaci\u00f3n tiene el neutro accesible.&hellip;<\/p>\n","protected":false},"featured_media":0,"template":"","meta":{"_acf_changed":false},"product_cat":[3946],"product_tag":[],"comunidades-upm":[],"quien":[],"mapa":[],"disponibilidad":[],"donde":[{"term_id":374,"name":"Generaci\u00f3n el\u00e9ctrica con energ\u00eda e\u00f3lica","slug":"generacion-electrica-con-energia-eolica","term_group":0,"term_taxonomy_id":374,"taxonomy":"donde","description":"","parent":0,"count":70,"filter":"raw","term_order":"0"}],"infraestructura":[],"ods":[],"origen":[{"term_id":180,"name":"Patente","slug":"patente","term_group":0,"term_taxonomy_id":180,"taxonomy":"origen","description":"","parent":0,"count":614,"filter":"raw","term_order":"0"}],"familia_tax":false,"quien_tax":false,"donde_tax":false,"year":"","contacto":"<strong>Principales: <\/strong><ul><li>MARCOS LAFOZ PASTOR <blockquote><strong>marcos.lafoz@upm.es<\/strong><\/blockquote><\/li><li>FRANCISCO BLAZQUEZ GARCIA <blockquote><strong>francisco.blazquez@upm.es<\/strong><\/blockquote><\/li><li>CARLOS ANTONIO PLATERO GAONA <blockquote><strong>carlosantonio.platero@upm.es<\/strong><\/blockquote><\/li><\/ul><strong>Otros inventores UPM: <\/strong><ul><li>Sa\u00fal Arru\u00f1ada Mu\u00f1oz-Torrero<\/li><\/ul>","telefono":"","pagina_web":"","email":"","id_ficha_portal":"450","video":"","adjuntos":false,"adjuntos_portal":"https:\/\/www.upm.es\/S2i\/Acuse\/recuperarArchivo.jsp?id=450&id_archivo=692&tipo=patente&extension=fichero ","inf":false,"departamento":"","acf":[],"lang":"es","translation":{"es":8471},"_links":{"self":[{"href":"https:\/\/www.upm.es\/recursosidi\/wp-json\/wp\/v2\/product\/8471"}],"collection":[{"href":"https:\/\/www.upm.es\/recursosidi\/wp-json\/wp\/v2\/product"}],"about":[{"href":"https:\/\/www.upm.es\/recursosidi\/wp-json\/wp\/v2\/types\/product"}],"wp:attachment":[{"href":"https:\/\/www.upm.es\/recursosidi\/wp-json\/wp\/v2\/media?parent=8471"}],"wp:term":[{"taxonomy":"product_cat","embeddable":true,"href":"https:\/\/www.upm.es\/recursosidi\/wp-json\/wp\/v2\/product_cat?post=8471"},{"taxonomy":"product_tag","embeddable":true,"href":"https:\/\/www.upm.es\/recursosidi\/wp-json\/wp\/v2\/product_tag?post=8471"},{"taxonomy":"comunidad_upm","embeddable":true,"href":"https:\/\/www.upm.es\/recursosidi\/wp-json\/wp\/v2\/comunidades-upm?post=8471"},{"taxonomy":"quien","embeddable":true,"href":"https:\/\/www.upm.es\/recursosidi\/wp-json\/wp\/v2\/quien?post=8471"},{"taxonomy":"mapa","embeddable":true,"href":"https:\/\/www.upm.es\/recursosidi\/wp-json\/wp\/v2\/mapa?post=8471"},{"taxonomy":"disponibilidad","embeddable":true,"href":"https:\/\/www.upm.es\/recursosidi\/wp-json\/wp\/v2\/disponibilidad?post=8471"},{"taxonomy":"donde","embeddable":true,"href":"https:\/\/www.upm.es\/recursosidi\/wp-json\/wp\/v2\/donde?post=8471"},{"taxonomy":"infraestructura","embeddable":true,"href":"https:\/\/www.upm.es\/recursosidi\/wp-json\/wp\/v2\/infraestructura?post=8471"},{"taxonomy":"ods","embeddable":true,"href":"https:\/\/www.upm.es\/recursosidi\/wp-json\/wp\/v2\/ods?post=8471"},{"taxonomy":"origen","embeddable":true,"href":"https:\/\/www.upm.es\/recursosidi\/wp-json\/wp\/v2\/origen?post=8471"}],"curies":[{"name":"wp","href":"https:\/\/api.w.org\/{rel}","templated":true}]}}