{"id":8472,"date":"2021-11-25T14:09:02","date_gmt":"2021-11-25T13:09:02","guid":{"rendered":"https:\/\/www.upm.es\/recursosidi\/offers-resources\/sin categor\u00eda\/sistema-y-procedimiento-de-deteccion-e-identificacion-de-sonidos-en-tiempo-real-producidos-por-fuentes-sonoras-especificas\/"},"modified":"2022-08-10T02:06:58","modified_gmt":"2022-08-10T00:06:58","slug":"sistema-y-procedimiento-de-deteccion-e-identificacion-de-sonidos-en-tiempo-real-producidos-por-fuentes-sonoras-especificas","status":"publish","type":"product","link":"https:\/\/www.upm.es\/recursosidi\/offers-resources\/patentes\/sistema-y-procedimiento-de-deteccion-e-identificacion-de-sonidos-en-tiempo-real-producidos-por-fuentes-sonoras-especificas\/","title":{"rendered":"Sistema y procedimiento de detecci\u00f3n e identificaci\u00f3n de sonidos en tiempo real producidos por fuentes sonoras espec\u00edficas"},"content":{"rendered":"<h5>Descripci\u00f3n de la patente <\/h5>\n<p>Se trata de un sistema de detecci\u00f3n e identificaci\u00f3n del sonido producido por una fuente sonora objetivo a partir de la se\u00f1al audio captada por un sensor o entrada equivalente.<br \/>\nDependiendo de las aplicaciones espec\u00edficas, la fuente sonora objetivo podr\u00e1 ser el ruido producido por los aviones, los trenes, una industria,\u00bf<br \/>\nLa invenci\u00f3n eval\u00faa en tiempo real el parecido de la se\u00f1al de entrada con el sonido que producen las fuentes sonoras objetivo, y extrae los eventos sonoros derivados de estas, de forma autom\u00e1tica y desatendida.<br \/>\nLa invenci\u00f3n permite incorporar conocimiento previo por parte del usuario final, lo que permitir\u00e1 optimizar las tasas de acierto, adecuando los par\u00e1metros de entrada al entorno ac\u00fastico.<br \/>\nLa invenci\u00f3n podr\u00e1 ser implementada de forma aut\u00f3noma, integrada en un monitor de ruido, o en una red de monitorado, para la evaluaci\u00f3n de la contaminaci\u00f3n por ruido en las inmediaciones de las infraestructuras del transporte u otros entornos.<\/p>\n<h5>Situaci\u00f3n <\/h5>\n<p>Concedida<\/p>\n<h5>N\u00famero de solicitud<\/h5>\n<p>P200930730<\/p>\n<h5>N\u00famero de publicaci\u00f3n<\/h5>\n<p>ES2334429<\/p>\n<h5>Fecha de presentaci\u00f3n <\/h5>\n<p>24\/09\/2009<\/p>\n<h5>Fecha de concesi\u00f3n <\/h5>\n<p>05\/07\/2011<\/p>\n<div class=\"pdfprnt-buttons pdfprnt-buttons-product pdfprnt-bottom-left\"><a href=\"https:\/\/www.upm.es\/recursosidi\/wp-json\/wp\/v2\/product\/8472?print=pdf\" class=\"pdfprnt-button pdfprnt-button-pdf\" target=\"_blank\"><span class=\"pdfprnt-button-title pdfprnt-button-pdf-title\">Descargar ficha<\/span><\/a><\/div>","protected":false},"excerpt":{"rendered":"<p>Descripci\u00f3n de la patente Se trata de un sistema de detecci\u00f3n e identificaci\u00f3n del sonido producido por una fuente sonora objetivo a partir de la&hellip;<\/p>\n","protected":false},"featured_media":0,"template":"","meta":{"_acf_changed":false},"product_cat":[3946],"product_tag":[],"comunidades-upm":[],"quien":[],"mapa":[],"disponibilidad":[],"donde":[{"term_id":380,"name":"Investigaci\u00f3n en Instrumentaci\u00f3n y Ac\u00fastica Aplicada (I2A2)","slug":"investigacion-en-instrumentacion-y-acustica-aplicada-i2a2","term_group":0,"term_taxonomy_id":380,"taxonomy":"donde","description":"Desarrollamos nuestra actividad en <strong>diversos &aacute;mbitos de la Ac&uacute;stica y las TIC<\/strong>, en los que buscamos aportar nuestra experiencia en para contribuir a resolver algunos de los retos que afronta nuestra sociedad. Esta visi&oacute;n nos lleva trabajar <strong>en contacto permanente con empresas y administraciones<\/strong> buscando continuamente la transferencia de los resultados de nuestros trabajos, bien a trav&eacute;s de la transferencia de tecnolog&iacute;a o de conocimiento, u ofreciendo directamente servicios de valor a&ntilde;adido a la industria.&nbsp;&nbsp;\n&nbsp;\nNuestras <strong>l&iacute;neas de investigaci&oacute;n<\/strong> se pueden resumir en:\n\nRuido ambiental.\nAc&uacute;stica en la edificaci&oacute;n.\nControl de ruido y Vibraciones.\nRuido en el puesto del trabajo.\nTerapias Ac&uacute;sticas.\nSistemas de Adquisici&oacute;n de Datos Avanzados.\nEquipos Electr&oacute;nicos y sistemas Embebidos.\nMonitorizaci&oacute;n de Salud Estructural.\n","parent":0,"count":16,"filter":"raw","term_order":"0"}],"infraestructura":[],"ods":[],"origen":[{"term_id":180,"name":"Patente","slug":"patente","term_group":0,"term_taxonomy_id":180,"taxonomy":"origen","description":"","parent":0,"count":614,"filter":"raw","term_order":"0"}],"familia_tax":false,"quien_tax":false,"donde_tax":false,"year":"","contacto":"<strong>Principales: <\/strong><ul><li>MANUEL RECUERO LOPEZ <blockquote><strong>manuel.recuero@upm.es<\/strong><\/blockquote><\/li><li>CESAR ASENSIO RIVERA <blockquote><strong>c.asensio@upm.es<\/strong><\/blockquote><\/li><li>MARIANO RUIZ GONZALEZ <blockquote><strong>mariano.ruiz@upm.es<\/strong><\/blockquote><\/li><\/ul>","telefono":"","pagina_web":"","email":"","id_ficha_portal":"457","video":"","adjuntos":false,"adjuntos_portal":"https:\/\/www.upm.es\/S2i\/Acuse\/recuperarArchivo.jsp?id=457&id_archivo=642&tipo=patente&extension=fichero ","inf":false,"departamento":"","acf":[],"lang":"es","translation":{"es":8472},"_links":{"self":[{"href":"https:\/\/www.upm.es\/recursosidi\/wp-json\/wp\/v2\/product\/8472"}],"collection":[{"href":"https:\/\/www.upm.es\/recursosidi\/wp-json\/wp\/v2\/product"}],"about":[{"href":"https:\/\/www.upm.es\/recursosidi\/wp-json\/wp\/v2\/types\/product"}],"wp:attachment":[{"href":"https:\/\/www.upm.es\/recursosidi\/wp-json\/wp\/v2\/media?parent=8472"}],"wp:term":[{"taxonomy":"product_cat","embeddable":true,"href":"https:\/\/www.upm.es\/recursosidi\/wp-json\/wp\/v2\/product_cat?post=8472"},{"taxonomy":"product_tag","embeddable":true,"href":"https:\/\/www.upm.es\/recursosidi\/wp-json\/wp\/v2\/product_tag?post=8472"},{"taxonomy":"comunidad_upm","embeddable":true,"href":"https:\/\/www.upm.es\/recursosidi\/wp-json\/wp\/v2\/comunidades-upm?post=8472"},{"taxonomy":"quien","embeddable":true,"href":"https:\/\/www.upm.es\/recursosidi\/wp-json\/wp\/v2\/quien?post=8472"},{"taxonomy":"mapa","embeddable":true,"href":"https:\/\/www.upm.es\/recursosidi\/wp-json\/wp\/v2\/mapa?post=8472"},{"taxonomy":"disponibilidad","embeddable":true,"href":"https:\/\/www.upm.es\/recursosidi\/wp-json\/wp\/v2\/disponibilidad?post=8472"},{"taxonomy":"donde","embeddable":true,"href":"https:\/\/www.upm.es\/recursosidi\/wp-json\/wp\/v2\/donde?post=8472"},{"taxonomy":"infraestructura","embeddable":true,"href":"https:\/\/www.upm.es\/recursosidi\/wp-json\/wp\/v2\/infraestructura?post=8472"},{"taxonomy":"ods","embeddable":true,"href":"https:\/\/www.upm.es\/recursosidi\/wp-json\/wp\/v2\/ods?post=8472"},{"taxonomy":"origen","embeddable":true,"href":"https:\/\/www.upm.es\/recursosidi\/wp-json\/wp\/v2\/origen?post=8472"}],"curies":[{"name":"wp","href":"https:\/\/api.w.org\/{rel}","templated":true}]}}