{"id":8473,"date":"2021-11-25T14:09:04","date_gmt":"2021-11-25T13:09:04","guid":{"rendered":"https:\/\/www.upm.es\/recursosidi\/offers-resources\/sin categor\u00eda\/sistema-y-procedimiento-para-la-caracterizacion-electrica-de-centrales-fotovoltaicas-conectadas-a-la-red\/"},"modified":"2022-08-10T02:07:02","modified_gmt":"2022-08-10T00:07:02","slug":"sistema-y-procedimiento-para-la-caracterizacion-electrica-de-centrales-fotovoltaicas-conectadas-a-la-red","status":"publish","type":"product","link":"https:\/\/www.upm.es\/recursosidi\/offers-resources\/patentes\/sistema-y-procedimiento-para-la-caracterizacion-electrica-de-centrales-fotovoltaicas-conectadas-a-la-red\/","title":{"rendered":"Sistema y procedimiento para la caracterizaci\u00f3n el\u00e9ctrica de centrales fotovolt\u00e1icas conectadas a la red"},"content":{"rendered":"<h5>Descripci\u00f3n de la patente <\/h5>\n<p>Sistema y procedimiento para la caracterizaci\u00f3n el\u00e9ctrica de centrales fotovoltaicas conectadas a la red, que comprende un generador fotovoltaico (2), un inversor (4), y un contador de energ\u00eda (6) caracterizado porque comprende una primera etapa que consiste en medir de forma simult\u00e1nea, mediante un m\u00f3dulo fotovoltaico (1) utilizado como sensor, al menos, la radiaci\u00f3n solar y la temperatura de las c\u00e9lulas fotovoltaicas de dicho m\u00f3dulo (1); as\u00ed como medir la potencia el\u00e9ctrica,  mediante un vat\u00edmetro, en al menos dos puntos de medida (3) y (5) situados dentro de la central; y una segunda etapa que consiste en obtener, a partir de los medios de procesamiento (7), la potencia el\u00e9ctrica en un punto de la central y los par\u00e1metros de radiaci\u00f3n solar y temperatura medidos en la etapa anterior; as\u00ed como obtener la potencia el\u00e9ctrica en distintos puntos de la central.<\/p>\n<h5>Situaci\u00f3n <\/h5>\n<p>Concedida<\/p>\n<h5>N\u00famero de solicitud<\/h5>\n<p>P200930809<\/p>\n<h5>N\u00famero de publicaci\u00f3n<\/h5>\n<p>ES2382796<\/p>\n<h5>Fecha de presentaci\u00f3n <\/h5>\n<p>07\/10\/2009<\/p>\n<h5>Fecha de concesi\u00f3n <\/h5>\n<p>27\/09\/2012<\/p>\n<div class=\"pdfprnt-buttons pdfprnt-buttons-product pdfprnt-bottom-left\"><a href=\"https:\/\/www.upm.es\/recursosidi\/wp-json\/wp\/v2\/product\/8473?print=pdf\" class=\"pdfprnt-button pdfprnt-button-pdf\" target=\"_blank\"><span class=\"pdfprnt-button-title pdfprnt-button-pdf-title\">Descargar ficha<\/span><\/a><\/div>","protected":false},"excerpt":{"rendered":"<p>Descripci\u00f3n de la patente Sistema y procedimiento para la caracterizaci\u00f3n el\u00e9ctrica de centrales fotovoltaicas conectadas a la red, que comprende un generador fotovoltaico (2), un&hellip;<\/p>\n","protected":false},"featured_media":0,"template":"","meta":{"_acf_changed":false},"product_cat":[3946],"product_tag":[],"comunidades-upm":[],"quien":[],"mapa":[],"disponibilidad":[],"donde":[{"term_id":600,"name":"Generaci\u00f3n Distribuida Renovable y Control Inteligente","slug":"generacion-distribuida-renovable-y-control-inteligente","term_group":0,"term_taxonomy_id":600,"taxonomy":"donde","description":"","parent":0,"count":10,"filter":"raw","term_order":"0"},{"term_id":236,"name":"Instituto de Energ\u00eda Solar (IES)","slug":"instituto-de-energia-solar-ies","term_group":0,"term_taxonomy_id":236,"taxonomy":"donde","description":"","parent":0,"count":41,"filter":"raw","term_order":"0"},{"term_id":554,"name":"Sistemas Fotovoltaicos","slug":"sistemas-fotovoltaicos","term_group":0,"term_taxonomy_id":554,"taxonomy":"donde","description":"","parent":0,"count":10,"filter":"raw","term_order":"0"}],"infraestructura":[],"ods":[],"origen":[{"term_id":180,"name":"Patente","slug":"patente","term_group":0,"term_taxonomy_id":180,"taxonomy":"origen","description":"","parent":0,"count":614,"filter":"raw","term_order":"0"}],"familia_tax":false,"quien_tax":false,"donde_tax":false,"year":"","contacto":"<strong>Principales: <\/strong><ul><li>ANTONIO-P.EDUARDO LORENZO PIGUEIRAS <blockquote><strong>antonio.lorenzo@upm.es<\/strong><\/blockquote><\/li><li>FEDERICO JAVIER MU\u00d1OZ CANO <blockquote><strong>javier.munoz@upm.es<\/strong><\/blockquote><\/li><li>LUIS NARVARTE FERNANDEZ <blockquote><strong>luis.narvarte@upm.es<\/strong><\/blockquote><\/li><\/ul><strong>Otros inventores UPM: <\/strong><ul><li>Francisco Mart\u00ednez Moreno<\/li><li>Rodrigo Moret\u00f3n Villagr\u00e1<\/li><\/ul>","telefono":"","pagina_web":"","email":"","id_ficha_portal":"460","video":"","adjuntos":false,"adjuntos_portal":"https:\/\/www.upm.es\/S2i\/Acuse\/recuperarArchivo.jsp?id=460&id_archivo=1116&tipo=patente&extension=fichero ","inf":false,"departamento":"","acf":[],"lang":"es","translation":{"es":8473},"_links":{"self":[{"href":"https:\/\/www.upm.es\/recursosidi\/wp-json\/wp\/v2\/product\/8473"}],"collection":[{"href":"https:\/\/www.upm.es\/recursosidi\/wp-json\/wp\/v2\/product"}],"about":[{"href":"https:\/\/www.upm.es\/recursosidi\/wp-json\/wp\/v2\/types\/product"}],"wp:attachment":[{"href":"https:\/\/www.upm.es\/recursosidi\/wp-json\/wp\/v2\/media?parent=8473"}],"wp:term":[{"taxonomy":"product_cat","embeddable":true,"href":"https:\/\/www.upm.es\/recursosidi\/wp-json\/wp\/v2\/product_cat?post=8473"},{"taxonomy":"product_tag","embeddable":true,"href":"https:\/\/www.upm.es\/recursosidi\/wp-json\/wp\/v2\/product_tag?post=8473"},{"taxonomy":"comunidad_upm","embeddable":true,"href":"https:\/\/www.upm.es\/recursosidi\/wp-json\/wp\/v2\/comunidades-upm?post=8473"},{"taxonomy":"quien","embeddable":true,"href":"https:\/\/www.upm.es\/recursosidi\/wp-json\/wp\/v2\/quien?post=8473"},{"taxonomy":"mapa","embeddable":true,"href":"https:\/\/www.upm.es\/recursosidi\/wp-json\/wp\/v2\/mapa?post=8473"},{"taxonomy":"disponibilidad","embeddable":true,"href":"https:\/\/www.upm.es\/recursosidi\/wp-json\/wp\/v2\/disponibilidad?post=8473"},{"taxonomy":"donde","embeddable":true,"href":"https:\/\/www.upm.es\/recursosidi\/wp-json\/wp\/v2\/donde?post=8473"},{"taxonomy":"infraestructura","embeddable":true,"href":"https:\/\/www.upm.es\/recursosidi\/wp-json\/wp\/v2\/infraestructura?post=8473"},{"taxonomy":"ods","embeddable":true,"href":"https:\/\/www.upm.es\/recursosidi\/wp-json\/wp\/v2\/ods?post=8473"},{"taxonomy":"origen","embeddable":true,"href":"https:\/\/www.upm.es\/recursosidi\/wp-json\/wp\/v2\/origen?post=8473"}],"curies":[{"name":"wp","href":"https:\/\/api.w.org\/{rel}","templated":true}]}}