{"id":8475,"date":"2021-11-25T14:09:09","date_gmt":"2021-11-25T13:09:09","guid":{"rendered":"https:\/\/www.upm.es\/recursosidi\/offers-resources\/sin categor\u00eda\/metodo-y-sistema-de-generacion-de-un-flujo-de-transporte-corregido-a-partir-de-un-flujo-de-transporte-original-de-television-digital\/"},"modified":"2022-08-10T02:07:07","modified_gmt":"2022-08-10T00:07:07","slug":"metodo-y-sistema-de-generacion-de-un-flujo-de-transporte-corregido-a-partir-de-un-flujo-de-transporte-original-de-television-digital","status":"publish","type":"product","link":"https:\/\/www.upm.es\/recursosidi\/offers-resources\/patentes\/metodo-y-sistema-de-generacion-de-un-flujo-de-transporte-corregido-a-partir-de-un-flujo-de-transporte-original-de-television-digital\/","title":{"rendered":"M\u00e9todo y sistema de generaci\u00f3n de un flujo de transporte corregido a partir de un flujo de transporte original de televisi\u00f3n digital"},"content":{"rendered":"<h5>Descripci\u00f3n de la patente <\/h5>\n<p>M\u00e9todo y sistema de generaci\u00f3n de un flujo de transporte corregido (2) a partir de<br \/>\nun flujo de transporte original (1) que demultiplexa un flujo de datos de<br \/>\nse\u00f1alizaci\u00f3n que comprende informaci\u00f3n de se\u00f1alizaci\u00f3n (8) en la que se indica si<br \/>\nen el flujo de transporte original se multiplexa un flujo de datos de un servicio de<br \/>\naccesibilidad (9), verifica si dicha informaci\u00f3n es correcta, y en caso contrario,<br \/>\ngenera el flujo de transporte corregido (2) sustituyendo dicha informaci\u00f3n de<br \/>\nse\u00f1alizaci\u00f3n (8).<\/p>\n<h5>Situaci\u00f3n <\/h5>\n<p>Concedida<\/p>\n<h5>N\u00famero de solicitud<\/h5>\n<p>P200930884<\/p>\n<h5>N\u00famero de publicaci\u00f3n<\/h5>\n<p>ES2358145<\/p>\n<h5>Fecha de presentaci\u00f3n <\/h5>\n<p>21\/10\/2009<\/p>\n<h5>Fecha de concesi\u00f3n <\/h5>\n<p>12\/03\/2012<\/p>\n<div class=\"pdfprnt-buttons pdfprnt-buttons-product pdfprnt-bottom-left\"><a href=\"https:\/\/www.upm.es\/recursosidi\/wp-json\/wp\/v2\/product\/8475?print=pdf\" class=\"pdfprnt-button pdfprnt-button-pdf\" target=\"_blank\"><span class=\"pdfprnt-button-title pdfprnt-button-pdf-title\">Descargar ficha<\/span><\/a><\/div>","protected":false},"excerpt":{"rendered":"<p>Descripci\u00f3n de la patente M\u00e9todo y sistema de generaci\u00f3n de un flujo de transporte corregido (2) a partir de un flujo de transporte original (1)&hellip;<\/p>\n","protected":false},"featured_media":0,"template":"","meta":{"_acf_changed":false},"product_cat":[3946],"product_tag":[],"comunidades-upm":[],"quien":[],"mapa":[],"disponibilidad":[],"donde":[{"term_id":466,"name":"Grupo de Aplicaci\u00f3n de Telecomunicaciones Visuales (GATV)","slug":"grupo-de-aplicacion-de-telecomunicaciones-visuales-gatv","term_group":0,"term_taxonomy_id":466,"taxonomy":"donde","description":"Las principales <strong>l&iacute;neas de investigaci&oacute;n<\/strong> llevadas a cabo por el grupo son:\n&nbsp;\n\nComunicaciones Visuales\nVisi&oacute;n Artificial\nSistemas de telecomunicaci&oacute;n y teledetecci&oacute;n\nGesti&oacute;n y producci&oacute;n de media en red\nTelevisi&oacute;n digital\nAplicaciones del procesado de se&ntilde;al y comunicaciones en Sistemas Inteligentes de Transporte (Intelligent Transportation Systems - ITS)\nCodificaci&oacute;n y procesado digital de v&iacute;deo\nMedici&oacute;n de audiencias en tecnolog&iacute;as emergentes de transmisi&oacute;n de v&iacute;deo\nInteractividad (HbbTV) y accesibilidad a los medios audiovisualesIngenier&iacute;a de sistemas DVB\n","parent":0,"count":8,"filter":"raw","term_order":"0"},{"term_id":642,"name":"Information Processing and Telecommunications Center (IPTC)","slug":"information-processing-and-telecommunications-center-iptc","term_group":0,"term_taxonomy_id":642,"taxonomy":"donde","description":"","parent":0,"count":74,"filter":"raw","term_order":"0"}],"infraestructura":[],"ods":[],"origen":[{"term_id":180,"name":"Patente","slug":"patente","term_group":0,"term_taxonomy_id":180,"taxonomy":"origen","description":"","parent":0,"count":614,"filter":"raw","term_order":"0"}],"familia_tax":false,"quien_tax":false,"donde_tax":false,"year":"","contacto":"<strong>Principales: <\/strong><ul><li>GUILLERMO CISNEROS PEREZ <blockquote><strong>guillermo.cisneros@upm.es<\/strong><\/blockquote><\/li><li>JOSE MANUEL MENENDEZ GARCIA <blockquote><strong>jm.menendez@upm.es<\/strong><\/blockquote><\/li><li>FEDERICO ALVAREZ GARCIA <blockquote><strong>federico.alvarez@upm.es<\/strong><\/blockquote><\/li><li>DAVID JIMENEZ BERMEJO <blockquote><strong>david.jimenezb@upm.es<\/strong><\/blockquote><\/li><li>Carlos Alberto Mart\u00edn Edo <blockquote><strong>carlosalberto.martin@upm.es<\/strong><\/blockquote><\/li><li>MAR\u00cdA LARA GARC\u00cdA VALBUENA <blockquote><strong>lara.garcia@upm.es<\/strong><\/blockquote><\/li><\/ul><strong>Otros inventores: <\/strong><ul><li>Francisco Utray Delgado UC3M - Universidad Carlos III<\/li> <li>Bel\u00e9n Ruiz Mezcua UC3M - Universidad Carlos III<\/li> <li>Mercedes de Castro \u00c1lvarez UC3M - Universidad Carlos III<\/li> <li>Jos\u00e9 Manuel S\u00e1nchez Pena UC3M - Universidad Carlos III<\/li> <\/ul>","telefono":"","pagina_web":"","email":"","id_ficha_portal":"463","video":"","adjuntos":false,"adjuntos_portal":"","inf":false,"departamento":"","acf":[],"lang":"es","translation":{"es":8475},"_links":{"self":[{"href":"https:\/\/www.upm.es\/recursosidi\/wp-json\/wp\/v2\/product\/8475"}],"collection":[{"href":"https:\/\/www.upm.es\/recursosidi\/wp-json\/wp\/v2\/product"}],"about":[{"href":"https:\/\/www.upm.es\/recursosidi\/wp-json\/wp\/v2\/types\/product"}],"wp:attachment":[{"href":"https:\/\/www.upm.es\/recursosidi\/wp-json\/wp\/v2\/media?parent=8475"}],"wp:term":[{"taxonomy":"product_cat","embeddable":true,"href":"https:\/\/www.upm.es\/recursosidi\/wp-json\/wp\/v2\/product_cat?post=8475"},{"taxonomy":"product_tag","embeddable":true,"href":"https:\/\/www.upm.es\/recursosidi\/wp-json\/wp\/v2\/product_tag?post=8475"},{"taxonomy":"comunidad_upm","embeddable":true,"href":"https:\/\/www.upm.es\/recursosidi\/wp-json\/wp\/v2\/comunidades-upm?post=8475"},{"taxonomy":"quien","embeddable":true,"href":"https:\/\/www.upm.es\/recursosidi\/wp-json\/wp\/v2\/quien?post=8475"},{"taxonomy":"mapa","embeddable":true,"href":"https:\/\/www.upm.es\/recursosidi\/wp-json\/wp\/v2\/mapa?post=8475"},{"taxonomy":"disponibilidad","embeddable":true,"href":"https:\/\/www.upm.es\/recursosidi\/wp-json\/wp\/v2\/disponibilidad?post=8475"},{"taxonomy":"donde","embeddable":true,"href":"https:\/\/www.upm.es\/recursosidi\/wp-json\/wp\/v2\/donde?post=8475"},{"taxonomy":"infraestructura","embeddable":true,"href":"https:\/\/www.upm.es\/recursosidi\/wp-json\/wp\/v2\/infraestructura?post=8475"},{"taxonomy":"ods","embeddable":true,"href":"https:\/\/www.upm.es\/recursosidi\/wp-json\/wp\/v2\/ods?post=8475"},{"taxonomy":"origen","embeddable":true,"href":"https:\/\/www.upm.es\/recursosidi\/wp-json\/wp\/v2\/origen?post=8475"}],"curies":[{"name":"wp","href":"https:\/\/api.w.org\/{rel}","templated":true}]}}