{"id":8476,"date":"2021-11-25T14:09:11","date_gmt":"2021-11-25T13:09:11","guid":{"rendered":"https:\/\/www.upm.es\/recursosidi\/offers-resources\/sin%20categor\u00eda\/metodo-y-sistema-para-la-transmision-de-pulsos-opticos-a-traves-de-medios-dispersivos\/"},"modified":"2022-08-10T02:07:10","modified_gmt":"2022-08-10T00:07:10","slug":"metodo-y-sistema-para-la-transmision-de-pulsos-opticos-a-traves-de-medios-dispersivos","status":"publish","type":"product","link":"https:\/\/www.upm.es\/recursosidi\/offers-resources\/patentes\/metodo-y-sistema-para-la-transmision-de-pulsos-opticos-a-traves-de-medios-dispersivos\/","title":{"rendered":"M\u00e9todo y sistema para la transmisi\u00f3n de pulsos \u00f3pticos a trav\u00e9s de medios dispersivos"},"content":{"rendered":"<h5>Descripci\u00f3n de la patente <\/h5>\n<p>Una secuencia de pulsos \u00f3pticos (1), pasa por un conformador \u00f3ptico (2) para darle la forma de pulso apropiada para la transmisi\u00f3n invariante por un canal \u00f3ptico dispersivo (3), en el que el t\u00e9rmino de dispersi\u00f3n dominante es dispersi\u00f3n crom\u00e1tica lineal, y la secuencia de pulsos llega a un receptor (4), que procesa la se\u00f1al recibida en los dominios \u00f3ptico y\/o el\u00e9ctrico. El pulso conformado permanece esencialmente inalterado al propagarse con un medio cuya componente dispersiva dominante es la dispersi\u00f3n crom\u00e1tica de segundo orden.<br \/>\nEste m\u00e9todo evita la introducci\u00f3n de elementos de compensaci\u00f3n de dispersi\u00f3n de segundo orden adaptables en el receptor, transmitiendo pulsos \u00f3pticos cuya forma permanece b\u00e1sicamente inalterada al propagarse por el canal \u00f3ptico dispersivo. <\/p>\n<h5>Situaci\u00f3n <\/h5>\n<p>Concedida<\/p>\n<h5>N\u00famero de solicitud<\/h5>\n<p>P201030114<\/p>\n<h5>N\u00famero de publicaci\u00f3n<\/h5>\n<p>ES2364935<\/p>\n<h5>Fecha de presentaci\u00f3n <\/h5>\n<p>29\/01\/2010<\/p>\n<h5>Fecha de concesi\u00f3n <\/h5>\n<p>02\/02\/2012<\/p>\n<div class=\"pdfprnt-buttons pdfprnt-buttons-product pdfprnt-bottom-left\"><a href=\"https:\/\/www.upm.es\/recursosidi\/wp-json\/wp\/v2\/product\/8476?print=pdf\" class=\"pdfprnt-button pdfprnt-button-pdf\" target=\"_blank\"><span class=\"pdfprnt-button-title pdfprnt-button-pdf-title\">Descargar ficha<\/span><\/a><\/div>","protected":false},"excerpt":{"rendered":"<p>Descripci\u00f3n de la patente Una secuencia de pulsos \u00f3pticos (1), pasa por un conformador \u00f3ptico (2) para darle la forma de pulso apropiada para la&hellip;<\/p>\n","protected":false},"featured_media":0,"template":"","meta":{"_acf_changed":false},"product_cat":[3946],"product_tag":[],"comunidades-upm":[],"quien":[],"mapa":[],"disponibilidad":[],"donde":[{"term_id":42,"name":"UPM","slug":"upm","term_group":0,"term_taxonomy_id":42,"taxonomy":"donde","description":"Universidad Polit\u00e9cnica de Madrid\r\nHTML \"Lorem ipsum dolor sit amet, consectetur adipiscing elit, sed do eiusmod tempor incididunt ut labore et dolore magna aliqua. Ut enim ad minim veniam, quis nostrud exercitation ullamco laboris nisi ut aliquip ex ea commodo consequat. Duis aute irure dolor in reprehenderit in voluptate velit esse cillum dolore eu fugiat nulla pariatur. Excepteur sint occaecat cupidatat non proident, sunt in culpa qui officia deserunt mollit anim id est laborum.\"","parent":0,"count":146,"filter":"raw","term_order":"0"}],"infraestructura":[],"ods":[],"origen":[{"term_id":180,"name":"Patente","slug":"patente","term_group":0,"term_taxonomy_id":180,"taxonomy":"origen","description":"","parent":0,"count":614,"filter":"raw","term_order":"0"}],"familia_tax":false,"quien_tax":false,"donde_tax":false,"year":"","contacto":"<ul><li><blockquote><strong>otri.investigacion@upm.es<\/strong><\/blockquote><\/li><\/ul>","telefono":"","pagina_web":"","email":"","id_ficha_portal":"485","video":"","adjuntos":false,"adjuntos_portal":"https:\/\/www.upm.es\/S2i\/Acuse\/recuperarArchivo.jsp?id=485&id_archivo=561&tipo=patente&extension=fichero ","inf":false,"departamento":"","acf":[],"lang":"es","translation":{"es":8476},"_links":{"self":[{"href":"https:\/\/www.upm.es\/recursosidi\/wp-json\/wp\/v2\/product\/8476"}],"collection":[{"href":"https:\/\/www.upm.es\/recursosidi\/wp-json\/wp\/v2\/product"}],"about":[{"href":"https:\/\/www.upm.es\/recursosidi\/wp-json\/wp\/v2\/types\/product"}],"wp:attachment":[{"href":"https:\/\/www.upm.es\/recursosidi\/wp-json\/wp\/v2\/media?parent=8476"}],"wp:term":[{"taxonomy":"product_cat","embeddable":true,"href":"https:\/\/www.upm.es\/recursosidi\/wp-json\/wp\/v2\/product_cat?post=8476"},{"taxonomy":"product_tag","embeddable":true,"href":"https:\/\/www.upm.es\/recursosidi\/wp-json\/wp\/v2\/product_tag?post=8476"},{"taxonomy":"comunidad_upm","embeddable":true,"href":"https:\/\/www.upm.es\/recursosidi\/wp-json\/wp\/v2\/comunidades-upm?post=8476"},{"taxonomy":"quien","embeddable":true,"href":"https:\/\/www.upm.es\/recursosidi\/wp-json\/wp\/v2\/quien?post=8476"},{"taxonomy":"mapa","embeddable":true,"href":"https:\/\/www.upm.es\/recursosidi\/wp-json\/wp\/v2\/mapa?post=8476"},{"taxonomy":"disponibilidad","embeddable":true,"href":"https:\/\/www.upm.es\/recursosidi\/wp-json\/wp\/v2\/disponibilidad?post=8476"},{"taxonomy":"donde","embeddable":true,"href":"https:\/\/www.upm.es\/recursosidi\/wp-json\/wp\/v2\/donde?post=8476"},{"taxonomy":"infraestructura","embeddable":true,"href":"https:\/\/www.upm.es\/recursosidi\/wp-json\/wp\/v2\/infraestructura?post=8476"},{"taxonomy":"ods","embeddable":true,"href":"https:\/\/www.upm.es\/recursosidi\/wp-json\/wp\/v2\/ods?post=8476"},{"taxonomy":"origen","embeddable":true,"href":"https:\/\/www.upm.es\/recursosidi\/wp-json\/wp\/v2\/origen?post=8476"}],"curies":[{"name":"wp","href":"https:\/\/api.w.org\/{rel}","templated":true}]}}