{"id":8477,"date":"2021-11-25T14:09:14","date_gmt":"2021-11-25T13:09:14","guid":{"rendered":"https:\/\/www.upm.es\/recursosidi\/offers-resources\/sin categor\u00eda\/sistema-raid-escalonado-y-metodo-de-almacenamiento-multimedia\/"},"modified":"2022-08-10T02:07:14","modified_gmt":"2022-08-10T00:07:14","slug":"sistema-raid-escalonado-y-metodo-de-almacenamiento-multimedia","status":"publish","type":"product","link":"https:\/\/www.upm.es\/recursosidi\/offers-resources\/patentes\/sistema-raid-escalonado-y-metodo-de-almacenamiento-multimedia\/","title":{"rendered":"Sistema RAID escalonado y m\u00e9todo de almacenamiento multimedia"},"content":{"rendered":"<h5>Descripci\u00f3n de la patente <\/h5>\n<p>Sistema RAID escalonado que comprende: una pluralidad de discos duros configurados para almacenar datos; un controlador configurado para recibir y gestionar \u00f3rdenes que comprende: una estructura de datos central configurada para gestionar el tratamiento de los distintos datos de cada fichero, mapear la ubicaci\u00f3n de las partes de los ficheros y actualizar sus punteros; un m\u00f3dulo receptor de peticiones configurado para capturar las peticiones de entrada\/salida; un m\u00f3dulo de datos configurado para almacenar la configuraci\u00f3n de tratamiento de los distintos datos de cada tipo de fichero, el mapeado de ficheros y la ubicaci\u00f3n f\u00edsica de los ficheros y de los punteros; un m\u00f3dulo de dispersi\u00f3n configurado para analizar la entrada y dividirla en diferentes conjuntos de datos para su almacenamiento en los RAIDs; un m\u00f3dulo concentrador configurado para recibir datos y reconstruir la estructura para devolverlos ordenadamente; y un m\u00f3dulo de ejecuci\u00f3n configurado para enviar los comandos a los RAIDs.<\/p>\n<h5>Situaci\u00f3n <\/h5>\n<p>Concedida<\/p>\n<h5>N\u00famero de solicitud<\/h5>\n<p>P201030169<\/p>\n<h5>N\u00famero de publicaci\u00f3n<\/h5>\n<p>ES2363956<\/p>\n<h5>Fecha de presentaci\u00f3n <\/h5>\n<p>09\/02\/2010<\/p>\n<h5>Fecha de concesi\u00f3n <\/h5>\n<p>01\/06\/2012<\/p>\n<div class=\"pdfprnt-buttons pdfprnt-buttons-product pdfprnt-bottom-left\"><a href=\"https:\/\/www.upm.es\/recursosidi\/wp-json\/wp\/v2\/product\/8477?print=pdf\" class=\"pdfprnt-button pdfprnt-button-pdf\" target=\"_blank\"><span class=\"pdfprnt-button-title pdfprnt-button-pdf-title\">Descargar ficha<\/span><\/a><\/div>","protected":false},"excerpt":{"rendered":"<p>Descripci\u00f3n de la patente Sistema RAID escalonado que comprende: una pluralidad de discos duros configurados para almacenar datos; un controlador configurado para recibir y gestionar&hellip;<\/p>\n","protected":false},"featured_media":0,"template":"","meta":{"_acf_changed":false},"product_cat":[3946],"product_tag":[],"comunidades-upm":[],"quien":[],"mapa":[],"disponibilidad":[],"donde":[{"term_id":522,"name":"Grupo de Validaci\u00f3n y Aplicaciones Industriales","slug":"grupo-de-validacion-y-aplicaciones-industriales","term_group":0,"term_taxonomy_id":522,"taxonomy":"donde","description":"","parent":0,"count":7,"filter":"raw","term_order":"0"}],"infraestructura":[],"ods":[],"origen":[{"term_id":180,"name":"Patente","slug":"patente","term_group":0,"term_taxonomy_id":180,"taxonomy":"origen","description":"","parent":0,"count":614,"filter":"raw","term_order":"0"}],"familia_tax":false,"quien_tax":false,"donde_tax":false,"year":"","contacto":"<strong>Principales: <\/strong><ul><li>EUGENIO SANTOS MENENDEZ <blockquote><strong>eugenio.santos@upm.es<\/strong><\/blockquote><\/li><li>JESUS MARTINEZ BARBERO <blockquote><strong>jesus.martinezb@upm.es<\/strong><\/blockquote><\/li><\/ul>","telefono":"","pagina_web":"","email":"","id_ficha_portal":"492","video":"","adjuntos":false,"adjuntos_portal":"https:\/\/www.upm.es\/S2i\/Acuse\/recuperarArchivo.jsp?id=492&id_archivo=716&tipo=patente&extension=fichero ","inf":false,"departamento":"","acf":[],"lang":"es","translation":{"es":8477},"_links":{"self":[{"href":"https:\/\/www.upm.es\/recursosidi\/wp-json\/wp\/v2\/product\/8477"}],"collection":[{"href":"https:\/\/www.upm.es\/recursosidi\/wp-json\/wp\/v2\/product"}],"about":[{"href":"https:\/\/www.upm.es\/recursosidi\/wp-json\/wp\/v2\/types\/product"}],"wp:attachment":[{"href":"https:\/\/www.upm.es\/recursosidi\/wp-json\/wp\/v2\/media?parent=8477"}],"wp:term":[{"taxonomy":"product_cat","embeddable":true,"href":"https:\/\/www.upm.es\/recursosidi\/wp-json\/wp\/v2\/product_cat?post=8477"},{"taxonomy":"product_tag","embeddable":true,"href":"https:\/\/www.upm.es\/recursosidi\/wp-json\/wp\/v2\/product_tag?post=8477"},{"taxonomy":"comunidad_upm","embeddable":true,"href":"https:\/\/www.upm.es\/recursosidi\/wp-json\/wp\/v2\/comunidades-upm?post=8477"},{"taxonomy":"quien","embeddable":true,"href":"https:\/\/www.upm.es\/recursosidi\/wp-json\/wp\/v2\/quien?post=8477"},{"taxonomy":"mapa","embeddable":true,"href":"https:\/\/www.upm.es\/recursosidi\/wp-json\/wp\/v2\/mapa?post=8477"},{"taxonomy":"disponibilidad","embeddable":true,"href":"https:\/\/www.upm.es\/recursosidi\/wp-json\/wp\/v2\/disponibilidad?post=8477"},{"taxonomy":"donde","embeddable":true,"href":"https:\/\/www.upm.es\/recursosidi\/wp-json\/wp\/v2\/donde?post=8477"},{"taxonomy":"infraestructura","embeddable":true,"href":"https:\/\/www.upm.es\/recursosidi\/wp-json\/wp\/v2\/infraestructura?post=8477"},{"taxonomy":"ods","embeddable":true,"href":"https:\/\/www.upm.es\/recursosidi\/wp-json\/wp\/v2\/ods?post=8477"},{"taxonomy":"origen","embeddable":true,"href":"https:\/\/www.upm.es\/recursosidi\/wp-json\/wp\/v2\/origen?post=8477"}],"curies":[{"name":"wp","href":"https:\/\/api.w.org\/{rel}","templated":true}]}}