{"id":8478,"date":"2021-11-25T14:09:17","date_gmt":"2021-11-25T13:09:17","guid":{"rendered":"https:\/\/www.upm.es\/recursosidi\/offers-resources\/sin categor\u00eda\/elemento-constructivo-con-matriz-de-yeso-o-escayola\/"},"modified":"2022-08-10T02:07:17","modified_gmt":"2022-08-10T00:07:17","slug":"elemento-constructivo-con-matriz-de-yeso-o-escayola","status":"publish","type":"product","link":"https:\/\/www.upm.es\/recursosidi\/offers-resources\/patentes\/elemento-constructivo-con-matriz-de-yeso-o-escayola\/","title":{"rendered":"Elemento constructivo con matriz de yeso o escayola"},"content":{"rendered":"<h5>Descripci\u00f3n de la patente <\/h5>\n<p>La presente invenci\u00f3n se refiere a un material para elementos constructivos compuesto por un yeso o escayola que, manteniendo las caracter\u00edsticas f\u00edsicas y mec\u00e1nicas exigidas por la normativa de aplicaci\u00f3n (en funci\u00f3n del uso), multiplica por cinco su capacidad de almacenamiento t\u00e9rmico mediante la adici\u00f3n directa de materiales de cambio de fase microencapsulados y el refuerzo de la mezcla con adici\u00f3n de fibras de polipropileno y melamina formaldeh\u00eddo. Con este compuesto se elaboran paneles prefabricados para revestimiento interior de paramentos verticales (cerramientos exteriores y divisiones interiores) con gran inercia t\u00e9rmica. <\/p>\n<h5>Situaci\u00f3n <\/h5>\n<p>Concedida<\/p>\n<h5>N\u00famero de solicitud<\/h5>\n<p>P201030297<\/p>\n<h5>N\u00famero de publicaci\u00f3n<\/h5>\n<p>ES2346282<\/p>\n<h5>Fecha de presentaci\u00f3n <\/h5>\n<p>01\/03\/2010<\/p>\n<h5>Fecha de concesi\u00f3n <\/h5>\n<p>27\/04\/2011<\/p>\n<div class=\"pdfprnt-buttons pdfprnt-buttons-product pdfprnt-bottom-left\"><a href=\"https:\/\/www.upm.es\/recursosidi\/wp-json\/wp\/v2\/product\/8478?print=pdf\" class=\"pdfprnt-button pdfprnt-button-pdf\" target=\"_blank\"><span class=\"pdfprnt-button-title pdfprnt-button-pdf-title\">Descargar ficha<\/span><\/a><\/div>","protected":false},"excerpt":{"rendered":"<p>Descripci\u00f3n de la patente La presente invenci\u00f3n se refiere a un material para elementos constructivos compuesto por un yeso o escayola que, manteniendo las caracter\u00edsticas&hellip;<\/p>\n","protected":false},"featured_media":0,"template":"","meta":{"_acf_changed":false},"product_cat":[3946],"product_tag":[],"comunidades-upm":[],"quien":[],"mapa":[],"disponibilidad":[],"donde":[{"term_id":260,"name":"Arquitectura Bioclim\u00e1tica en un entorno sostenible-ABIO","slug":"arquitectura-bioclimatica-en-un-entorno-sostenible-abio","term_group":0,"term_taxonomy_id":260,"taxonomy":"donde","description":"","parent":0,"count":19,"filter":"raw","term_order":"0"}],"infraestructura":[],"ods":[],"origen":[{"term_id":180,"name":"Patente","slug":"patente","term_group":0,"term_taxonomy_id":180,"taxonomy":"origen","description":"","parent":0,"count":614,"filter":"raw","term_order":"0"}],"familia_tax":false,"quien_tax":false,"donde_tax":false,"year":"","contacto":"<strong>Principales: <\/strong><ul><li>FCO. JAVIER NEILA GONZALEZ <blockquote><strong>fjavier.neila@upm.es<\/strong><\/blockquote><\/li><li>ALFONSO GARCIA SANTOS <blockquote><strong>alfonso.garciasantos@upm.es<\/strong><\/blockquote><\/li><\/ul><strong>Otros inventores UPM: <\/strong><ul><li>Alicia Oliver Ram\u00edrez<\/li><\/ul>","telefono":"","pagina_web":"","email":"","id_ficha_portal":"497","video":"","adjuntos":false,"adjuntos_portal":"https:\/\/www.upm.es\/S2i\/Acuse\/recuperarArchivo.jsp?id=497&id_archivo=693&tipo=patente&extension=fichero ","inf":false,"departamento":"","acf":[],"lang":"es","translation":{"es":8478},"_links":{"self":[{"href":"https:\/\/www.upm.es\/recursosidi\/wp-json\/wp\/v2\/product\/8478"}],"collection":[{"href":"https:\/\/www.upm.es\/recursosidi\/wp-json\/wp\/v2\/product"}],"about":[{"href":"https:\/\/www.upm.es\/recursosidi\/wp-json\/wp\/v2\/types\/product"}],"wp:attachment":[{"href":"https:\/\/www.upm.es\/recursosidi\/wp-json\/wp\/v2\/media?parent=8478"}],"wp:term":[{"taxonomy":"product_cat","embeddable":true,"href":"https:\/\/www.upm.es\/recursosidi\/wp-json\/wp\/v2\/product_cat?post=8478"},{"taxonomy":"product_tag","embeddable":true,"href":"https:\/\/www.upm.es\/recursosidi\/wp-json\/wp\/v2\/product_tag?post=8478"},{"taxonomy":"comunidad_upm","embeddable":true,"href":"https:\/\/www.upm.es\/recursosidi\/wp-json\/wp\/v2\/comunidades-upm?post=8478"},{"taxonomy":"quien","embeddable":true,"href":"https:\/\/www.upm.es\/recursosidi\/wp-json\/wp\/v2\/quien?post=8478"},{"taxonomy":"mapa","embeddable":true,"href":"https:\/\/www.upm.es\/recursosidi\/wp-json\/wp\/v2\/mapa?post=8478"},{"taxonomy":"disponibilidad","embeddable":true,"href":"https:\/\/www.upm.es\/recursosidi\/wp-json\/wp\/v2\/disponibilidad?post=8478"},{"taxonomy":"donde","embeddable":true,"href":"https:\/\/www.upm.es\/recursosidi\/wp-json\/wp\/v2\/donde?post=8478"},{"taxonomy":"infraestructura","embeddable":true,"href":"https:\/\/www.upm.es\/recursosidi\/wp-json\/wp\/v2\/infraestructura?post=8478"},{"taxonomy":"ods","embeddable":true,"href":"https:\/\/www.upm.es\/recursosidi\/wp-json\/wp\/v2\/ods?post=8478"},{"taxonomy":"origen","embeddable":true,"href":"https:\/\/www.upm.es\/recursosidi\/wp-json\/wp\/v2\/origen?post=8478"}],"curies":[{"name":"wp","href":"https:\/\/api.w.org\/{rel}","templated":true}]}}