{"id":8479,"date":"2021-11-25T14:09:19","date_gmt":"2021-11-25T13:09:19","guid":{"rendered":"https:\/\/www.upm.es\/recursosidi\/offers-resources\/sin categor\u00eda\/cerramiento-para-el-control-de-las-cargas-termicas-de-edificios\/"},"modified":"2022-08-10T02:07:19","modified_gmt":"2022-08-10T00:07:19","slug":"cerramiento-para-el-control-de-las-cargas-termicas-de-edificios","status":"publish","type":"product","link":"https:\/\/www.upm.es\/recursosidi\/offers-resources\/patentes\/cerramiento-para-el-control-de-las-cargas-termicas-de-edificios\/","title":{"rendered":"Cerramiento para el control de las cargas t\u00e9rmicas de edificios"},"content":{"rendered":"<h5>Descripci\u00f3n de la patente <\/h5>\n<p>Cerramiento para el control de las cargas t\u00e9rmicas de edificios que est\u00e1 formado por al menos un elemento de cerramiento fijado a la estructura del edificio, comprendiendo a su vez el elemento de cerramiento dos paneles (2) separados entre s\u00ed que est\u00e1n sellados perimetralmente componiendo una c\u00e1mara (1) por la que circula un fluido. Adicionalmente, el cerramiento tiene un circuito complementario (9) por el que circula el fluido, y con el cual intercambia calor, El circuito complementario (9) conecta con la c\u00e1mara (1) del elemento de cerramiento mediante conductos (5) de vaciado y llenado. La fijaci\u00f3n del elemento de cerramiento a la estructura del edificio se realiza por medio de fijaciones puntuales (4), las cuales incorporan en su interior los conductos (5) de vaciado y llenado de la c\u00e1mara (1) del elemento de cerramiento.<\/p>\n<h5>Situaci\u00f3n <\/h5>\n<p>Concedida<\/p>\n<h5>N\u00famero de solicitud<\/h5>\n<p>P201030328<\/p>\n<h5>N\u00famero de publicaci\u00f3n<\/h5>\n<p>ES2345092<\/p>\n<h5>Fecha de presentaci\u00f3n <\/h5>\n<p>08\/03\/2010<\/p>\n<h5>Fecha de concesi\u00f3n <\/h5>\n<p>11\/07\/2011<\/p>\n<div class=\"pdfprnt-buttons pdfprnt-buttons-product pdfprnt-bottom-left\"><a href=\"https:\/\/www.upm.es\/recursosidi\/wp-json\/wp\/v2\/product\/8479?print=pdf\" class=\"pdfprnt-button pdfprnt-button-pdf\" target=\"_blank\"><span class=\"pdfprnt-button-title pdfprnt-button-pdf-title\">Descargar ficha<\/span><\/a><\/div>","protected":false},"excerpt":{"rendered":"<p>Descripci\u00f3n de la patente Cerramiento para el control de las cargas t\u00e9rmicas de edificios que est\u00e1 formado por al menos un elemento de cerramiento fijado&hellip;<\/p>\n","protected":false},"featured_media":0,"template":"","meta":{"_acf_changed":false},"product_cat":[3946],"product_tag":[],"comunidades-upm":[],"quien":[],"mapa":[],"disponibilidad":[],"donde":[{"term_id":258,"name":"Innovaci\u00f3n en procesos urbanos y tecnolog\u00edas de la edificaci\u00f3n","slug":"innovacion-en-procesos-urbanos-y-tecnologias-de-la-edificacion","term_group":0,"term_taxonomy_id":258,"taxonomy":"donde","description":"","parent":0,"count":5,"filter":"raw","term_order":"0"}],"infraestructura":[],"ods":[],"origen":[{"term_id":180,"name":"Patente","slug":"patente","term_group":0,"term_taxonomy_id":180,"taxonomy":"origen","description":"","parent":0,"count":614,"filter":"raw","term_order":"0"}],"familia_tax":false,"quien_tax":false,"donde_tax":false,"year":"","contacto":"<strong>Principales: <\/strong><ul><li>BENITO LAURET AGUIRREGABIRIA <blockquote><strong>benito.lauret@upm.es<\/strong><\/blockquote><\/li><li>MARIA DEL CARMEN GIMENEZ MOLINA <blockquote><strong>mariadelcarmen.gimenez@upm.es<\/strong><\/blockquote><\/li><\/ul><strong>Otros inventores UPM: <\/strong><ul><li>Graciela Ovando Vacarezza<\/li><\/ul>","telefono":"","pagina_web":"","email":"","id_ficha_portal":"500","video":"","adjuntos":false,"adjuntos_portal":"https:\/\/www.upm.es\/S2i\/Acuse\/recuperarArchivo.jsp?id=500&id_archivo=647&tipo=patente&extension=fichero ","inf":false,"departamento":"","acf":[],"lang":"es","translation":{"es":8479},"_links":{"self":[{"href":"https:\/\/www.upm.es\/recursosidi\/wp-json\/wp\/v2\/product\/8479"}],"collection":[{"href":"https:\/\/www.upm.es\/recursosidi\/wp-json\/wp\/v2\/product"}],"about":[{"href":"https:\/\/www.upm.es\/recursosidi\/wp-json\/wp\/v2\/types\/product"}],"wp:attachment":[{"href":"https:\/\/www.upm.es\/recursosidi\/wp-json\/wp\/v2\/media?parent=8479"}],"wp:term":[{"taxonomy":"product_cat","embeddable":true,"href":"https:\/\/www.upm.es\/recursosidi\/wp-json\/wp\/v2\/product_cat?post=8479"},{"taxonomy":"product_tag","embeddable":true,"href":"https:\/\/www.upm.es\/recursosidi\/wp-json\/wp\/v2\/product_tag?post=8479"},{"taxonomy":"comunidad_upm","embeddable":true,"href":"https:\/\/www.upm.es\/recursosidi\/wp-json\/wp\/v2\/comunidades-upm?post=8479"},{"taxonomy":"quien","embeddable":true,"href":"https:\/\/www.upm.es\/recursosidi\/wp-json\/wp\/v2\/quien?post=8479"},{"taxonomy":"mapa","embeddable":true,"href":"https:\/\/www.upm.es\/recursosidi\/wp-json\/wp\/v2\/mapa?post=8479"},{"taxonomy":"disponibilidad","embeddable":true,"href":"https:\/\/www.upm.es\/recursosidi\/wp-json\/wp\/v2\/disponibilidad?post=8479"},{"taxonomy":"donde","embeddable":true,"href":"https:\/\/www.upm.es\/recursosidi\/wp-json\/wp\/v2\/donde?post=8479"},{"taxonomy":"infraestructura","embeddable":true,"href":"https:\/\/www.upm.es\/recursosidi\/wp-json\/wp\/v2\/infraestructura?post=8479"},{"taxonomy":"ods","embeddable":true,"href":"https:\/\/www.upm.es\/recursosidi\/wp-json\/wp\/v2\/ods?post=8479"},{"taxonomy":"origen","embeddable":true,"href":"https:\/\/www.upm.es\/recursosidi\/wp-json\/wp\/v2\/origen?post=8479"}],"curies":[{"name":"wp","href":"https:\/\/api.w.org\/{rel}","templated":true}]}}