{"id":8480,"date":"2021-11-25T14:09:22","date_gmt":"2021-11-25T13:09:22","guid":{"rendered":"https:\/\/www.upm.es\/recursosidi\/offers-resources\/sin categor\u00eda\/sistema-y-metodo-de-proteccion-no-direccional-para-deteccion-selectiva-de-faltas-a-tierra-en-redes-con-neutro-aislado\/"},"modified":"2022-08-10T02:07:22","modified_gmt":"2022-08-10T00:07:22","slug":"sistema-y-metodo-de-proteccion-no-direccional-para-deteccion-selectiva-de-faltas-a-tierra-en-redes-con-neutro-aislado","status":"publish","type":"product","link":"https:\/\/www.upm.es\/recursosidi\/offers-resources\/patentes\/sistema-y-metodo-de-proteccion-no-direccional-para-deteccion-selectiva-de-faltas-a-tierra-en-redes-con-neutro-aislado\/","title":{"rendered":"Sistema y m\u00e9todo de protecci\u00f3n no direccional para detecci\u00f3n selectiva de faltas a tierra en redes con neutro aislado"},"content":{"rendered":"<h5>Descripci\u00f3n de la patente <\/h5>\n<p>La presente invenci\u00f3n es un nuevo sistema y m\u00e9todo de detecci\u00f3n de faltas monof\u00e1sicas a tierra en redes de energ\u00eda el\u00e9ctrica con neutro aislado de tierra. Este nuevo sistema ofrece una total selectividad en la detecci\u00f3n de la zona en situaci\u00f3n de falta evitando disparos no deseados por errores en la conexi\u00f3n de la polaridad de los transformadores de intensidad de protecci\u00f3n o por errores de programaci\u00f3n de la direcci\u00f3n en los rel\u00e9s de protecci\u00f3n direccionales empleados actualmente.<\/p>\n<h5>Situaci\u00f3n <\/h5>\n<p>Concedida<\/p>\n<h5>N\u00famero de solicitud<\/h5>\n<p>P201000510<\/p>\n<h5>N\u00famero de publicaci\u00f3n<\/h5>\n<p>ES2374345<\/p>\n<h5>Fecha de presentaci\u00f3n <\/h5>\n<p>21\/04\/2010<\/p>\n<h5>Fecha de concesi\u00f3n <\/h5>\n<p>30\/01\/2013<\/p>\n<div class=\"pdfprnt-buttons pdfprnt-buttons-product pdfprnt-bottom-left\"><a href=\"https:\/\/www.upm.es\/recursosidi\/wp-json\/wp\/v2\/product\/8480?print=pdf\" class=\"pdfprnt-button pdfprnt-button-pdf\" target=\"_blank\"><span class=\"pdfprnt-button-title pdfprnt-button-pdf-title\">Descargar ficha<\/span><\/a><\/div>","protected":false},"excerpt":{"rendered":"<p>Descripci\u00f3n de la patente La presente invenci\u00f3n es un nuevo sistema y m\u00e9todo de detecci\u00f3n de faltas monof\u00e1sicas a tierra en redes de energ\u00eda el\u00e9ctrica&hellip;<\/p>\n","protected":false},"featured_media":0,"template":"","meta":{"_acf_changed":false},"product_cat":[3946],"product_tag":[],"comunidades-upm":[],"quien":[],"mapa":[],"disponibilidad":[],"donde":[{"term_id":374,"name":"Generaci\u00f3n el\u00e9ctrica con energ\u00eda e\u00f3lica","slug":"generacion-electrica-con-energia-eolica","term_group":0,"term_taxonomy_id":374,"taxonomy":"donde","description":"","parent":0,"count":70,"filter":"raw","term_order":"0"},{"term_id":656,"name":"Redes e instalaciones de baja y alta tensi\u00f3n","slug":"redes-e-instalaciones-de-baja-y-alta-tension","term_group":0,"term_taxonomy_id":656,"taxonomy":"donde","description":"","parent":0,"count":16,"filter":"raw","term_order":"0"}],"infraestructura":[],"ods":[],"origen":[{"term_id":180,"name":"Patente","slug":"patente","term_group":0,"term_taxonomy_id":180,"taxonomy":"origen","description":"","parent":0,"count":614,"filter":"raw","term_order":"0"}],"familia_tax":false,"quien_tax":false,"donde_tax":false,"year":"","contacto":"<strong>Principales: <\/strong><ul><li>FRANCISCO BLAZQUEZ GARCIA <blockquote><strong>francisco.blazquez@upm.es<\/strong><\/blockquote><\/li><li>RICARDO GRANIZO ARRABE <blockquote><strong>ricardo.granizo@upm.es<\/strong><\/blockquote><\/li><li>CARLOS ANTONIO PLATERO GAONA <blockquote><strong>carlosantonio.platero@upm.es<\/strong><\/blockquote><\/li><\/ul><strong>Otros inventores UPM: <\/strong><ul><li>Alberto Carlos Barrado S\u00e1nchez<\/li><\/ul>","telefono":"","pagina_web":"","email":"","id_ficha_portal":"506","video":"","adjuntos":false,"adjuntos_portal":"","inf":false,"departamento":"","acf":[],"lang":"es","translation":{"es":8480},"_links":{"self":[{"href":"https:\/\/www.upm.es\/recursosidi\/wp-json\/wp\/v2\/product\/8480"}],"collection":[{"href":"https:\/\/www.upm.es\/recursosidi\/wp-json\/wp\/v2\/product"}],"about":[{"href":"https:\/\/www.upm.es\/recursosidi\/wp-json\/wp\/v2\/types\/product"}],"wp:attachment":[{"href":"https:\/\/www.upm.es\/recursosidi\/wp-json\/wp\/v2\/media?parent=8480"}],"wp:term":[{"taxonomy":"product_cat","embeddable":true,"href":"https:\/\/www.upm.es\/recursosidi\/wp-json\/wp\/v2\/product_cat?post=8480"},{"taxonomy":"product_tag","embeddable":true,"href":"https:\/\/www.upm.es\/recursosidi\/wp-json\/wp\/v2\/product_tag?post=8480"},{"taxonomy":"comunidad_upm","embeddable":true,"href":"https:\/\/www.upm.es\/recursosidi\/wp-json\/wp\/v2\/comunidades-upm?post=8480"},{"taxonomy":"quien","embeddable":true,"href":"https:\/\/www.upm.es\/recursosidi\/wp-json\/wp\/v2\/quien?post=8480"},{"taxonomy":"mapa","embeddable":true,"href":"https:\/\/www.upm.es\/recursosidi\/wp-json\/wp\/v2\/mapa?post=8480"},{"taxonomy":"disponibilidad","embeddable":true,"href":"https:\/\/www.upm.es\/recursosidi\/wp-json\/wp\/v2\/disponibilidad?post=8480"},{"taxonomy":"donde","embeddable":true,"href":"https:\/\/www.upm.es\/recursosidi\/wp-json\/wp\/v2\/donde?post=8480"},{"taxonomy":"infraestructura","embeddable":true,"href":"https:\/\/www.upm.es\/recursosidi\/wp-json\/wp\/v2\/infraestructura?post=8480"},{"taxonomy":"ods","embeddable":true,"href":"https:\/\/www.upm.es\/recursosidi\/wp-json\/wp\/v2\/ods?post=8480"},{"taxonomy":"origen","embeddable":true,"href":"https:\/\/www.upm.es\/recursosidi\/wp-json\/wp\/v2\/origen?post=8480"}],"curies":[{"name":"wp","href":"https:\/\/api.w.org\/{rel}","templated":true}]}}