{"id":8482,"date":"2021-11-25T14:09:27","date_gmt":"2021-11-25T13:09:27","guid":{"rendered":"https:\/\/www.upm.es\/recursosidi\/offers-resources\/sin categor\u00eda\/procedimiento-optimizado-para-la-obtencion-de-zeolitas-a-partir-de-lejias-residuales-de-la-industria-de-anodizacion-y-extrusion-utilizables-en-la-formulacion-de-detergentes\/"},"modified":"2022-08-10T02:07:27","modified_gmt":"2022-08-10T00:07:27","slug":"procedimiento-optimizado-para-la-obtencion-de-zeolitas-a-partir-de-lejias-residuales-de-la-industria-de-anodizacion-y-extrusion-utilizables-en-la-formulacion-de-detergentes","status":"publish","type":"product","link":"https:\/\/www.upm.es\/recursosidi\/offers-resources\/patentes\/procedimiento-optimizado-para-la-obtencion-de-zeolitas-a-partir-de-lejias-residuales-de-la-industria-de-anodizacion-y-extrusion-utilizables-en-la-formulacion-de-detergentes\/","title":{"rendered":"Procedimiento optimizado para la obtenci\u00f3n de zeolitas a partir de lej\u00edas residuales de la industria de anodizaci\u00f3n y extrusi\u00f3n, utilizables en la formulaci\u00f3n de detergentes"},"content":{"rendered":"<h5>Descripci\u00f3n de la patente <\/h5>\n<p>La presente invenci\u00f3n contempla la utilizaci\u00f3n como materia prima de las lej\u00edas de decapado previamente filtradas las cuales se mezclan con agua, sosa c\u00e1ustica y silicato soluble o, preferiblemente, s\u00edlice amorfa, para obtener las siguientes proporciones: SiO2\/Al2O3: 2.1; Na2 O\/SiO2: 1.3; H2 O\/Na2O: 34.<br \/>\nA continuaci\u00f3n se siguen las etapas convencionales<br \/>\nde: Formaci\u00f3n del gel (nucleaci\u00f3n); envejecimiento<br \/>\n(maduraci\u00f3n); crecimiento de los cristales y separaci\u00f3n del producto s\u00f3lido. Debido a la presencia en las lej\u00edas de decapado de compuestos org\u00e1nicos en suspensi\u00f3n procedentes de la descomposici\u00f3n de los gluconatos utilizados para alargar el periodo operativo del ba\u00f1o as\u00ed como a la posible precipitaci\u00f3n de gibbsita, la primera etapa de formaci\u00f3n del gel debe ir precedida de otra etapa de filtraci\u00f3n, fundamental para la correcta ejecuci\u00f3n del proceso y que, como<br \/>\ntal, se reivindica. Las condiciones \u00f3ptimas operativas son las siguientes: Temperatura de formaci\u00f3n del gel 70\u00baC; temperatura de crecimiento de los cristales: 80\u00baC; tiempo de formaci\u00f3n del gel: 3 h; tiempo de crecimiento de los cristales: 3 h.<\/p>\n<h5>N\u00famero de solicitud<\/h5>\n<p>P9801123<\/p>\n<h5>N\u00famero de publicaci\u00f3n<\/h5>\n<p>ES2161109<\/p>\n<h5>Fecha de presentaci\u00f3n <\/h5>\n<p>29\/05\/1998<\/p>\n<h5>Fecha de concesi\u00f3n <\/h5>\n<p>09\/05\/2002<\/p>\n<div class=\"pdfprnt-buttons pdfprnt-buttons-product pdfprnt-bottom-left\"><a href=\"https:\/\/www.upm.es\/recursosidi\/wp-json\/wp\/v2\/product\/8482?print=pdf\" class=\"pdfprnt-button pdfprnt-button-pdf\" target=\"_blank\"><span class=\"pdfprnt-button-title pdfprnt-button-pdf-title\">Descargar ficha<\/span><\/a><\/div>","protected":false},"excerpt":{"rendered":"<p>Descripci\u00f3n de la patente La presente invenci\u00f3n contempla la utilizaci\u00f3n como materia prima de las lej\u00edas de decapado previamente filtradas las cuales se mezclan con&hellip;<\/p>\n","protected":false},"featured_media":0,"template":"","meta":{"_acf_changed":false},"product_cat":[3946],"product_tag":[],"comunidades-upm":[],"quien":[],"mapa":[],"disponibilidad":[],"donde":[{"term_id":42,"name":"UPM","slug":"upm","term_group":0,"term_taxonomy_id":42,"taxonomy":"donde","description":"Universidad Polit\u00e9cnica de Madrid\r\nHTML \"Lorem ipsum dolor sit amet, consectetur adipiscing elit, sed do eiusmod tempor incididunt ut labore et dolore magna aliqua. Ut enim ad minim veniam, quis nostrud exercitation ullamco laboris nisi ut aliquip ex ea commodo consequat. Duis aute irure dolor in reprehenderit in voluptate velit esse cillum dolore eu fugiat nulla pariatur. Excepteur sint occaecat cupidatat non proident, sunt in culpa qui officia deserunt mollit anim id est laborum.\"","parent":0,"count":146,"filter":"raw","term_order":"0"}],"infraestructura":[],"ods":[],"origen":[{"term_id":180,"name":"Patente","slug":"patente","term_group":0,"term_taxonomy_id":180,"taxonomy":"origen","description":"","parent":0,"count":614,"filter":"raw","term_order":"0"}],"familia_tax":false,"quien_tax":false,"donde_tax":false,"year":"","contacto":"<ul><li><blockquote><strong>otri.investigacion@upm.es<\/strong><\/blockquote><\/li><\/ul>","telefono":"","pagina_web":"","email":"","id_ficha_portal":"483","video":"","adjuntos":false,"adjuntos_portal":"","inf":false,"departamento":"","acf":[],"lang":"es","translation":{"es":8482},"_links":{"self":[{"href":"https:\/\/www.upm.es\/recursosidi\/wp-json\/wp\/v2\/product\/8482"}],"collection":[{"href":"https:\/\/www.upm.es\/recursosidi\/wp-json\/wp\/v2\/product"}],"about":[{"href":"https:\/\/www.upm.es\/recursosidi\/wp-json\/wp\/v2\/types\/product"}],"wp:attachment":[{"href":"https:\/\/www.upm.es\/recursosidi\/wp-json\/wp\/v2\/media?parent=8482"}],"wp:term":[{"taxonomy":"product_cat","embeddable":true,"href":"https:\/\/www.upm.es\/recursosidi\/wp-json\/wp\/v2\/product_cat?post=8482"},{"taxonomy":"product_tag","embeddable":true,"href":"https:\/\/www.upm.es\/recursosidi\/wp-json\/wp\/v2\/product_tag?post=8482"},{"taxonomy":"comunidad_upm","embeddable":true,"href":"https:\/\/www.upm.es\/recursosidi\/wp-json\/wp\/v2\/comunidades-upm?post=8482"},{"taxonomy":"quien","embeddable":true,"href":"https:\/\/www.upm.es\/recursosidi\/wp-json\/wp\/v2\/quien?post=8482"},{"taxonomy":"mapa","embeddable":true,"href":"https:\/\/www.upm.es\/recursosidi\/wp-json\/wp\/v2\/mapa?post=8482"},{"taxonomy":"disponibilidad","embeddable":true,"href":"https:\/\/www.upm.es\/recursosidi\/wp-json\/wp\/v2\/disponibilidad?post=8482"},{"taxonomy":"donde","embeddable":true,"href":"https:\/\/www.upm.es\/recursosidi\/wp-json\/wp\/v2\/donde?post=8482"},{"taxonomy":"infraestructura","embeddable":true,"href":"https:\/\/www.upm.es\/recursosidi\/wp-json\/wp\/v2\/infraestructura?post=8482"},{"taxonomy":"ods","embeddable":true,"href":"https:\/\/www.upm.es\/recursosidi\/wp-json\/wp\/v2\/ods?post=8482"},{"taxonomy":"origen","embeddable":true,"href":"https:\/\/www.upm.es\/recursosidi\/wp-json\/wp\/v2\/origen?post=8482"}],"curies":[{"name":"wp","href":"https:\/\/api.w.org\/{rel}","templated":true}]}}