{"id":8484,"date":"2021-11-25T14:09:32","date_gmt":"2021-11-25T13:09:32","guid":{"rendered":"https:\/\/www.upm.es\/recursosidi\/offers-resources\/sin categor\u00eda\/sistema-y-metodo-de-ajuste-de-retardo-audio-video\/"},"modified":"2022-08-10T02:07:32","modified_gmt":"2022-08-10T00:07:32","slug":"sistema-y-metodo-de-ajuste-de-retardo-audio-video","status":"publish","type":"product","link":"https:\/\/www.upm.es\/recursosidi\/offers-resources\/patentes\/sistema-y-metodo-de-ajuste-de-retardo-audio-video\/","title":{"rendered":"Sistema y m\u00e9todo de ajuste de retardo audio\/v\u00eddeo"},"content":{"rendered":"<h5>Descripci\u00f3n de la patente <\/h5>\n<p>Sistema y m\u00e9todo de ajuste de retardo audio\/v\u00eddeo que comprende las siguientes etapas: extraer par\u00e1metros caracter\u00edsticos de una fuente de audio (3); introducir los par\u00e1metros extra\u00eddos de la fuente de audio (3) en el video procedente de una fuente de video (1); extraer de la se\u00f1al de audio, tras el procesado del video, los mismos par\u00e1metros extra\u00eddos en la primera etapa; obtener de la se\u00f1al de video, tras el procesado del video, los par\u00e1metros de audio introducidos en la segunda etapa; comparar los par\u00e1metros de audio extra\u00eddos en la tercera etapa y obtenidos en la cuarta; calcular el retardo existente entre los par\u00e1metros de audio comparados; almacenar el retardo calculado; y finalmente retardar la se\u00f1al de audio un valor de retardo configurable en funci\u00f3n del retardo calculado y del retardo almacenado procedente de una ejecuci\u00f3n anterior del m\u00e9todo.<\/p>\n<h5>Situaci\u00f3n <\/h5>\n<p>Concedida<\/p>\n<h5>N\u00famero de solicitud<\/h5>\n<p>P200931181<\/p>\n<h5>N\u00famero de publicaci\u00f3n<\/h5>\n<p>ES2337012<\/p>\n<h5>Fecha de presentaci\u00f3n <\/h5>\n<p>17\/12\/2009<\/p>\n<h5>Fecha de concesi\u00f3n <\/h5>\n<p>01\/09\/2010<\/p>\n<div class=\"pdfprnt-buttons pdfprnt-buttons-product pdfprnt-bottom-left\"><a href=\"https:\/\/www.upm.es\/recursosidi\/wp-json\/wp\/v2\/product\/8484?print=pdf\" class=\"pdfprnt-button pdfprnt-button-pdf\" target=\"_blank\"><span class=\"pdfprnt-button-title pdfprnt-button-pdf-title\">Descargar ficha<\/span><\/a><\/div>","protected":false},"excerpt":{"rendered":"<p>Descripci\u00f3n de la patente Sistema y m\u00e9todo de ajuste de retardo audio\/v\u00eddeo que comprende las siguientes etapas: extraer par\u00e1metros caracter\u00edsticos de una fuente de audio&hellip;<\/p>\n","protected":false},"featured_media":0,"template":"","meta":{"_acf_changed":false},"product_cat":[3946],"product_tag":[],"comunidades-upm":[],"quien":[],"mapa":[],"disponibilidad":[],"donde":[{"term_id":522,"name":"Grupo de Validaci\u00f3n y Aplicaciones Industriales","slug":"grupo-de-validacion-y-aplicaciones-industriales","term_group":0,"term_taxonomy_id":522,"taxonomy":"donde","description":"","parent":0,"count":7,"filter":"raw","term_order":"0"}],"infraestructura":[],"ods":[],"origen":[{"term_id":180,"name":"Patente","slug":"patente","term_group":0,"term_taxonomy_id":180,"taxonomy":"origen","description":"","parent":0,"count":614,"filter":"raw","term_order":"0"}],"familia_tax":false,"quien_tax":false,"donde_tax":false,"year":"","contacto":"<strong>Principales: <\/strong><ul><li>JESUS MARTINEZ BARBERO <blockquote><strong>jesus.martinezb@upm.es<\/strong><\/blockquote><\/li><\/ul>","telefono":"","pagina_web":"","email":"","id_ficha_portal":"477","video":"","adjuntos":false,"adjuntos_portal":"https:\/\/www.upm.es\/S2i\/Acuse\/recuperarArchivo.jsp?id=477&id_archivo=674&tipo=patente&extension=fichero ","inf":false,"departamento":"","acf":[],"lang":"es","translation":{"es":8484},"_links":{"self":[{"href":"https:\/\/www.upm.es\/recursosidi\/wp-json\/wp\/v2\/product\/8484"}],"collection":[{"href":"https:\/\/www.upm.es\/recursosidi\/wp-json\/wp\/v2\/product"}],"about":[{"href":"https:\/\/www.upm.es\/recursosidi\/wp-json\/wp\/v2\/types\/product"}],"wp:attachment":[{"href":"https:\/\/www.upm.es\/recursosidi\/wp-json\/wp\/v2\/media?parent=8484"}],"wp:term":[{"taxonomy":"product_cat","embeddable":true,"href":"https:\/\/www.upm.es\/recursosidi\/wp-json\/wp\/v2\/product_cat?post=8484"},{"taxonomy":"product_tag","embeddable":true,"href":"https:\/\/www.upm.es\/recursosidi\/wp-json\/wp\/v2\/product_tag?post=8484"},{"taxonomy":"comunidad_upm","embeddable":true,"href":"https:\/\/www.upm.es\/recursosidi\/wp-json\/wp\/v2\/comunidades-upm?post=8484"},{"taxonomy":"quien","embeddable":true,"href":"https:\/\/www.upm.es\/recursosidi\/wp-json\/wp\/v2\/quien?post=8484"},{"taxonomy":"mapa","embeddable":true,"href":"https:\/\/www.upm.es\/recursosidi\/wp-json\/wp\/v2\/mapa?post=8484"},{"taxonomy":"disponibilidad","embeddable":true,"href":"https:\/\/www.upm.es\/recursosidi\/wp-json\/wp\/v2\/disponibilidad?post=8484"},{"taxonomy":"donde","embeddable":true,"href":"https:\/\/www.upm.es\/recursosidi\/wp-json\/wp\/v2\/donde?post=8484"},{"taxonomy":"infraestructura","embeddable":true,"href":"https:\/\/www.upm.es\/recursosidi\/wp-json\/wp\/v2\/infraestructura?post=8484"},{"taxonomy":"ods","embeddable":true,"href":"https:\/\/www.upm.es\/recursosidi\/wp-json\/wp\/v2\/ods?post=8484"},{"taxonomy":"origen","embeddable":true,"href":"https:\/\/www.upm.es\/recursosidi\/wp-json\/wp\/v2\/origen?post=8484"}],"curies":[{"name":"wp","href":"https:\/\/api.w.org\/{rel}","templated":true}]}}