{"id":8486,"date":"2021-11-25T14:09:36","date_gmt":"2021-11-25T13:09:36","guid":{"rendered":"https:\/\/www.upm.es\/recursosidi\/offers-resources\/sin categor\u00eda\/procedimiento-y-arquitectura-de-circuito-en-pipeline-para-el-calculo-de-la-regresion-lineal\/"},"modified":"2022-08-10T02:07:37","modified_gmt":"2022-08-10T00:07:37","slug":"procedimiento-y-arquitectura-de-circuito-en-pipeline-para-el-calculo-de-la-regresion-lineal","status":"publish","type":"product","link":"https:\/\/www.upm.es\/recursosidi\/offers-resources\/patentes\/procedimiento-y-arquitectura-de-circuito-en-pipeline-para-el-calculo-de-la-regresion-lineal\/","title":{"rendered":"Procedimiento y arquitectura de circuito en pipeline para el c\u00e1lculo de la regresi\u00f3n lineal"},"content":{"rendered":"<h5>Descripci\u00f3n de la patente <\/h5>\n<p>Procedimiento y arquitectura de circuito que permiten calcular la regresi\u00f3n lineal sobre una secuencia de muestras sin tener que almacenar dichas muestras previamente en una memoria. El c\u00e1lculo se va realizando conforme las muestras van llegando al sistema, consiguiendo as\u00ed que la latencia sea baja y constante a partir del instante en el que llega la \u00faltima muestra. Por otra parte, la forma de calcular la regresi\u00f3n lineal permite  obtener de forma independiente los par\u00e1metros de la misma: pendiente, ordenada en el origen y error. Adem\u00e1s, gracias a la reutilizaci\u00f3n de operaciones empleada se disminuye considerablemente el n\u00famero de operaciones respecto a la forma habitual de c\u00e1lculo de la regresi\u00f3n.<\/p>\n<h5>Situaci\u00f3n <\/h5>\n<p>Concedida<\/p>\n<h5>N\u00famero de solicitud<\/h5>\n<p>P200901256<\/p>\n<h5>N\u00famero de publicaci\u00f3n<\/h5>\n<p>ES2365883<\/p>\n<h5>Fecha de presentaci\u00f3n <\/h5>\n<p>20\/05\/2009<\/p>\n<h5>Fecha de concesi\u00f3n <\/h5>\n<p>24\/10\/2012<\/p>\n<div class=\"pdfprnt-buttons pdfprnt-buttons-product pdfprnt-bottom-left\"><a href=\"https:\/\/www.upm.es\/recursosidi\/wp-json\/wp\/v2\/product\/8486?print=pdf\" class=\"pdfprnt-button pdfprnt-button-pdf\" target=\"_blank\"><span class=\"pdfprnt-button-title pdfprnt-button-pdf-title\">Descargar ficha<\/span><\/a><\/div>","protected":false},"excerpt":{"rendered":"<p>Descripci\u00f3n de la patente Procedimiento y arquitectura de circuito que permiten calcular la regresi\u00f3n lineal sobre una secuencia de muestras sin tener que almacenar dichas&hellip;<\/p>\n","protected":false},"featured_media":0,"template":"","meta":{"_acf_changed":false},"product_cat":[3946],"product_tag":[],"comunidades-upm":[],"quien":[],"mapa":[],"disponibilidad":[],"donde":[{"term_id":642,"name":"Information Processing and Telecommunications Center (IPTC)","slug":"information-processing-and-telecommunications-center-iptc","term_group":0,"term_taxonomy_id":642,"taxonomy":"donde","description":"","parent":0,"count":74,"filter":"raw","term_order":"0"},{"term_id":440,"name":"Laboratorio de Sistemas Integrados (LSI)","slug":"laboratorio-de-sistemas-integrados-lsi","term_group":0,"term_taxonomy_id":440,"taxonomy":"donde","description":"La actividad del grupo cubre las diversas etapas que van desde la I+D hasta la innovaci&oacute;n, en un amplio espectro tem&aacute;tico, a fin de proporcionar soluciones tecnol&oacute;gicas en el &aacute;rea de los sistemas integrados. As&iacute;, las principales l&iacute;neas de investigaci&oacute;n son:\n&nbsp;\n\n<strong>Microelectr&oacute;nica<\/strong>: Dise&ntilde;o de circuitos tolerantes a variaciones (proceso, temperatura, tensi&oacute;n, envejecimiento, radiaci&oacute;n) y VLSI.\n<strong>Arquitecturas digitales<\/strong> espec&iacute;ficas de altas prestaciones y sobre plataformas reconfigurables (FPGAs). Aceleraci&oacute;n Hardware.\n<strong>Herramientas EDA<\/strong> para el dise&ntilde;o de sistemas electr&oacute;nicos.\nDise&ntilde;o de <strong>sistemas embebidos, redes de sensores inal&aacute;mbricos, radio cognitiva<\/strong> y aplicaciones con estas tecnolog&iacute;as, incluyendo optimizaci&oacute;n de prestaciones, seguridad y consumo energ&eacute;tico.\n<strong>Optimizaci&oacute;n energ&eacute;tica<\/strong> de centros de datos.\n","parent":0,"count":13,"filter":"raw","term_order":"0"},{"term_id":464,"name":"Microondas y Radar","slug":"microondas-y-radar","term_group":0,"term_taxonomy_id":464,"taxonomy":"donde","description":"Dise&ntilde;amos, fabricamos y evaluamos componentes, subsistemas y sistemas de radiocomunicaciones y radiodeterminaci&oacute;n trabajando hasta 300 GHz.\n&nbsp;\nNuestras <strong>l&iacute;neas de investigaci&oacute;n<\/strong> son:\n&nbsp;\n\nDise&ntilde;o, desarrollo y caracterizaci&oacute;n experimental de circuitos, subsistemas y sistemas de microondas, ondas milim&eacute;tricas y submilim&eacute;tricas.\nAn&aacute;lisis, simulaci&oacute;n, especificaci&oacute;n y evaluaci&oacute;n de sistemas radar y de radiocomunicaciones.\nAplicaciones de las t&eacute;cnicas y tecnolog&iacute;as de RF y proceso de se&ntilde;al al sector de la Defensa y la Seguridad: radares de vigilancia, sistemas IFF, radares imagen, formaci&oacute;n pasiva de im&aacute;genes, detecci&oacute;n de objetos ocultos, visi&oacute;n a trav&eacute;s de paredes, transmisores de estado s&oacute;lido, sensores de proximidad, guerra electr&oacute;nica, etc.\nAplicaciones de las t&eacute;cnicas y tecnolog&iacute;as de RF y proceso de se&ntilde;al a los sectores del Transporte y Espacio: equipos para sistemas de radionavegaci&oacute;n y control de tr&aacute;fico a&eacute;reo, GPS, sensores radar para carreteras inteligentes, transpondedores TT&amp;C, enlaces de datos para sistemas a&eacute;reos no tripulados (UAS), sistemas LTE en entornos ferroviarios y para posicionamiento en interiores, etc.\n","parent":0,"count":7,"filter":"raw","term_order":"0"}],"infraestructura":[],"ods":[],"origen":[{"term_id":180,"name":"Patente","slug":"patente","term_group":0,"term_taxonomy_id":180,"taxonomy":"origen","description":"","parent":0,"count":614,"filter":"raw","term_order":"0"}],"familia_tax":false,"quien_tax":false,"donde_tax":false,"year":"","contacto":"<strong>Principales: <\/strong><ul><li>JESUS GRAJAL DE LA FUENTE <blockquote><strong>jesus.grajal@upm.es<\/strong><\/blockquote><\/li><li>MARIO GARRIDO GALVEZ <blockquote><strong>mario.garrido@upm.es<\/strong><\/blockquote><\/li><\/ul>","telefono":"","pagina_web":"","email":"","id_ficha_portal":"422","video":"","adjuntos":false,"adjuntos_portal":"https:\/\/www.upm.es\/S2i\/Acuse\/recuperarArchivo.jsp?id=422&id_archivo=1623&tipo=patente&extension=fichero ","inf":false,"departamento":"","acf":[],"lang":"es","translation":{"es":8486},"_links":{"self":[{"href":"https:\/\/www.upm.es\/recursosidi\/wp-json\/wp\/v2\/product\/8486"}],"collection":[{"href":"https:\/\/www.upm.es\/recursosidi\/wp-json\/wp\/v2\/product"}],"about":[{"href":"https:\/\/www.upm.es\/recursosidi\/wp-json\/wp\/v2\/types\/product"}],"wp:attachment":[{"href":"https:\/\/www.upm.es\/recursosidi\/wp-json\/wp\/v2\/media?parent=8486"}],"wp:term":[{"taxonomy":"product_cat","embeddable":true,"href":"https:\/\/www.upm.es\/recursosidi\/wp-json\/wp\/v2\/product_cat?post=8486"},{"taxonomy":"product_tag","embeddable":true,"href":"https:\/\/www.upm.es\/recursosidi\/wp-json\/wp\/v2\/product_tag?post=8486"},{"taxonomy":"comunidad_upm","embeddable":true,"href":"https:\/\/www.upm.es\/recursosidi\/wp-json\/wp\/v2\/comunidades-upm?post=8486"},{"taxonomy":"quien","embeddable":true,"href":"https:\/\/www.upm.es\/recursosidi\/wp-json\/wp\/v2\/quien?post=8486"},{"taxonomy":"mapa","embeddable":true,"href":"https:\/\/www.upm.es\/recursosidi\/wp-json\/wp\/v2\/mapa?post=8486"},{"taxonomy":"disponibilidad","embeddable":true,"href":"https:\/\/www.upm.es\/recursosidi\/wp-json\/wp\/v2\/disponibilidad?post=8486"},{"taxonomy":"donde","embeddable":true,"href":"https:\/\/www.upm.es\/recursosidi\/wp-json\/wp\/v2\/donde?post=8486"},{"taxonomy":"infraestructura","embeddable":true,"href":"https:\/\/www.upm.es\/recursosidi\/wp-json\/wp\/v2\/infraestructura?post=8486"},{"taxonomy":"ods","embeddable":true,"href":"https:\/\/www.upm.es\/recursosidi\/wp-json\/wp\/v2\/ods?post=8486"},{"taxonomy":"origen","embeddable":true,"href":"https:\/\/www.upm.es\/recursosidi\/wp-json\/wp\/v2\/origen?post=8486"}],"curies":[{"name":"wp","href":"https:\/\/api.w.org\/{rel}","templated":true}]}}