{"id":8487,"date":"2021-11-25T14:09:39","date_gmt":"2021-11-25T13:09:39","guid":{"rendered":"https:\/\/www.upm.es\/recursosidi\/offers-resources\/sin categor\u00eda\/sistema-de-prolongacion-de-la-vida-de-las-turbinas-de-plantas-termosolares\/"},"modified":"2022-08-10T02:07:40","modified_gmt":"2022-08-10T00:07:40","slug":"sistema-de-prolongacion-de-la-vida-de-las-turbinas-de-plantas-termosolares","status":"publish","type":"product","link":"https:\/\/www.upm.es\/recursosidi\/offers-resources\/patentes\/sistema-de-prolongacion-de-la-vida-de-las-turbinas-de-plantas-termosolares\/","title":{"rendered":"Sistema de prolongaci\u00f3n de la vida de las turbinas de plantas termosolares"},"content":{"rendered":"<h5>Descripci\u00f3n de la patente <\/h5>\n<p>Sistema que comprende un circuito hidr\u00e1ulico que contiene y conecta: al menos un cuerpo de la trubina, un trubocompresor que comprime parte o la totalidad del fluido de trabajo, unos ramales por los que circula el fluido de trabajo, intercambiadores de calor, un dep\u00f3sito que contiene fluido de trabajo en estado l\u00edquido, un refrigerador, que puede coincidir con el foco fr\u00edo de la central, v\u00e1lvulas de corte, de regulaci\u00f3n, divisores y bombas en el circuito hidr\u00e1ulico y en los diversos ramales.<br \/>\nEl sistema act\u00faa para que, durante la parada de la central, la trubina trabaje en una carga de consigna y no sufra p\u00e9rdida de vida por fatiga.<\/p>\n<h5>Situaci\u00f3n <\/h5>\n<p>Concedida<\/p>\n<h5>N\u00famero de solicitud<\/h5>\n<p>P200901606<\/p>\n<h5>N\u00famero de publicaci\u00f3n<\/h5>\n<p>ES2380534<\/p>\n<h5>Fecha de presentaci\u00f3n <\/h5>\n<p>17\/07\/2009<\/p>\n<h5>Fecha de concesi\u00f3n <\/h5>\n<p>04\/09\/2012<\/p>\n<div class=\"pdfprnt-buttons pdfprnt-buttons-product pdfprnt-bottom-left\"><a href=\"https:\/\/www.upm.es\/recursosidi\/wp-json\/wp\/v2\/product\/8487?print=pdf\" class=\"pdfprnt-button pdfprnt-button-pdf\" target=\"_blank\"><span class=\"pdfprnt-button-title pdfprnt-button-pdf-title\">Descargar ficha<\/span><\/a><\/div>","protected":false},"excerpt":{"rendered":"<p>Descripci\u00f3n de la patente Sistema que comprende un circuito hidr\u00e1ulico que contiene y conecta: al menos un cuerpo de la trubina, un trubocompresor que comprime&hellip;<\/p>\n","protected":false},"featured_media":0,"template":"","meta":{"_acf_changed":false},"product_cat":[3946],"product_tag":[],"comunidades-upm":[],"quien":[],"mapa":[],"disponibilidad":[],"donde":[{"term_id":238,"name":"Instituto de Fusi\u00f3n Nuclear \"Guillermo Velarde\" (IFN-GV)","slug":"instituto-de-fusion-nuclear-guillermo-velarde-ifn-gv","term_group":0,"term_taxonomy_id":238,"taxonomy":"donde","description":"","parent":0,"count":57,"filter":"raw","term_order":"0"},{"term_id":390,"name":"Thermal Energy for Sustainability","slug":"thermal-energy-for-sustainability","term_group":0,"term_taxonomy_id":390,"taxonomy":"donde","description":"","parent":0,"count":57,"filter":"raw","term_order":"0"}],"infraestructura":[],"ods":[],"origen":[{"term_id":180,"name":"Patente","slug":"patente","term_group":0,"term_taxonomy_id":180,"taxonomy":"origen","description":"","parent":0,"count":614,"filter":"raw","term_order":"0"}],"familia_tax":false,"quien_tax":false,"donde_tax":false,"year":"","contacto":"<strong>Principales: <\/strong><ul><li>JOSE MARIA MARTINEZ-VAL PE\u00d1ALOSA <blockquote><strong>josemaria.martinezval@upm.es<\/strong><\/blockquote><\/li><li>MANUEL VALDES DEL FRESNO <blockquote><strong>manuel.valdes@upm.es<\/strong><\/blockquote><\/li><li>ALBERTO ABANADES VELASCO <blockquote><strong>alberto.abanades@upm.es<\/strong><\/blockquote><\/li><li>RAFAEL RUBEN AMENGUAL MATAS <blockquote><strong>ruben.amengual@upm.es<\/strong><\/blockquote><\/li><\/ul><strong>Otros inventores: <\/strong><ul><li>Antonio Rovira de Antonio Universidad Nacional de Educacion a Distancia (UNED)<\/li> <li>MireiaPiera Carret\u00e9 Universidad Nacional de Educacion a Distancia (UNED)<\/li> <li>Javier Mu\u00f1oz Anton <blockquote><strong>externo que cede a UNED<\/strong><\/blockquote> Universidad Nacional de Educacion a Distancia (UNED)<\/li> <li>Maria Jos\u00e9 Montes Pita Universidad Nacional de Educacion a Distancia (UNED)<\/li> <\/ul>","telefono":"","pagina_web":"","email":"","id_ficha_portal":"440","video":"","adjuntos":false,"adjuntos_portal":"https:\/\/www.upm.es\/S2i\/Acuse\/recuperarArchivo.jsp?id=440&id_archivo=964&tipo=patente&extension=fichero ","inf":false,"departamento":"","acf":[],"lang":"es","translation":{"es":8487},"_links":{"self":[{"href":"https:\/\/www.upm.es\/recursosidi\/wp-json\/wp\/v2\/product\/8487"}],"collection":[{"href":"https:\/\/www.upm.es\/recursosidi\/wp-json\/wp\/v2\/product"}],"about":[{"href":"https:\/\/www.upm.es\/recursosidi\/wp-json\/wp\/v2\/types\/product"}],"wp:attachment":[{"href":"https:\/\/www.upm.es\/recursosidi\/wp-json\/wp\/v2\/media?parent=8487"}],"wp:term":[{"taxonomy":"product_cat","embeddable":true,"href":"https:\/\/www.upm.es\/recursosidi\/wp-json\/wp\/v2\/product_cat?post=8487"},{"taxonomy":"product_tag","embeddable":true,"href":"https:\/\/www.upm.es\/recursosidi\/wp-json\/wp\/v2\/product_tag?post=8487"},{"taxonomy":"comunidad_upm","embeddable":true,"href":"https:\/\/www.upm.es\/recursosidi\/wp-json\/wp\/v2\/comunidades-upm?post=8487"},{"taxonomy":"quien","embeddable":true,"href":"https:\/\/www.upm.es\/recursosidi\/wp-json\/wp\/v2\/quien?post=8487"},{"taxonomy":"mapa","embeddable":true,"href":"https:\/\/www.upm.es\/recursosidi\/wp-json\/wp\/v2\/mapa?post=8487"},{"taxonomy":"disponibilidad","embeddable":true,"href":"https:\/\/www.upm.es\/recursosidi\/wp-json\/wp\/v2\/disponibilidad?post=8487"},{"taxonomy":"donde","embeddable":true,"href":"https:\/\/www.upm.es\/recursosidi\/wp-json\/wp\/v2\/donde?post=8487"},{"taxonomy":"infraestructura","embeddable":true,"href":"https:\/\/www.upm.es\/recursosidi\/wp-json\/wp\/v2\/infraestructura?post=8487"},{"taxonomy":"ods","embeddable":true,"href":"https:\/\/www.upm.es\/recursosidi\/wp-json\/wp\/v2\/ods?post=8487"},{"taxonomy":"origen","embeddable":true,"href":"https:\/\/www.upm.es\/recursosidi\/wp-json\/wp\/v2\/origen?post=8487"}],"curies":[{"name":"wp","href":"https:\/\/api.w.org\/{rel}","templated":true}]}}