{"id":8489,"date":"2021-11-25T14:09:43","date_gmt":"2021-11-25T13:09:43","guid":{"rendered":"https:\/\/www.upm.es\/recursosidi\/offers-resources\/sin categor\u00eda\/tapiz-continuo-de-plantas-heliofitas-con-lastre-para-su-uso-semisumergido-en-la-depuracion-de-aguas-residuales\/"},"modified":"2022-08-10T02:07:45","modified_gmt":"2022-08-10T00:07:45","slug":"tapiz-continuo-de-plantas-heliofitas-con-lastre-para-su-uso-semisumergido-en-la-depuracion-de-aguas-residuales","status":"publish","type":"product","link":"https:\/\/www.upm.es\/recursosidi\/offers-resources\/patentes\/tapiz-continuo-de-plantas-heliofitas-con-lastre-para-su-uso-semisumergido-en-la-depuracion-de-aguas-residuales\/","title":{"rendered":"Tapiz continuo de plantas heliofitas con lastre para su uso semisumergido en la depuraci\u00f3n de aguas residuales"},"content":{"rendered":"<h5>Descripci\u00f3n de la patente <\/h5>\n<p>La presente invenci\u00f3n describe un tapiz vegetal de plantas helofitas, p. ej. enea o espada\u00f1a (g\u00e9nero Typha. L.), con un lastre, para su uso en la depuraci\u00f3n de aguas residuales, y su m\u00e9todo de obtenci\u00f3n. El tapiz est\u00e1 formado por la rizosfera de las plantas unida de forma \u00edntima al lastre, que se mantiene semisumergida en un humedal por donde circulan las aguas residuales. El tapiz semisumergido se consigue mediante el crecimiento controlado de las helofitas con el lastre, que puede ser una mezcla de arena y\/o grava en tierra vegetal, y que sirve para impedir que el tapiz llegue a flotar en la superficie del humedal. El ox\u00edgeno para la degradaci\u00f3n de la materia org\u00e1nica se consigue as\u00ed por difusi\u00f3n del aire a trav\u00e9s de la superficie del agua del humedal y por medio de las helofitas que lo transportan a trav\u00e9s del tejido especializado de su aer\u00e9nquima hasta la rizosfera, donde habita una abundante flora microbiana que utiliza dicho ox\u00edgeno para degradar la materia org\u00e1nica. <\/p>\n<h5>N\u00famero de solicitud<\/h5>\n<p>P200900811<\/p>\n<h5>N\u00famero de publicaci\u00f3n<\/h5>\n<p>ES2324277<\/p>\n<h5>Fecha de presentaci\u00f3n <\/h5>\n<p>25\/03\/2009<\/p>\n<h5>Fecha de concesi\u00f3n <\/h5>\n<p>14\/04\/2010<\/p>\n<div class=\"pdfprnt-buttons pdfprnt-buttons-product pdfprnt-bottom-left\"><a href=\"https:\/\/www.upm.es\/recursosidi\/wp-json\/wp\/v2\/product\/8489?print=pdf\" class=\"pdfprnt-button pdfprnt-button-pdf\" target=\"_blank\"><span class=\"pdfprnt-button-title pdfprnt-button-pdf-title\">Descargar ficha<\/span><\/a><\/div>","protected":false},"excerpt":{"rendered":"<p>Descripci\u00f3n de la patente La presente invenci\u00f3n describe un tapiz vegetal de plantas helofitas, p. ej. enea o espada\u00f1a (g\u00e9nero Typha. L.), con un lastre,&hellip;<\/p>\n","protected":false},"featured_media":0,"template":"","meta":{"_acf_changed":false},"product_cat":[3946],"product_tag":[],"comunidades-upm":[],"quien":[],"mapa":[],"disponibilidad":[],"donde":[{"term_id":42,"name":"UPM","slug":"upm","term_group":0,"term_taxonomy_id":42,"taxonomy":"donde","description":"Universidad Polit\u00e9cnica de Madrid\r\nHTML \"Lorem ipsum dolor sit amet, consectetur adipiscing elit, sed do eiusmod tempor incididunt ut labore et dolore magna aliqua. Ut enim ad minim veniam, quis nostrud exercitation ullamco laboris nisi ut aliquip ex ea commodo consequat. Duis aute irure dolor in reprehenderit in voluptate velit esse cillum dolore eu fugiat nulla pariatur. Excepteur sint occaecat cupidatat non proident, sunt in culpa qui officia deserunt mollit anim id est laborum.\"","parent":0,"count":146,"filter":"raw","term_order":"0"}],"infraestructura":[],"ods":[],"origen":[{"term_id":180,"name":"Patente","slug":"patente","term_group":0,"term_taxonomy_id":180,"taxonomy":"origen","description":"","parent":0,"count":614,"filter":"raw","term_order":"0"}],"familia_tax":false,"quien_tax":false,"donde_tax":false,"year":"","contacto":"<ul><li><blockquote><strong>otri.investigacion@upm.es<\/strong><\/blockquote><\/li><\/ul>","telefono":"","pagina_web":"","email":"","id_ficha_portal":"445","video":"","adjuntos":false,"adjuntos_portal":"","inf":false,"departamento":"","acf":[],"lang":"es","translation":{"es":8489},"_links":{"self":[{"href":"https:\/\/www.upm.es\/recursosidi\/wp-json\/wp\/v2\/product\/8489"}],"collection":[{"href":"https:\/\/www.upm.es\/recursosidi\/wp-json\/wp\/v2\/product"}],"about":[{"href":"https:\/\/www.upm.es\/recursosidi\/wp-json\/wp\/v2\/types\/product"}],"wp:attachment":[{"href":"https:\/\/www.upm.es\/recursosidi\/wp-json\/wp\/v2\/media?parent=8489"}],"wp:term":[{"taxonomy":"product_cat","embeddable":true,"href":"https:\/\/www.upm.es\/recursosidi\/wp-json\/wp\/v2\/product_cat?post=8489"},{"taxonomy":"product_tag","embeddable":true,"href":"https:\/\/www.upm.es\/recursosidi\/wp-json\/wp\/v2\/product_tag?post=8489"},{"taxonomy":"comunidad_upm","embeddable":true,"href":"https:\/\/www.upm.es\/recursosidi\/wp-json\/wp\/v2\/comunidades-upm?post=8489"},{"taxonomy":"quien","embeddable":true,"href":"https:\/\/www.upm.es\/recursosidi\/wp-json\/wp\/v2\/quien?post=8489"},{"taxonomy":"mapa","embeddable":true,"href":"https:\/\/www.upm.es\/recursosidi\/wp-json\/wp\/v2\/mapa?post=8489"},{"taxonomy":"disponibilidad","embeddable":true,"href":"https:\/\/www.upm.es\/recursosidi\/wp-json\/wp\/v2\/disponibilidad?post=8489"},{"taxonomy":"donde","embeddable":true,"href":"https:\/\/www.upm.es\/recursosidi\/wp-json\/wp\/v2\/donde?post=8489"},{"taxonomy":"infraestructura","embeddable":true,"href":"https:\/\/www.upm.es\/recursosidi\/wp-json\/wp\/v2\/infraestructura?post=8489"},{"taxonomy":"ods","embeddable":true,"href":"https:\/\/www.upm.es\/recursosidi\/wp-json\/wp\/v2\/ods?post=8489"},{"taxonomy":"origen","embeddable":true,"href":"https:\/\/www.upm.es\/recursosidi\/wp-json\/wp\/v2\/origen?post=8489"}],"curies":[{"name":"wp","href":"https:\/\/api.w.org\/{rel}","templated":true}]}}