{"id":8491,"date":"2021-11-25T14:09:48","date_gmt":"2021-11-25T13:09:48","guid":{"rendered":"https:\/\/www.upm.es\/recursosidi\/offers-resources\/sin categor\u00eda\/arco\/"},"modified":"2022-08-10T02:07:50","modified_gmt":"2022-08-10T00:07:50","slug":"arco","status":"publish","type":"product","link":"https:\/\/www.upm.es\/recursosidi\/offers-resources\/patentes\/arco\/","title":{"rendered":"Arco"},"content":{"rendered":"<h5>Descripci\u00f3n de la patente <\/h5>\n<p>Arco Solar con Mirador-Restaurante caracterizado porque el Arco (1) tiene forma semiel\u00edptica cercana a la par\u00e1bola con secci\u00f3n retorcida o alabeada, al girar 90\u00ba los arranques en sentidos opuestos (2) respecto al frente de su clave (2\u00bf), y que incorpora un conjunto de ascensores panor\u00e1micos autonivelantes (18) que permiten subir a los visitantes hasta el mirador de la clave, siguiendo en continuidad como si de una noria se tratara, o acceder a a la esfera de la clave que representando el \u00bfSol\u00bf (33) alberga en su interior varios niveles habitables para disfrutar de las vistas, incluyendo un restaurante giratorio en la parte superior (45), y todo ello funcionando gracias a la energ\u00eda solar captada por los paneles fotovoltaicos (15, 15\u00bf) dispuestos en el per\u00edmetro superior del Arco que a su vez se remata con iluminaci\u00f3n perimetral (16), que se ha pensado para disfrutar de las vistas sobre el casco hist\u00f3rico de Madrid, ya sea ubic\u00e1ndose en la Puerta del Sol (49) frente a la sede de la Comunidad Aut\u00f3noma, o bien en la Plaza de Cibeles (52) frente a la sede del Ayuntamiento de la capital de Espa\u00f1a, para constituirse en un nuevo hito urbano de grandes proporciones, que iluminado de noche destaque frente a los de otras capitales del mundo como Par\u00eds, Londres, Nueva York, etc., por su eficiencia energ\u00e9tica, atrayendo el turismo hacia Madrid y Espa\u00f1a, al tratarse de una ciudad y pa\u00eds con excelentes comunicaciones baric\u00e9ntricas, con el \u00bfhub\u00bf de la T4, los trenes de alta velocidad y sus autopistas radiales, recuperando con ello la memoria hist\u00f3rica de la Puerta del Sol de Madrid<\/p>\n<h5>Situaci\u00f3n <\/h5>\n<p>Concedida<\/p>\n<h5>N\u00famero de solicitud<\/h5>\n<p>P201000587<\/p>\n<h5>N\u00famero de publicaci\u00f3n<\/h5>\n<p>ES 2394835<\/p>\n<h5>Fecha de presentaci\u00f3n <\/h5>\n<p>07\/05\/2010<\/p>\n<h5>Fecha de concesi\u00f3n <\/h5>\n<p>16\/07\/2013<\/p>\n<div class=\"pdfprnt-buttons pdfprnt-buttons-product pdfprnt-bottom-left\"><a href=\"https:\/\/www.upm.es\/recursosidi\/wp-json\/wp\/v2\/product\/8491?print=pdf\" class=\"pdfprnt-button pdfprnt-button-pdf\" target=\"_blank\"><span class=\"pdfprnt-button-title pdfprnt-button-pdf-title\">Descargar ficha<\/span><\/a><\/div>","protected":false},"excerpt":{"rendered":"<p>Descripci\u00f3n de la patente Arco Solar con Mirador-Restaurante caracterizado porque el Arco (1) tiene forma semiel\u00edptica cercana a la par\u00e1bola con secci\u00f3n retorcida o alabeada,&hellip;<\/p>\n","protected":false},"featured_media":0,"template":"","meta":{"_acf_changed":false},"product_cat":[3946],"product_tag":[],"comunidades-upm":[],"quien":[],"mapa":[],"disponibilidad":[],"donde":[{"term_id":264,"name":"T\u00e9cnicas Innovadoras y Sostenibles en la Edificaci\u00f3n","slug":"tecnicas-innovadoras-y-sostenibles-en-la-edificacion","term_group":0,"term_taxonomy_id":264,"taxonomy":"donde","description":"","parent":0,"count":13,"filter":"raw","term_order":"0"}],"infraestructura":[],"ods":[],"origen":[{"term_id":180,"name":"Patente","slug":"patente","term_group":0,"term_taxonomy_id":180,"taxonomy":"origen","description":"","parent":0,"count":614,"filter":"raw","term_order":"0"}],"familia_tax":false,"quien_tax":false,"donde_tax":false,"year":"","contacto":"<strong>Principales: <\/strong><ul><li>JOSEP MARIA ADELL ARGILES <blockquote><strong>josep.adell@upm.es<\/strong><\/blockquote><\/li><\/ul>","telefono":"","pagina_web":"","email":"","id_ficha_portal":"510","video":"","adjuntos":false,"adjuntos_portal":"https:\/\/www.upm.es\/S2i\/Acuse\/recuperarArchivo.jsp?id=510&id_archivo=2241&tipo=patente&extension=fichero ","inf":false,"departamento":"","acf":[],"lang":"es","translation":{"es":8491},"_links":{"self":[{"href":"https:\/\/www.upm.es\/recursosidi\/wp-json\/wp\/v2\/product\/8491"}],"collection":[{"href":"https:\/\/www.upm.es\/recursosidi\/wp-json\/wp\/v2\/product"}],"about":[{"href":"https:\/\/www.upm.es\/recursosidi\/wp-json\/wp\/v2\/types\/product"}],"wp:attachment":[{"href":"https:\/\/www.upm.es\/recursosidi\/wp-json\/wp\/v2\/media?parent=8491"}],"wp:term":[{"taxonomy":"product_cat","embeddable":true,"href":"https:\/\/www.upm.es\/recursosidi\/wp-json\/wp\/v2\/product_cat?post=8491"},{"taxonomy":"product_tag","embeddable":true,"href":"https:\/\/www.upm.es\/recursosidi\/wp-json\/wp\/v2\/product_tag?post=8491"},{"taxonomy":"comunidad_upm","embeddable":true,"href":"https:\/\/www.upm.es\/recursosidi\/wp-json\/wp\/v2\/comunidades-upm?post=8491"},{"taxonomy":"quien","embeddable":true,"href":"https:\/\/www.upm.es\/recursosidi\/wp-json\/wp\/v2\/quien?post=8491"},{"taxonomy":"mapa","embeddable":true,"href":"https:\/\/www.upm.es\/recursosidi\/wp-json\/wp\/v2\/mapa?post=8491"},{"taxonomy":"disponibilidad","embeddable":true,"href":"https:\/\/www.upm.es\/recursosidi\/wp-json\/wp\/v2\/disponibilidad?post=8491"},{"taxonomy":"donde","embeddable":true,"href":"https:\/\/www.upm.es\/recursosidi\/wp-json\/wp\/v2\/donde?post=8491"},{"taxonomy":"infraestructura","embeddable":true,"href":"https:\/\/www.upm.es\/recursosidi\/wp-json\/wp\/v2\/infraestructura?post=8491"},{"taxonomy":"ods","embeddable":true,"href":"https:\/\/www.upm.es\/recursosidi\/wp-json\/wp\/v2\/ods?post=8491"},{"taxonomy":"origen","embeddable":true,"href":"https:\/\/www.upm.es\/recursosidi\/wp-json\/wp\/v2\/origen?post=8491"}],"curies":[{"name":"wp","href":"https:\/\/api.w.org\/{rel}","templated":true}]}}