{"id":8493,"date":"2021-11-25T14:09:53","date_gmt":"2021-11-25T13:09:53","guid":{"rendered":"https:\/\/www.upm.es\/recursosidi\/offers-resources\/sin categor\u00eda\/dispositivo-universal-no-intrusivo-de-medida-en-tiempo-real-de-emisiones-contaminantes-de-motores-embarcable-en-vehiculos\/"},"modified":"2022-08-10T02:07:56","modified_gmt":"2022-08-10T00:07:56","slug":"dispositivo-universal-no-intrusivo-de-medida-en-tiempo-real-de-emisiones-contaminantes-de-motores-embarcable-en-vehiculos","status":"publish","type":"product","link":"https:\/\/www.upm.es\/recursosidi\/offers-resources\/patentes\/dispositivo-universal-no-intrusivo-de-medida-en-tiempo-real-de-emisiones-contaminantes-de-motores-embarcable-en-vehiculos\/","title":{"rendered":"Dispositivo universal, no intrusivo, de medida en tiempo real de emisiones contaminantes de motores, embarcable en veh\u00edculos"},"content":{"rendered":"<h5>Descripci\u00f3n de la patente <\/h5>\n<p>La invenci\u00f3n corresponde a un dispositivo de medida de emisiones m\u00e1sicas instant\u00e1neas de motores de combusti\u00f3n interna, universal y embarcable en veh\u00edculos. Consta de:<br \/>\n-Tubo de Muestreo (I), incluye tomas de muestra para los analizadores (2, 8, 30), sondas de medida de NOX (3), y relaci\u00f3n aire\/combustible (4) y un caudal\u00edmetro para gases con alto contenido de humedad y part\u00edculas (5, 6 y 7).<br \/>\n-Conjunto de Analizadores de gases (II),  incluye analizadores de CO, CO2, NO\/NO2, HC, masa total de part\u00edculas (12, 13, 14, 15 y 26 respectivamente), unidades electr\u00f3nicas de medida de relaci\u00f3n aire\/combustible (17), NOX (16) y caudal (28, 23 y 29).<br \/>\n-Sistema de Adquisici\u00f3n y Registro de se\u00f1ales (III)<br \/>\n-Sistema Aut\u00f3nomo de Alimentaci\u00f3n el\u00e9ctrica (IV)<br \/>\n-Sistema de Registro de Variables din\u00e1micas del veh\u00edculo (V).<\/p>\n<h5>Situaci\u00f3n <\/h5>\n<p>Concedida<\/p>\n<h5>N\u00famero de solicitud<\/h5>\n<p>P201000740<\/p>\n<h5>N\u00famero de publicaci\u00f3n<\/h5>\n<p>ES2398837<\/p>\n<h5>Fecha de presentaci\u00f3n <\/h5>\n<p>07\/06\/2010<\/p>\n<h5>Fecha de concesi\u00f3n <\/h5>\n<p>28\/11\/2013<\/p>\n<div class=\"pdfprnt-buttons pdfprnt-buttons-product pdfprnt-bottom-left\"><a href=\"https:\/\/www.upm.es\/recursosidi\/wp-json\/wp\/v2\/product\/8493?print=pdf\" class=\"pdfprnt-button pdfprnt-button-pdf\" target=\"_blank\"><span class=\"pdfprnt-button-title pdfprnt-button-pdf-title\">Descargar ficha<\/span><\/a><\/div>","protected":false},"excerpt":{"rendered":"<p>Descripci\u00f3n de la patente La invenci\u00f3n corresponde a un dispositivo de medida de emisiones m\u00e1sicas instant\u00e1neas de motores de combusti\u00f3n interna, universal y embarcable en&hellip;<\/p>\n","protected":false},"featured_media":0,"template":"","meta":{"_acf_changed":false},"product_cat":[3946],"product_tag":[],"comunidades-upm":[],"quien":[],"mapa":[],"disponibilidad":[],"donde":[{"term_id":376,"name":"Grupo de Inv. en Seguridad e Impacto Medioambiental de Veh\u00edculos y Transportes (GIVET)","slug":"grupo-de-inv-en-seguridad-e-impacto-medioambiental-de-vehiculos-y-transportes-givet","term_group":0,"term_taxonomy_id":376,"taxonomy":"donde","description":"Podemos resumir nuestras <strong>l\u00edneas de investigaci\u00f3n<\/strong> en:\r\n\r\nSeguridad en el transporte colectivo de personas y en el transporte de mercanc\u00edas.\r\nInvestigaci\u00f3n de accidentes de tr\u00e1fico.\r\nBiomec\u00e1nica del impacto aplicada a la mejora de la seguridad pasiva de los veh\u00edculos\r\nSistemas de asistencia al conductor (ADAS).\r\nEvaluaci\u00f3n y predicci\u00f3n de los impactos del transporte por carretera en la seguridad y medio ambiente. Desarrollo y aplicaci\u00f3n de modelos\r\nSistemas alternativos de propulsi\u00f3n e impacto medioambiental de los veh\u00edculos autom\u00f3viles\r\nMec\u00e1nica computacional aplicada al estudio del comportamiento din\u00e1mico de los veh\u00edculos","parent":0,"count":14,"filter":"raw","term_order":"0"},{"term_id":240,"name":"Instituto Universitario de Investigaci\u00f3n del Autom\u00f3vil (INSIA)","slug":"instituto-universitario-de-investigacion-del-automovil-insia","term_group":0,"term_taxonomy_id":240,"taxonomy":"donde","description":"","parent":0,"count":18,"filter":"raw","term_order":"0"}],"infraestructura":[],"ods":[],"origen":[{"term_id":180,"name":"Patente","slug":"patente","term_group":0,"term_taxonomy_id":180,"taxonomy":"origen","description":"","parent":0,"count":614,"filter":"raw","term_order":"0"}],"familia_tax":false,"quien_tax":false,"donde_tax":false,"year":"","contacto":"<strong>Principales: <\/strong><ul><li>JESUS CASANOVA KINDELAN <blockquote><strong>jesus.casanova@upm.es<\/strong><\/blockquote><\/li><li>NATALIA ELIZABETH FONSECA GONZALEZ <blockquote><strong>natalia.fonseca@upm.es<\/strong><\/blockquote><\/li><\/ul>","telefono":"","pagina_web":"","email":"","id_ficha_portal":"516","video":"","adjuntos":false,"adjuntos_portal":"https:\/\/www.upm.es\/S2i\/Acuse\/recuperarArchivo.jsp?id=516&id_archivo=2339&tipo=patente&extension=fichero ","inf":false,"departamento":"","acf":[],"lang":"es","translation":{"es":8493},"_links":{"self":[{"href":"https:\/\/www.upm.es\/recursosidi\/wp-json\/wp\/v2\/product\/8493"}],"collection":[{"href":"https:\/\/www.upm.es\/recursosidi\/wp-json\/wp\/v2\/product"}],"about":[{"href":"https:\/\/www.upm.es\/recursosidi\/wp-json\/wp\/v2\/types\/product"}],"wp:attachment":[{"href":"https:\/\/www.upm.es\/recursosidi\/wp-json\/wp\/v2\/media?parent=8493"}],"wp:term":[{"taxonomy":"product_cat","embeddable":true,"href":"https:\/\/www.upm.es\/recursosidi\/wp-json\/wp\/v2\/product_cat?post=8493"},{"taxonomy":"product_tag","embeddable":true,"href":"https:\/\/www.upm.es\/recursosidi\/wp-json\/wp\/v2\/product_tag?post=8493"},{"taxonomy":"comunidad_upm","embeddable":true,"href":"https:\/\/www.upm.es\/recursosidi\/wp-json\/wp\/v2\/comunidades-upm?post=8493"},{"taxonomy":"quien","embeddable":true,"href":"https:\/\/www.upm.es\/recursosidi\/wp-json\/wp\/v2\/quien?post=8493"},{"taxonomy":"mapa","embeddable":true,"href":"https:\/\/www.upm.es\/recursosidi\/wp-json\/wp\/v2\/mapa?post=8493"},{"taxonomy":"disponibilidad","embeddable":true,"href":"https:\/\/www.upm.es\/recursosidi\/wp-json\/wp\/v2\/disponibilidad?post=8493"},{"taxonomy":"donde","embeddable":true,"href":"https:\/\/www.upm.es\/recursosidi\/wp-json\/wp\/v2\/donde?post=8493"},{"taxonomy":"infraestructura","embeddable":true,"href":"https:\/\/www.upm.es\/recursosidi\/wp-json\/wp\/v2\/infraestructura?post=8493"},{"taxonomy":"ods","embeddable":true,"href":"https:\/\/www.upm.es\/recursosidi\/wp-json\/wp\/v2\/ods?post=8493"},{"taxonomy":"origen","embeddable":true,"href":"https:\/\/www.upm.es\/recursosidi\/wp-json\/wp\/v2\/origen?post=8493"}],"curies":[{"name":"wp","href":"https:\/\/api.w.org\/{rel}","templated":true}]}}