{"id":8494,"date":"2021-11-25T14:09:55","date_gmt":"2021-11-25T13:09:55","guid":{"rendered":"https:\/\/www.upm.es\/recursosidi\/offers-resources\/sin categor\u00eda\/sistema-de-cimentacion-autonivelante-para-edificaciones-transportables\/"},"modified":"2022-08-10T02:07:58","modified_gmt":"2022-08-10T00:07:58","slug":"sistema-de-cimentacion-autonivelante-para-edificaciones-transportables","status":"publish","type":"product","link":"https:\/\/www.upm.es\/recursosidi\/offers-resources\/patentes\/sistema-de-cimentacion-autonivelante-para-edificaciones-transportables\/","title":{"rendered":"Sistema de cimentaci\u00f3n autonivelante para edificaciones transportables"},"content":{"rendered":"<h5>Descripci\u00f3n de la patente <\/h5>\n<p>Sistema de cimentaci\u00f3n autonivelante para edificaciones transportables, que estando especialmente concebido para viviendas o inmuebles modulares m\u00f3viles, se caracteriza por tener un conjunto de gatos mec\u00e1nicos (hidra\u00falicos, neum\u00e1ticos o el\u00e9ctricos) (1) dispuestos estrat\u00e9gicamente en la vertical de algunos soportes estructurales de la edificaci\u00f3n modular (15) (15\u00bf) (15\u00bf\u00bf), cuyo forjado inferior puede ser tradicional o estar constituido por semirremolques transformados (11) (11\u00bf) (11\u00bf\u00bf), capaces de acoplarse lateralmente entre s\u00ed y poder adquirir distintos niveles hasta atornillarse horizontalmente entre s\u00ed, mediante el alargamiento (o acortamiento) de los v\u00e1stagos (6) (6\u00bf) de los gatos (1), que adem\u00e1s lograr\u00e1n mantener en todo momento el nivel preestablecido de la edificaci\u00f3n, cualquiera que sea la altura de la placa de apoyo de cimentaci\u00f3n (13) escogida o el asentamiento que pudiera adquirir dicho apoyo a lo largo del tiempo, y todo ello gracias a una regulaci\u00f3n manual o automatizada con la dom\u00f3tica.<\/p>\n<h5>Situaci\u00f3n <\/h5>\n<p>Concedida<\/p>\n<h5>N\u00famero de solicitud<\/h5>\n<p>P200902064<\/p>\n<h5>N\u00famero de publicaci\u00f3n<\/h5>\n<p>ES2340132<\/p>\n<h5>Fecha de presentaci\u00f3n <\/h5>\n<p>29\/10\/2009<\/p>\n<h5>Fecha de concesi\u00f3n <\/h5>\n<p>16\/05\/2011<\/p>\n<div class=\"pdfprnt-buttons pdfprnt-buttons-product pdfprnt-bottom-left\"><a href=\"https:\/\/www.upm.es\/recursosidi\/wp-json\/wp\/v2\/product\/8494?print=pdf\" class=\"pdfprnt-button pdfprnt-button-pdf\" target=\"_blank\"><span class=\"pdfprnt-button-title pdfprnt-button-pdf-title\">Descargar ficha<\/span><\/a><\/div>","protected":false},"excerpt":{"rendered":"<p>Descripci\u00f3n de la patente Sistema de cimentaci\u00f3n autonivelante para edificaciones transportables, que estando especialmente concebido para viviendas o inmuebles modulares m\u00f3viles, se caracteriza por tener&hellip;<\/p>\n","protected":false},"featured_media":0,"template":"","meta":{"_acf_changed":false},"product_cat":[3946],"product_tag":[],"comunidades-upm":[],"quien":[],"mapa":[],"disponibilidad":[],"donde":[{"term_id":264,"name":"T\u00e9cnicas Innovadoras y Sostenibles en la Edificaci\u00f3n","slug":"tecnicas-innovadoras-y-sostenibles-en-la-edificacion","term_group":0,"term_taxonomy_id":264,"taxonomy":"donde","description":"","parent":0,"count":13,"filter":"raw","term_order":"0"}],"infraestructura":[],"ods":[],"origen":[{"term_id":180,"name":"Patente","slug":"patente","term_group":0,"term_taxonomy_id":180,"taxonomy":"origen","description":"","parent":0,"count":614,"filter":"raw","term_order":"0"}],"familia_tax":false,"quien_tax":false,"donde_tax":false,"year":"","contacto":"<strong>Principales: <\/strong><ul><li>JOSEP MARIA ADELL ARGILES <blockquote><strong>josep.adell@upm.es<\/strong><\/blockquote><\/li><li>EDGAR LOMBANA ECHEVERRY <blockquote><strong><\/strong><\/blockquote><\/li><\/ul>","telefono":"","pagina_web":"","email":"","id_ficha_portal":"469","video":"","adjuntos":false,"adjuntos_portal":"https:\/\/www.upm.es\/S2i\/Acuse\/recuperarArchivo.jsp?id=469&id_archivo=586&tipo=patente&extension=fichero ","inf":false,"departamento":"","acf":[],"lang":"es","translation":{"es":8494},"_links":{"self":[{"href":"https:\/\/www.upm.es\/recursosidi\/wp-json\/wp\/v2\/product\/8494"}],"collection":[{"href":"https:\/\/www.upm.es\/recursosidi\/wp-json\/wp\/v2\/product"}],"about":[{"href":"https:\/\/www.upm.es\/recursosidi\/wp-json\/wp\/v2\/types\/product"}],"wp:attachment":[{"href":"https:\/\/www.upm.es\/recursosidi\/wp-json\/wp\/v2\/media?parent=8494"}],"wp:term":[{"taxonomy":"product_cat","embeddable":true,"href":"https:\/\/www.upm.es\/recursosidi\/wp-json\/wp\/v2\/product_cat?post=8494"},{"taxonomy":"product_tag","embeddable":true,"href":"https:\/\/www.upm.es\/recursosidi\/wp-json\/wp\/v2\/product_tag?post=8494"},{"taxonomy":"comunidad_upm","embeddable":true,"href":"https:\/\/www.upm.es\/recursosidi\/wp-json\/wp\/v2\/comunidades-upm?post=8494"},{"taxonomy":"quien","embeddable":true,"href":"https:\/\/www.upm.es\/recursosidi\/wp-json\/wp\/v2\/quien?post=8494"},{"taxonomy":"mapa","embeddable":true,"href":"https:\/\/www.upm.es\/recursosidi\/wp-json\/wp\/v2\/mapa?post=8494"},{"taxonomy":"disponibilidad","embeddable":true,"href":"https:\/\/www.upm.es\/recursosidi\/wp-json\/wp\/v2\/disponibilidad?post=8494"},{"taxonomy":"donde","embeddable":true,"href":"https:\/\/www.upm.es\/recursosidi\/wp-json\/wp\/v2\/donde?post=8494"},{"taxonomy":"infraestructura","embeddable":true,"href":"https:\/\/www.upm.es\/recursosidi\/wp-json\/wp\/v2\/infraestructura?post=8494"},{"taxonomy":"ods","embeddable":true,"href":"https:\/\/www.upm.es\/recursosidi\/wp-json\/wp\/v2\/ods?post=8494"},{"taxonomy":"origen","embeddable":true,"href":"https:\/\/www.upm.es\/recursosidi\/wp-json\/wp\/v2\/origen?post=8494"}],"curies":[{"name":"wp","href":"https:\/\/api.w.org\/{rel}","templated":true}]}}