{"id":8495,"date":"2021-11-25T14:09:58","date_gmt":"2021-11-25T13:09:58","guid":{"rendered":"https:\/\/www.upm.es\/recursosidi\/offers-resources\/sin%20categor\u00eda\/antena-reflectarray-de-polarizacion-dual-lineal-con-propiedades-de-polarizacion-cruzada-mejoradas\/"},"modified":"2022-08-10T02:08:01","modified_gmt":"2022-08-10T00:08:01","slug":"antena-reflectarray-de-polarizacion-dual-lineal-con-propiedades-de-polarizacion-cruzada-mejoradas","status":"publish","type":"product","link":"https:\/\/www.upm.es\/recursosidi\/offers-resources\/patentes\/antena-reflectarray-de-polarizacion-dual-lineal-con-propiedades-de-polarizacion-cruzada-mejoradas\/","title":{"rendered":"Antena  Reflectarray de polarizaci\u00f3n dual lineal con propiedades de polarizaci\u00f3n cruzada mejoradas"},"content":{"rendered":"<h5>Descripci\u00f3n de la patente <\/h5>\n<p>Antena reflectarray de polarizaci\u00f3n dual lineal con propiedades de polarizaci\u00f3n cruzada mejoradas. La antena reflectarray consiste en un agrupamiento plano de celdas desfasadoras iluminado por un alimentador, que produce un haz colimado o conformado en polarizaci\u00f3n dual-lineal, donde las celdas desfasadoras est\u00e1n formadas por  parches conductores de tama\u00f1o variable con un \u00e1ngulo de rotaci\u00f3n que se ha ajustado para minimizar la polarizaci\u00f3n cruzada. En una primera implementaci\u00f3n, los parches en los que el \u00e1ngulo de incidencia es mayor que un umbral prefijado se rotan de manera que la direcci\u00f3n de propagaci\u00f3n del campo incidente est\u00e9 contenida en un plano de simetr\u00eda de los parches. En una segunda implementaci\u00f3n, el \u00e1ngulo de rotaci\u00f3n de los parches en cada celda se optimiza para minimizar la polarizaci\u00f3n cruzada en una banda de frecuencias prefijada. La invenci\u00f3n puede aplicarse a antenas de polarizaci\u00f3n dual en sat\u00e9lites de telecomunicaciones.<\/p>\n<h5>Situaci\u00f3n <\/h5>\n<p>Concedida<\/p>\n<h5>N\u00famero de solicitud<\/h5>\n<p>P200931140<\/p>\n<h5>N\u00famero de publicaci\u00f3n<\/h5>\n<p>ES2339099<\/p>\n<h5>Fecha de presentaci\u00f3n <\/h5>\n<p>10\/12\/2009<\/p>\n<h5>Fecha de concesi\u00f3n <\/h5>\n<p>27\/09\/2010<\/p>\n<h4><strong>Extensiones Internacionales<\/strong><\/h4>\n<h5>EUROPA<\/h5>\n<p><strong>Referencia de la solicitud: <\/strong>EP2337152; EP10290640.1<br \/><strong>T\u00edtulo:\t\t\t\t\t   <\/strong>Dual-polarisation reflectarray antenna with improved cross-polarization properties <br \/><strong>Situacion: \t\t\t\t   <\/strong>Concedida<\/p>\n<div class=\"pdfprnt-buttons pdfprnt-buttons-product pdfprnt-bottom-left\"><a href=\"https:\/\/www.upm.es\/recursosidi\/wp-json\/wp\/v2\/product\/8495?print=pdf\" class=\"pdfprnt-button pdfprnt-button-pdf\" target=\"_blank\"><span class=\"pdfprnt-button-title pdfprnt-button-pdf-title\">Descargar ficha<\/span><\/a><\/div>","protected":false},"excerpt":{"rendered":"<p>Descripci\u00f3n de la patente Antena reflectarray de polarizaci\u00f3n dual lineal con propiedades de polarizaci\u00f3n cruzada mejoradas. La antena reflectarray consiste en un agrupamiento plano de&hellip;<\/p>\n","protected":false},"featured_media":0,"template":"","meta":{"_acf_changed":false},"product_cat":[3946],"product_tag":[],"comunidades-upm":[],"quien":[],"mapa":[],"disponibilidad":[],"donde":[{"term_id":614,"name":"Grupo de Electromagnetismo Aplicado","slug":"grupo-de-electromagnetismo-aplicado","term_group":0,"term_taxonomy_id":614,"taxonomy":"donde","description":"","parent":0,"count":14,"filter":"raw","term_order":"0"},{"term_id":642,"name":"Information Processing and Telecommunications Center (IPTC)","slug":"information-processing-and-telecommunications-center-iptc","term_group":0,"term_taxonomy_id":642,"taxonomy":"donde","description":"","parent":0,"count":74,"filter":"raw","term_order":"0"}],"infraestructura":[],"ods":[],"origen":[{"term_id":180,"name":"Patente","slug":"patente","term_group":0,"term_taxonomy_id":180,"taxonomy":"origen","description":"","parent":0,"count":614,"filter":"raw","term_order":"0"}],"familia_tax":false,"quien_tax":false,"donde_tax":false,"year":"","contacto":"<strong>Principales: <\/strong><ul><li>JOSE ANTONIO ENCINAR GARCINU\u00d1O <blockquote><strong>jose.encinar@upm.es<\/strong><\/blockquote><\/li><\/ul><strong>Otros inventores UPM: <\/strong><ul><li>Arr\u00e9bola Baena, Manuel<\/li><li>Toso, Giovanni<\/li><li>Menzel, Wolfgang<\/li><li>Mangenot, Cyril<\/li><\/ul>","telefono":"","pagina_web":"","email":"","id_ficha_portal":"475","video":"","adjuntos":false,"adjuntos_portal":"https:\/\/www.upm.es\/S2i\/Acuse\/recuperarArchivo.jsp?id=475&id_archivo=678&tipo=patente&extension=fichero ","inf":false,"departamento":"","acf":[],"lang":"es","translation":{"es":8495},"_links":{"self":[{"href":"https:\/\/www.upm.es\/recursosidi\/wp-json\/wp\/v2\/product\/8495"}],"collection":[{"href":"https:\/\/www.upm.es\/recursosidi\/wp-json\/wp\/v2\/product"}],"about":[{"href":"https:\/\/www.upm.es\/recursosidi\/wp-json\/wp\/v2\/types\/product"}],"wp:attachment":[{"href":"https:\/\/www.upm.es\/recursosidi\/wp-json\/wp\/v2\/media?parent=8495"}],"wp:term":[{"taxonomy":"product_cat","embeddable":true,"href":"https:\/\/www.upm.es\/recursosidi\/wp-json\/wp\/v2\/product_cat?post=8495"},{"taxonomy":"product_tag","embeddable":true,"href":"https:\/\/www.upm.es\/recursosidi\/wp-json\/wp\/v2\/product_tag?post=8495"},{"taxonomy":"comunidad_upm","embeddable":true,"href":"https:\/\/www.upm.es\/recursosidi\/wp-json\/wp\/v2\/comunidades-upm?post=8495"},{"taxonomy":"quien","embeddable":true,"href":"https:\/\/www.upm.es\/recursosidi\/wp-json\/wp\/v2\/quien?post=8495"},{"taxonomy":"mapa","embeddable":true,"href":"https:\/\/www.upm.es\/recursosidi\/wp-json\/wp\/v2\/mapa?post=8495"},{"taxonomy":"disponibilidad","embeddable":true,"href":"https:\/\/www.upm.es\/recursosidi\/wp-json\/wp\/v2\/disponibilidad?post=8495"},{"taxonomy":"donde","embeddable":true,"href":"https:\/\/www.upm.es\/recursosidi\/wp-json\/wp\/v2\/donde?post=8495"},{"taxonomy":"infraestructura","embeddable":true,"href":"https:\/\/www.upm.es\/recursosidi\/wp-json\/wp\/v2\/infraestructura?post=8495"},{"taxonomy":"ods","embeddable":true,"href":"https:\/\/www.upm.es\/recursosidi\/wp-json\/wp\/v2\/ods?post=8495"},{"taxonomy":"origen","embeddable":true,"href":"https:\/\/www.upm.es\/recursosidi\/wp-json\/wp\/v2\/origen?post=8495"}],"curies":[{"name":"wp","href":"https:\/\/api.w.org\/{rel}","templated":true}]}}