{"id":8496,"date":"2021-11-25T14:10:00","date_gmt":"2021-11-25T13:10:00","guid":{"rendered":"https:\/\/www.upm.es\/recursosidi\/offers-resources\/sin categor\u00eda\/receptor-para-central-solar-con-espejos-longitudinales\/"},"modified":"2022-08-10T02:08:04","modified_gmt":"2022-08-10T00:08:04","slug":"receptor-para-central-solar-con-espejos-longitudinales","status":"publish","type":"product","link":"https:\/\/www.upm.es\/recursosidi\/offers-resources\/patentes\/receptor-para-central-solar-con-espejos-longitudinales\/","title":{"rendered":"Receptor para central solar con espejos longitudinales"},"content":{"rendered":"<h5>Descripci\u00f3n de la patente <\/h5>\n<p>Receptor para central solar con espejos (7) y receptores (1) longitudinales horizontales, cuyos ejes de giro y de simetr\u00eda (14) son paralelos al eje largo del receptor de la radiaci\u00f3n, que est\u00e1 constituido por un colector de dilataci\u00f3n y presi\u00f3n compensadas, cuyos tubos (19) van agrupados en haces independientes, central (20) y adyacentes (21 y 22), aislados t\u00e9rmicamente entre s\u00ed longitudinalmente, circulando el fluido calor\u00edfero primero por ambos haces adyacentes en paralelo, para ser inyectado a continuaci\u00f3n en el haz central, donde la intensidad de radiaci\u00f3n recibida es mayor por recibir la radiaci\u00f3n del conjunto de espejos enfocados sobre la l\u00ednea media de la cara activa (2) del receptor, pudiendo cada haz de tubos ir cubierto por una ventana transparente (28) independiente (60, 61, 62).<\/p>\n<h5>Situaci\u00f3n <\/h5>\n<p>Concedida<\/p>\n<h5>N\u00famero de solicitud<\/h5>\n<p>P201000717<\/p>\n<h5>N\u00famero de publicaci\u00f3n<\/h5>\n<p>ES2345759<\/p>\n<h5>Fecha de presentaci\u00f3n <\/h5>\n<p>01\/06\/2010<\/p>\n<h5>Fecha de concesi\u00f3n <\/h5>\n<p>23\/03\/2011<\/p>\n<div class=\"pdfprnt-buttons pdfprnt-buttons-product pdfprnt-bottom-left\"><a href=\"https:\/\/www.upm.es\/recursosidi\/wp-json\/wp\/v2\/product\/8496?print=pdf\" class=\"pdfprnt-button pdfprnt-button-pdf\" target=\"_blank\"><span class=\"pdfprnt-button-title pdfprnt-button-pdf-title\">Descargar ficha<\/span><\/a><\/div>","protected":false},"excerpt":{"rendered":"<p>Descripci\u00f3n de la patente Receptor para central solar con espejos (7) y receptores (1) longitudinales horizontales, cuyos ejes de giro y de simetr\u00eda (14) son&hellip;<\/p>\n","protected":false},"featured_media":0,"template":"","meta":{"_acf_changed":false},"product_cat":[3946],"product_tag":[],"comunidades-upm":[],"quien":[],"mapa":[],"disponibilidad":[],"donde":[{"term_id":238,"name":"Instituto de Fusi\u00f3n Nuclear \"Guillermo Velarde\" (IFN-GV)","slug":"instituto-de-fusion-nuclear-guillermo-velarde-ifn-gv","term_group":0,"term_taxonomy_id":238,"taxonomy":"donde","description":"","parent":0,"count":57,"filter":"raw","term_order":"0"},{"term_id":390,"name":"Thermal Energy for Sustainability","slug":"thermal-energy-for-sustainability","term_group":0,"term_taxonomy_id":390,"taxonomy":"donde","description":"","parent":0,"count":57,"filter":"raw","term_order":"0"}],"infraestructura":[],"ods":[],"origen":[{"term_id":180,"name":"Patente","slug":"patente","term_group":0,"term_taxonomy_id":180,"taxonomy":"origen","description":"","parent":0,"count":614,"filter":"raw","term_order":"0"}],"familia_tax":false,"quien_tax":false,"donde_tax":false,"year":"","contacto":"<strong>Principales: <\/strong><ul><li>JOSE MARIA MARTINEZ-VAL PE\u00d1ALOSA <blockquote><strong>josemaria.martinezval@upm.es<\/strong><\/blockquote><\/li><li>MANUEL VALDES DEL FRESNO <blockquote><strong>manuel.valdes@upm.es<\/strong><\/blockquote><\/li><li>ALBERTO ABANADES VELASCO <blockquote><strong>alberto.abanades@upm.es<\/strong><\/blockquote><\/li><li>RAFAEL RUBEN AMENGUAL MATAS <blockquote><strong>ruben.amengual@upm.es<\/strong><\/blockquote><\/li><\/ul><strong>Otros inventores UPM: <\/strong><ul><li>Javier Mu\u00f1oz Anton<\/li><\/ul><strong>Otros inventores: <\/strong><ul><li>MireiaPiera Carrete Universidad Nacional de Educacion a Distancia (UNED)<\/li> <li>Mar\u00eda Jos\u00e9Montes Pita Universidad Nacional de Educacion a Distancia (UNED)<\/li> <li>AntonioRovira de Antonio Universidad Nacional de Educacion a Distancia (UNED)<\/li> <\/ul>","telefono":"","pagina_web":"","email":"","id_ficha_portal":"515","video":"","adjuntos":false,"adjuntos_portal":"https:\/\/www.upm.es\/S2i\/Acuse\/recuperarArchivo.jsp?id=515&id_archivo=691&tipo=patente&extension=fichero ","inf":false,"departamento":"","acf":[],"lang":"es","translation":{"es":8496},"_links":{"self":[{"href":"https:\/\/www.upm.es\/recursosidi\/wp-json\/wp\/v2\/product\/8496"}],"collection":[{"href":"https:\/\/www.upm.es\/recursosidi\/wp-json\/wp\/v2\/product"}],"about":[{"href":"https:\/\/www.upm.es\/recursosidi\/wp-json\/wp\/v2\/types\/product"}],"wp:attachment":[{"href":"https:\/\/www.upm.es\/recursosidi\/wp-json\/wp\/v2\/media?parent=8496"}],"wp:term":[{"taxonomy":"product_cat","embeddable":true,"href":"https:\/\/www.upm.es\/recursosidi\/wp-json\/wp\/v2\/product_cat?post=8496"},{"taxonomy":"product_tag","embeddable":true,"href":"https:\/\/www.upm.es\/recursosidi\/wp-json\/wp\/v2\/product_tag?post=8496"},{"taxonomy":"comunidad_upm","embeddable":true,"href":"https:\/\/www.upm.es\/recursosidi\/wp-json\/wp\/v2\/comunidades-upm?post=8496"},{"taxonomy":"quien","embeddable":true,"href":"https:\/\/www.upm.es\/recursosidi\/wp-json\/wp\/v2\/quien?post=8496"},{"taxonomy":"mapa","embeddable":true,"href":"https:\/\/www.upm.es\/recursosidi\/wp-json\/wp\/v2\/mapa?post=8496"},{"taxonomy":"disponibilidad","embeddable":true,"href":"https:\/\/www.upm.es\/recursosidi\/wp-json\/wp\/v2\/disponibilidad?post=8496"},{"taxonomy":"donde","embeddable":true,"href":"https:\/\/www.upm.es\/recursosidi\/wp-json\/wp\/v2\/donde?post=8496"},{"taxonomy":"infraestructura","embeddable":true,"href":"https:\/\/www.upm.es\/recursosidi\/wp-json\/wp\/v2\/infraestructura?post=8496"},{"taxonomy":"ods","embeddable":true,"href":"https:\/\/www.upm.es\/recursosidi\/wp-json\/wp\/v2\/ods?post=8496"},{"taxonomy":"origen","embeddable":true,"href":"https:\/\/www.upm.es\/recursosidi\/wp-json\/wp\/v2\/origen?post=8496"}],"curies":[{"name":"wp","href":"https:\/\/api.w.org\/{rel}","templated":true}]}}