{"id":8497,"date":"2021-11-25T14:10:03","date_gmt":"2021-11-25T13:10:03","guid":{"rendered":"https:\/\/www.upm.es\/recursosidi\/offers-resources\/sin categor\u00eda\/material-bifuncional-absorbenteadsorbente-obtenido-a-partir-de-lodos-de-destintado-de-papel-procedimiento-de-obtencion-y-uso\/"},"modified":"2022-08-10T02:08:07","modified_gmt":"2022-08-10T00:08:07","slug":"material-bifuncional-absorbenteadsorbente-obtenido-a-partir-de-lodos-de-destintado-de-papel-procedimiento-de-obtencion-y-uso","status":"publish","type":"product","link":"https:\/\/www.upm.es\/recursosidi\/offers-resources\/patentes\/material-bifuncional-absorbenteadsorbente-obtenido-a-partir-de-lodos-de-destintado-de-papel-procedimiento-de-obtencion-y-uso\/","title":{"rendered":"Material bifuncional absorbente\u00bfadsorbente obtenido a partir de lodos de destintado de papel, procedimiento de obtenci\u00f3n y uso"},"content":{"rendered":"<h5>Descripci\u00f3n de la patente <\/h5>\n<p>La presente invenci\u00f3n describe un material bifuncional obtenido a partir de lodos de destintado de papel de la industria papelera, con caracter\u00edsticas adsorbentes gracias a la presencia de carb\u00f3n activo, absorbentes y neutralizantes gracias a la presencia de \u00f3xido de calcio. El proceso de obtenci\u00f3n parte de la pir\u00f3lisis de los lodos de destintado producidos en el proceso de fabricaci\u00f3n de papel prensa a partir de papel reciclado. La invenci\u00f3n incluye el uso del material bifuncional en la depuraci\u00f3n y\/o neutralizaci\u00f3n de corrientes l\u00edquidas o gaseosas de car\u00e1cter \u00e1cido, y en particular aplicado al control de la contaminaci\u00f3n ambiental.<\/p>\n<h5>Situaci\u00f3n <\/h5>\n<p>Concedida<\/p>\n<h5>N\u00famero de solicitud<\/h5>\n<p>P201030101<\/p>\n<h5>N\u00famero de publicaci\u00f3n<\/h5>\n<p>ES2338981<\/p>\n<h5>Fecha de presentaci\u00f3n <\/h5>\n<p>27\/01\/2010<\/p>\n<h5>Fecha de concesi\u00f3n <\/h5>\n<p>09\/09\/2010<\/p>\n<div class=\"pdfprnt-buttons pdfprnt-buttons-product pdfprnt-bottom-left\"><a href=\"https:\/\/www.upm.es\/recursosidi\/wp-json\/wp\/v2\/product\/8497?print=pdf\" class=\"pdfprnt-button pdfprnt-button-pdf\" target=\"_blank\"><span class=\"pdfprnt-button-title pdfprnt-button-pdf-title\">Descargar ficha<\/span><\/a><\/div>","protected":false},"excerpt":{"rendered":"<p>Descripci\u00f3n de la patente La presente invenci\u00f3n describe un material bifuncional obtenido a partir de lodos de destintado de papel de la industria papelera, con&hellip;<\/p>\n","protected":false},"featured_media":0,"template":"","meta":{"_acf_changed":false},"product_cat":[3946],"product_tag":[],"comunidades-upm":[],"quien":[],"mapa":[],"disponibilidad":[],"donde":[{"term_id":608,"name":"An\u00e1lisis y Caracterizaci\u00f3n \u00d3ptica de Materiales","slug":"analisis-y-caracterizacion-optica-de-materiales","term_group":0,"term_taxonomy_id":608,"taxonomy":"donde","description":"","parent":0,"count":15,"filter":"raw","term_order":"0"}],"infraestructura":[],"ods":[],"origen":[{"term_id":180,"name":"Patente","slug":"patente","term_group":0,"term_taxonomy_id":180,"taxonomy":"origen","description":"","parent":0,"count":614,"filter":"raw","term_order":"0"}],"familia_tax":false,"quien_tax":false,"donde_tax":false,"year":"","contacto":"<strong>Principales: <\/strong><ul><li>FRANCISCO FERNANDEZ MARTINEZ <blockquote><strong>francisco.fernandezm@upm.es<\/strong><\/blockquote><\/li><li>EVANGELINA ATANES SANCHEZ <blockquote><strong>evangelina.atanes@upm.es<\/strong><\/blockquote><\/li><li>ISABEL CARRILLO RAMIRO <blockquote><strong>isabel.carrillo@upm.es<\/strong><\/blockquote><\/li><\/ul>","telefono":"","pagina_web":"","email":"","id_ficha_portal":"491","video":"","adjuntos":false,"adjuntos_portal":"https:\/\/www.upm.es\/S2i\/Acuse\/recuperarArchivo.jsp?id=491&id_archivo=572&tipo=patente&extension=fichero ","inf":false,"departamento":"","acf":[],"lang":"es","translation":{"es":8497},"_links":{"self":[{"href":"https:\/\/www.upm.es\/recursosidi\/wp-json\/wp\/v2\/product\/8497"}],"collection":[{"href":"https:\/\/www.upm.es\/recursosidi\/wp-json\/wp\/v2\/product"}],"about":[{"href":"https:\/\/www.upm.es\/recursosidi\/wp-json\/wp\/v2\/types\/product"}],"wp:attachment":[{"href":"https:\/\/www.upm.es\/recursosidi\/wp-json\/wp\/v2\/media?parent=8497"}],"wp:term":[{"taxonomy":"product_cat","embeddable":true,"href":"https:\/\/www.upm.es\/recursosidi\/wp-json\/wp\/v2\/product_cat?post=8497"},{"taxonomy":"product_tag","embeddable":true,"href":"https:\/\/www.upm.es\/recursosidi\/wp-json\/wp\/v2\/product_tag?post=8497"},{"taxonomy":"comunidad_upm","embeddable":true,"href":"https:\/\/www.upm.es\/recursosidi\/wp-json\/wp\/v2\/comunidades-upm?post=8497"},{"taxonomy":"quien","embeddable":true,"href":"https:\/\/www.upm.es\/recursosidi\/wp-json\/wp\/v2\/quien?post=8497"},{"taxonomy":"mapa","embeddable":true,"href":"https:\/\/www.upm.es\/recursosidi\/wp-json\/wp\/v2\/mapa?post=8497"},{"taxonomy":"disponibilidad","embeddable":true,"href":"https:\/\/www.upm.es\/recursosidi\/wp-json\/wp\/v2\/disponibilidad?post=8497"},{"taxonomy":"donde","embeddable":true,"href":"https:\/\/www.upm.es\/recursosidi\/wp-json\/wp\/v2\/donde?post=8497"},{"taxonomy":"infraestructura","embeddable":true,"href":"https:\/\/www.upm.es\/recursosidi\/wp-json\/wp\/v2\/infraestructura?post=8497"},{"taxonomy":"ods","embeddable":true,"href":"https:\/\/www.upm.es\/recursosidi\/wp-json\/wp\/v2\/ods?post=8497"},{"taxonomy":"origen","embeddable":true,"href":"https:\/\/www.upm.es\/recursosidi\/wp-json\/wp\/v2\/origen?post=8497"}],"curies":[{"name":"wp","href":"https:\/\/api.w.org\/{rel}","templated":true}]}}