{"id":8498,"date":"2021-11-25T14:10:05","date_gmt":"2021-11-25T13:10:05","guid":{"rendered":"https:\/\/www.upm.es\/recursosidi\/offers-resources\/sin categor\u00eda\/amplificador-de-potencia-de-radiofrecuencia-de-alto-rendimiento-y-banda-ancha\/"},"modified":"2022-08-10T02:08:09","modified_gmt":"2022-08-10T00:08:09","slug":"amplificador-de-potencia-de-radiofrecuencia-de-alto-rendimiento-y-banda-ancha","status":"publish","type":"product","link":"https:\/\/www.upm.es\/recursosidi\/offers-resources\/patentes\/amplificador-de-potencia-de-radiofrecuencia-de-alto-rendimiento-y-banda-ancha\/","title":{"rendered":"Amplificador de potencia de radiofrecuencia de alto rendimiento y banda ancha"},"content":{"rendered":"<h5>Descripci\u00f3n de la patente <\/h5>\n<p>Amplificador de potencia de radiofrecuencia de alto rendimiento y banda ancha, que comprende:<br \/>\n&#8211; un elemento conmutador (1);<br \/>\n&#8211; medios de transformaci\u00f3n de admitancia (2) conectados en paralelo al elemento conmutador (1), configurados para aumentar la admitancia de carga presentada al elemento conmutador (1) vista desde una red de terminaci\u00f3n de admitancia (3);<br \/>\n&#8211; la red de terminaci\u00f3n de admitancia (3), encargada de proporcionar la terminaci\u00f3n de carga requerida a 2f0 y 3f0 para funcionamiento en condiciones de Clase-E nominal y modificar, junto a las capacidades COUT y C1 adem\u00e1s de la inductancia LEQ, la fase de la admitancia presentada por una carga de terminaci\u00f3n (R3) conectada a dicha red (3) vista desde el elemento conmutador (1), hasta un \u00e1ngulo de fase requerido por dicho elemento conmutador (1) a frecuencia fundamental para funcionamiento en Clase-E nominal.<br \/>\nUtilizable en comunicaciones, calentamiento industrial, fabricaci\u00f3n de semiconductores, aplicaciones nucleares, tecnolog\u00eda l\u00e1ser y diagn\u00f3stico por imagen en medicina.<\/p>\n<h5>Situaci\u00f3n <\/h5>\n<p>Concedida<\/p>\n<h5>N\u00famero de solicitud<\/h5>\n<p>P201030447<\/p>\n<h5>N\u00famero de publicaci\u00f3n<\/h5>\n<p>ES2390442<\/p>\n<h5>Fecha de presentaci\u00f3n <\/h5>\n<p>25\/03\/2010<\/p>\n<h5>Fecha de concesi\u00f3n <\/h5>\n<p>26\/12\/2013<\/p>\n<div class=\"pdfprnt-buttons pdfprnt-buttons-product pdfprnt-bottom-left\"><a href=\"https:\/\/www.upm.es\/recursosidi\/wp-json\/wp\/v2\/product\/8498?print=pdf\" class=\"pdfprnt-button pdfprnt-button-pdf\" target=\"_blank\"><span class=\"pdfprnt-button-title pdfprnt-button-pdf-title\">Descargar ficha<\/span><\/a><\/div>","protected":false},"excerpt":{"rendered":"<p>Descripci\u00f3n de la patente Amplificador de potencia de radiofrecuencia de alto rendimiento y banda ancha, que comprende: &#8211; un elemento conmutador (1); &#8211; medios de&hellip;<\/p>\n","protected":false},"featured_media":0,"template":"","meta":{"_acf_changed":false},"product_cat":[3946],"product_tag":[],"comunidades-upm":[],"quien":[],"mapa":[],"disponibilidad":[],"donde":[{"term_id":546,"name":"Centro de Electr\u00f3nica Industrial (CEI)","slug":"centro-de-electronica-industrial-cei","term_group":0,"term_taxonomy_id":546,"taxonomy":"donde","description":"","parent":0,"count":25,"filter":"raw","term_order":"0"},{"term_id":538,"name":"Grupo de Ingenier\u00eda de Radio (GIRA)","slug":"grupo-de-ingenieria-de-radio-gira","term_group":0,"term_taxonomy_id":538,"taxonomy":"donde","description":"","parent":0,"count":3,"filter":"raw","term_order":"0"}],"infraestructura":[],"ods":[],"origen":[{"term_id":180,"name":"Patente","slug":"patente","term_group":0,"term_taxonomy_id":180,"taxonomy":"origen","description":"","parent":0,"count":614,"filter":"raw","term_order":"0"}],"familia_tax":false,"quien_tax":false,"donde_tax":false,"year":"","contacto":"<strong>Principales: <\/strong><ul><li>FCO. JAVIER ORTEGA GONZALEZ <blockquote><strong>franciscojavier.ortega@upm.es<\/strong><\/blockquote><\/li><\/ul>","telefono":"","pagina_web":"","email":"","id_ficha_portal":"504","video":"","adjuntos":false,"adjuntos_portal":"https:\/\/www.upm.es\/S2i\/Acuse\/recuperarArchivo.jsp?id=504&id_archivo=2256&tipo=patente&extension=fichero ","inf":false,"departamento":"","acf":[],"lang":"es","translation":{"es":8498},"_links":{"self":[{"href":"https:\/\/www.upm.es\/recursosidi\/wp-json\/wp\/v2\/product\/8498"}],"collection":[{"href":"https:\/\/www.upm.es\/recursosidi\/wp-json\/wp\/v2\/product"}],"about":[{"href":"https:\/\/www.upm.es\/recursosidi\/wp-json\/wp\/v2\/types\/product"}],"wp:attachment":[{"href":"https:\/\/www.upm.es\/recursosidi\/wp-json\/wp\/v2\/media?parent=8498"}],"wp:term":[{"taxonomy":"product_cat","embeddable":true,"href":"https:\/\/www.upm.es\/recursosidi\/wp-json\/wp\/v2\/product_cat?post=8498"},{"taxonomy":"product_tag","embeddable":true,"href":"https:\/\/www.upm.es\/recursosidi\/wp-json\/wp\/v2\/product_tag?post=8498"},{"taxonomy":"comunidad_upm","embeddable":true,"href":"https:\/\/www.upm.es\/recursosidi\/wp-json\/wp\/v2\/comunidades-upm?post=8498"},{"taxonomy":"quien","embeddable":true,"href":"https:\/\/www.upm.es\/recursosidi\/wp-json\/wp\/v2\/quien?post=8498"},{"taxonomy":"mapa","embeddable":true,"href":"https:\/\/www.upm.es\/recursosidi\/wp-json\/wp\/v2\/mapa?post=8498"},{"taxonomy":"disponibilidad","embeddable":true,"href":"https:\/\/www.upm.es\/recursosidi\/wp-json\/wp\/v2\/disponibilidad?post=8498"},{"taxonomy":"donde","embeddable":true,"href":"https:\/\/www.upm.es\/recursosidi\/wp-json\/wp\/v2\/donde?post=8498"},{"taxonomy":"infraestructura","embeddable":true,"href":"https:\/\/www.upm.es\/recursosidi\/wp-json\/wp\/v2\/infraestructura?post=8498"},{"taxonomy":"ods","embeddable":true,"href":"https:\/\/www.upm.es\/recursosidi\/wp-json\/wp\/v2\/ods?post=8498"},{"taxonomy":"origen","embeddable":true,"href":"https:\/\/www.upm.es\/recursosidi\/wp-json\/wp\/v2\/origen?post=8498"}],"curies":[{"name":"wp","href":"https:\/\/api.w.org\/{rel}","templated":true}]}}