{"id":8499,"date":"2021-11-25T14:10:08","date_gmt":"2021-11-25T13:10:08","guid":{"rendered":"https:\/\/www.upm.es\/recursosidi\/offers-resources\/sin categor\u00eda\/dispositivo-y-metodo-de-deteccion-de-estres-mediante-senales-fisiologicas\/"},"modified":"2022-08-10T02:08:12","modified_gmt":"2022-08-10T00:08:12","slug":"dispositivo-y-metodo-de-deteccion-de-estres-mediante-senales-fisiologicas","status":"publish","type":"product","link":"https:\/\/www.upm.es\/recursosidi\/offers-resources\/patentes\/dispositivo-y-metodo-de-deteccion-de-estres-mediante-senales-fisiologicas\/","title":{"rendered":"Dispositivo y m\u00e9todo de detecci\u00f3n de estr\u00e9s mediante se\u00f1ales fisiol\u00f3gicas"},"content":{"rendered":"<h5>Descripci\u00f3n de la patente <\/h5>\n<p>Dispositivo y m\u00e9todo de detecci\u00f3n de estr\u00e9s mediante se\u00f1ales fisiol\u00f3gicas que comprende una etapa de enrolamiento y una etapa de acceso. El enrolamiento comprende: obtener, para distintos estados an\u00edmicos del usuario, unas se\u00f1ales de HR (Heart Rate) y de GSR (Galvanic Skin Response); almacenar las se\u00f1ales; ejecutar un algoritmo de clustering para obtener un patr\u00f3n de estr\u00e9s asociado al usuario y almacenar dicho patr\u00f3n de estr\u00e9s para una identificaci\u00f3n posterior. La etapa de acceso comprende: realizar tareas de identificaci\u00f3n del usuario; obtener el patr\u00f3n de estr\u00e9s correspondiente al usuario previamente identificado; obtener las se\u00f1ales de HR y de GSR del estado an\u00edmico actual del usuario; almacenar las se\u00f1ales de acceso obtenidas; ejecutar un algoritmo de clustering para obtener un patr\u00f3n de estr\u00e9s de acceso; comparar el patr\u00f3n de estr\u00e9s de acceso con el patr\u00f3n de estr\u00e9s almacenado para el usuario y decidir el grado de estr\u00e9s del usuario.<\/p>\n<h5>N\u00famero de solicitud<\/h5>\n<p>P200930993<\/p>\n<h5>N\u00famero de publicaci\u00f3n<\/h5>\n<p>ES2361686<\/p>\n<h5>Fecha de presentaci\u00f3n <\/h5>\n<p>16\/11\/2009<\/p>\n<h5>Fecha de concesi\u00f3n <\/h5>\n<p>03\/11\/2011<\/p>\n<div class=\"pdfprnt-buttons pdfprnt-buttons-product pdfprnt-bottom-left\"><a href=\"https:\/\/www.upm.es\/recursosidi\/wp-json\/wp\/v2\/product\/8499?print=pdf\" class=\"pdfprnt-button pdfprnt-button-pdf\" target=\"_blank\"><span class=\"pdfprnt-button-title pdfprnt-button-pdf-title\">Descargar ficha<\/span><\/a><\/div>","protected":false},"excerpt":{"rendered":"<p>Descripci\u00f3n de la patente Dispositivo y m\u00e9todo de detecci\u00f3n de estr\u00e9s mediante se\u00f1ales fisiol\u00f3gicas que comprende una etapa de enrolamiento y una etapa de acceso.&hellip;<\/p>\n","protected":false},"featured_media":0,"template":"","meta":{"_acf_changed":false},"product_cat":[3946],"product_tag":[],"comunidades-upm":[],"quien":[],"mapa":[],"disponibilidad":[],"donde":[{"term_id":250,"name":"Centro de Digitalizaci\u00f3n Intermodular (CeDInt)","slug":"centro-de-digitalizacion-intermodular-cedint","term_group":0,"term_taxonomy_id":250,"taxonomy":"donde","description":"","parent":0,"count":21,"filter":"raw","term_order":"0"},{"term_id":658,"name":"Grupo de Biometr\u00eda, Biose\u00f1ales, Seguridad y Smart Mobility","slug":"grupo-de-biometria-biosenales-seguridad-y-smart-mobility","term_group":0,"term_taxonomy_id":658,"taxonomy":"donde","description":"","parent":0,"count":17,"filter":"raw","term_order":"0"}],"infraestructura":[],"ods":[],"origen":[{"term_id":180,"name":"Patente","slug":"patente","term_group":0,"term_taxonomy_id":180,"taxonomy":"origen","description":"","parent":0,"count":614,"filter":"raw","term_order":"0"}],"familia_tax":false,"quien_tax":false,"donde_tax":false,"year":"","contacto":"<strong>Principales: <\/strong><ul><li>MARIA DEL CARMEN SANCHEZ AVILA <blockquote><strong>carmen.sanchez.avila@upm.es<\/strong><\/blockquote><\/li><\/ul><strong>Otros inventores UPM: <\/strong><ul><li>Alberto de Santos Sierra<\/li><li>Javier Guerra Casanova<\/li><\/ul><strong>Otros inventores: <\/strong><ul><li>CarlosJim\u00e9nez Su\u00e1rez <blockquote><strong>Mirar datos en P200930992<\/strong><\/blockquote> SECUWARE S.L.<\/li> <\/ul>","telefono":"","pagina_web":"","email":"","id_ficha_portal":"479","video":"","adjuntos":false,"adjuntos_portal":"","inf":false,"departamento":"","acf":[],"lang":"es","translation":{"es":8499},"_links":{"self":[{"href":"https:\/\/www.upm.es\/recursosidi\/wp-json\/wp\/v2\/product\/8499"}],"collection":[{"href":"https:\/\/www.upm.es\/recursosidi\/wp-json\/wp\/v2\/product"}],"about":[{"href":"https:\/\/www.upm.es\/recursosidi\/wp-json\/wp\/v2\/types\/product"}],"wp:attachment":[{"href":"https:\/\/www.upm.es\/recursosidi\/wp-json\/wp\/v2\/media?parent=8499"}],"wp:term":[{"taxonomy":"product_cat","embeddable":true,"href":"https:\/\/www.upm.es\/recursosidi\/wp-json\/wp\/v2\/product_cat?post=8499"},{"taxonomy":"product_tag","embeddable":true,"href":"https:\/\/www.upm.es\/recursosidi\/wp-json\/wp\/v2\/product_tag?post=8499"},{"taxonomy":"comunidad_upm","embeddable":true,"href":"https:\/\/www.upm.es\/recursosidi\/wp-json\/wp\/v2\/comunidades-upm?post=8499"},{"taxonomy":"quien","embeddable":true,"href":"https:\/\/www.upm.es\/recursosidi\/wp-json\/wp\/v2\/quien?post=8499"},{"taxonomy":"mapa","embeddable":true,"href":"https:\/\/www.upm.es\/recursosidi\/wp-json\/wp\/v2\/mapa?post=8499"},{"taxonomy":"disponibilidad","embeddable":true,"href":"https:\/\/www.upm.es\/recursosidi\/wp-json\/wp\/v2\/disponibilidad?post=8499"},{"taxonomy":"donde","embeddable":true,"href":"https:\/\/www.upm.es\/recursosidi\/wp-json\/wp\/v2\/donde?post=8499"},{"taxonomy":"infraestructura","embeddable":true,"href":"https:\/\/www.upm.es\/recursosidi\/wp-json\/wp\/v2\/infraestructura?post=8499"},{"taxonomy":"ods","embeddable":true,"href":"https:\/\/www.upm.es\/recursosidi\/wp-json\/wp\/v2\/ods?post=8499"},{"taxonomy":"origen","embeddable":true,"href":"https:\/\/www.upm.es\/recursosidi\/wp-json\/wp\/v2\/origen?post=8499"}],"curies":[{"name":"wp","href":"https:\/\/api.w.org\/{rel}","templated":true}]}}