{"id":8502,"date":"2021-11-25T14:10:15","date_gmt":"2021-11-25T13:10:15","guid":{"rendered":"https:\/\/www.upm.es\/recursosidi\/offers-resources\/sin categor\u00eda\/antena-reflectarray-de-haz-reconfigurable-para-frecuencias-en-los-rangos-de-terahercios-y-de-ondas-milimetricas\/"},"modified":"2022-08-10T02:08:20","modified_gmt":"2022-08-10T00:08:20","slug":"antena-reflectarray-de-haz-reconfigurable-para-frecuencias-en-los-rangos-de-terahercios-y-de-ondas-milimetricas","status":"publish","type":"product","link":"https:\/\/www.upm.es\/recursosidi\/offers-resources\/patentes\/antena-reflectarray-de-haz-reconfigurable-para-frecuencias-en-los-rangos-de-terahercios-y-de-ondas-milimetricas\/","title":{"rendered":"Antena reflectarray de haz reconfigurable para frecuencias en los rangos de terahercios y de ondas milim\u00e9tricas"},"content":{"rendered":"<h5>Descripci\u00f3n de la patente <\/h5>\n<p>Antena reflectarray de haz reconfigurable para frecuencias en los rangos de terahercios y<br \/>\nde ondas milim\u00e9tricas. La antena reflectarray consiste en un agrupamiento plano de<br \/>\nceldas desfasadoras (reflectarray) iluminado por un alimentador, que produce un haz<br \/>\ncolimado o conformado reconfigurable 5 electr\u00f3nicamente, donde las celdas desfasadoras<br \/>\n(3.b) est\u00e1n formadas por varias capas apiladas de elementos conductores (4c,4e,4d,4f)<br \/>\nsobre un substrato diel\u00e9ctrico (7c,7d) alternadas con capas de cristal l\u00edquido (5c,5d) y un<br \/>\nplano conductor (9). Aplicando tensiones de polarizaci\u00f3n en los elementos conductores se<br \/>\nvar\u00eda la constante diel\u00e9ctrica del cristal l\u00edquido produciendo un cambio de fase del campo<br \/>\n10 reflejado en cada celda desfasadora, lo que permite realizar un barrido o reconfiguraci\u00f3n<br \/>\nelectr\u00f3nica del haz. Al incluir varias capas de elementos conductores y de cristal l\u00edquido<br \/>\nse mejora el ancho de banda y las prestaciones de barrido o reconfiguraci\u00f3n del haz. La<br \/>\nantena puede aplicarse para sat\u00e9lites de observaci\u00f3n, comunicaciones y sistemas de<br \/>\nseguridad.<\/p>\n<h5>Situaci\u00f3n <\/h5>\n<p>Concedida<\/p>\n<h5>N\u00famero de solicitud<\/h5>\n<p>P201031857<\/p>\n<h5>N\u00famero de publicaci\u00f3n<\/h5>\n<p>ES2388213<\/p>\n<h5>Fecha de presentaci\u00f3n <\/h5>\n<p>16\/12\/2010<\/p>\n<h5>Fecha de concesi\u00f3n <\/h5>\n<p>17\/01\/2013<\/p>\n<div class=\"pdfprnt-buttons pdfprnt-buttons-product pdfprnt-bottom-left\"><a href=\"https:\/\/www.upm.es\/recursosidi\/wp-json\/wp\/v2\/product\/8502?print=pdf\" class=\"pdfprnt-button pdfprnt-button-pdf\" target=\"_blank\"><span class=\"pdfprnt-button-title pdfprnt-button-pdf-title\">Descargar ficha<\/span><\/a><\/div>","protected":false},"excerpt":{"rendered":"<p>Descripci\u00f3n de la patente Antena reflectarray de haz reconfigurable para frecuencias en los rangos de terahercios y de ondas milim\u00e9tricas. La antena reflectarray consiste en&hellip;<\/p>\n","protected":false},"featured_media":0,"template":"","meta":{"_acf_changed":false},"product_cat":[3946],"product_tag":[],"comunidades-upm":[],"quien":[],"mapa":[],"disponibilidad":[],"donde":[{"term_id":590,"name":"Centro de Materiales y Dispositivos Avanzados para Tecnolog\u00edas de Informaci\u00f3n y Comunicaciones (CEMDATIC)","slug":"centro-de-materiales-y-dispositivos-avanzados-para-tecnologias-de-informacion-y-comunicaciones-cemdatic","term_group":0,"term_taxonomy_id":590,"taxonomy":"donde","description":"","parent":0,"count":20,"filter":"raw","term_order":"0"},{"term_id":614,"name":"Grupo de Electromagnetismo Aplicado","slug":"grupo-de-electromagnetismo-aplicado","term_group":0,"term_taxonomy_id":614,"taxonomy":"donde","description":"","parent":0,"count":14,"filter":"raw","term_order":"0"},{"term_id":472,"name":"Grupo de Fot\u00f3nica Aplicada","slug":"grupo-de-fotonica-aplicada","term_group":0,"term_taxonomy_id":472,"taxonomy":"donde","description":"Las actividades del GFA se centran en la fabricaci&oacute;n y caracterizaci&oacute;n de dispositivos de Cristal L&iacute;quido y dispositivos emisivos org&aacute;nicos basados en OLEDs y PLEDs as&iacute; como en el estudio y caracterizaci&oacute;n de l&aacute;seres de semiconductor.\n&nbsp;\nLas&nbsp; <strong>l&iacute;neas de investigaci&oacute;n <\/strong>de nuestro grupo son:\n\nDispositivos de cristal l&iacute;quido. Fabricamos y caracterizamos dispositivos basados en cristales l&iacute;quidos nem&aacute;ticos, polim&eacute;ricos y liotr&oacute;picos con aplicaciones a dispositivos de seguridad documental, gu&iacute;as de onda activas y biosensores para detecci&oacute;n de pat&oacute;genos en &aacute;reas de salud y alimentaci&oacute;n\nRedes de fase &oacute;pticas para conmutaci&oacute;n y encaminamiento de haces luminosos. A destacar deflectores de haces l&aacute;ser 1D y 2D sin partes m&oacute;viles para uso en sat&eacute;lites.&nbsp;\nDispositivos OLED. Investigamos sobre nuevos materiales base u dopantes, algunos de ellos cristales l&iacute;quidos electroluminiscentes\nModelado y caracterizaci&oacute;n de diodos l&aacute;ser. Dispositivos de potencia para aplicaciones LIDAR y l&aacute;seres de bombeo.\n","parent":0,"count":12,"filter":"raw","term_order":"0"},{"term_id":642,"name":"Information Processing and Telecommunications Center (IPTC)","slug":"information-processing-and-telecommunications-center-iptc","term_group":0,"term_taxonomy_id":642,"taxonomy":"donde","description":"","parent":0,"count":74,"filter":"raw","term_order":"0"}],"infraestructura":[],"ods":[],"origen":[{"term_id":180,"name":"Patente","slug":"patente","term_group":0,"term_taxonomy_id":180,"taxonomy":"origen","description":"","parent":0,"count":614,"filter":"raw","term_order":"0"}],"familia_tax":false,"quien_tax":false,"donde_tax":false,"year":"","contacto":"<strong>Principales: <\/strong><ul><li>JOSE MANUEL OTON SANCHEZ <blockquote><strong>jm.oton@upm.es<\/strong><\/blockquote><\/li><li>MARIANO BARBA GEA <blockquote><strong>mariano.barba@upm.es<\/strong><\/blockquote><\/li><li>JOSE ANTONIO ENCINAR GARCINU\u00d1O <blockquote><strong>jose.encinar@upm.es<\/strong><\/blockquote><\/li><li>MORTEN ANDREAS GEDAY  <blockquote><strong>morten.geday@upm.es<\/strong><\/blockquote><\/li><li>PATXI XABIER QUINTANA ARREGUI <blockquote><strong>x.quintana@upm.es<\/strong><\/blockquote><\/li><\/ul><strong>Otros inventores UPM: <\/strong><ul><li>GERARDO PEREZ PALOMINO<\/li><\/ul><strong>Otros inventores: <\/strong><ul><li>JordiAbril Aguilera UPC - Universitat Polit\u00e9cnica de Catalu\u00f1a<\/li> <li>AntoniBroquetas Ibars UPC - Universitat Polit\u00e9cnica de Catalu\u00f1a<\/li> <li>EnriqueNova Lavado UPC - Universitat Polit\u00e9cnica de Catalu\u00f1a<\/li> <\/ul>","telefono":"","pagina_web":"","email":"","id_ficha_portal":"565","video":"","adjuntos":false,"adjuntos_portal":"https:\/\/www.upm.es\/S2i\/Acuse\/recuperarArchivo.jsp?id=565&id_archivo=1903&tipo=patente&extension=fichero","inf":false,"departamento":"","acf":[],"lang":"es","translation":{"es":8502},"_links":{"self":[{"href":"https:\/\/www.upm.es\/recursosidi\/wp-json\/wp\/v2\/product\/8502"}],"collection":[{"href":"https:\/\/www.upm.es\/recursosidi\/wp-json\/wp\/v2\/product"}],"about":[{"href":"https:\/\/www.upm.es\/recursosidi\/wp-json\/wp\/v2\/types\/product"}],"wp:attachment":[{"href":"https:\/\/www.upm.es\/recursosidi\/wp-json\/wp\/v2\/media?parent=8502"}],"wp:term":[{"taxonomy":"product_cat","embeddable":true,"href":"https:\/\/www.upm.es\/recursosidi\/wp-json\/wp\/v2\/product_cat?post=8502"},{"taxonomy":"product_tag","embeddable":true,"href":"https:\/\/www.upm.es\/recursosidi\/wp-json\/wp\/v2\/product_tag?post=8502"},{"taxonomy":"comunidad_upm","embeddable":true,"href":"https:\/\/www.upm.es\/recursosidi\/wp-json\/wp\/v2\/comunidades-upm?post=8502"},{"taxonomy":"quien","embeddable":true,"href":"https:\/\/www.upm.es\/recursosidi\/wp-json\/wp\/v2\/quien?post=8502"},{"taxonomy":"mapa","embeddable":true,"href":"https:\/\/www.upm.es\/recursosidi\/wp-json\/wp\/v2\/mapa?post=8502"},{"taxonomy":"disponibilidad","embeddable":true,"href":"https:\/\/www.upm.es\/recursosidi\/wp-json\/wp\/v2\/disponibilidad?post=8502"},{"taxonomy":"donde","embeddable":true,"href":"https:\/\/www.upm.es\/recursosidi\/wp-json\/wp\/v2\/donde?post=8502"},{"taxonomy":"infraestructura","embeddable":true,"href":"https:\/\/www.upm.es\/recursosidi\/wp-json\/wp\/v2\/infraestructura?post=8502"},{"taxonomy":"ods","embeddable":true,"href":"https:\/\/www.upm.es\/recursosidi\/wp-json\/wp\/v2\/ods?post=8502"},{"taxonomy":"origen","embeddable":true,"href":"https:\/\/www.upm.es\/recursosidi\/wp-json\/wp\/v2\/origen?post=8502"}],"curies":[{"name":"wp","href":"https:\/\/api.w.org\/{rel}","templated":true}]}}