{"id":8511,"date":"2021-11-25T14:10:37","date_gmt":"2021-11-25T13:10:37","guid":{"rendered":"https:\/\/www.upm.es\/recursosidi\/offers-resources\/sin categor\u00eda\/sistema-de-proyeccion-espacial-de-realidad-aumentada-fijado-a-la-cabeza\/"},"modified":"2022-08-10T02:08:43","modified_gmt":"2022-08-10T00:08:43","slug":"sistema-de-proyeccion-espacial-de-realidad-aumentada-fijado-a-la-cabeza","status":"publish","type":"product","link":"https:\/\/www.upm.es\/recursosidi\/offers-resources\/patentes\/sistema-de-proyeccion-espacial-de-realidad-aumentada-fijado-a-la-cabeza\/","title":{"rendered":"Sistema de proyecci\u00f3n espacial de realidad aumentada fijado a la cabeza"},"content":{"rendered":"<h5>Descripci\u00f3n de la patente <\/h5>\n<p>El sistema objeto de la invenci\u00f3n es un dispositivo de proyecci\u00f3n de realidad<br \/>\naumentada fijado a la cabeza, de tal forma que los movimientos que realice \u00e9sta son seguidos de forma solidaria. Adem\u00e1s del sistema de fijaci\u00f3n consta de una c\u00e1mara de video que registra informaci\u00f3n del entorno, y de un proyector<br \/>\nmediante el que se superpone informaci\u00f3n generada por un computador sobre \u00e9l. Al ser solidario con el movimiento de la cabeza, se conoce la posici\u00f3n<br \/>\nrelativa entre sistema y usuario, lo que permite que los elementos proyectados mantengan la coherencia espacial con el entorno desde su punto de vista, de tal forma que la proyecci\u00f3n puede simular objetos 3D situados en dicho entorno, mediante la variaci\u00f3n de la proyecci\u00f3n de acuerdo con los movimientos registrados; de esta forma, si el observador se desplaza en el entorno la proyecci\u00f3n variar\u00e1 en correspondencia para simular la presencia de objetos est\u00e1ticos.<\/p>\n<h5>Situaci\u00f3n <\/h5>\n<p>Concedida<\/p>\n<h5>N\u00famero de solicitud<\/h5>\n<p>P201031086<\/p>\n<h5>N\u00famero de publicaci\u00f3n<\/h5>\n<p>ES2391112<\/p>\n<h5>Fecha de presentaci\u00f3n <\/h5>\n<p>16\/07\/2010<\/p>\n<h5>Fecha de concesi\u00f3n <\/h5>\n<p>01\/04\/2013<\/p>\n<div class=\"pdfprnt-buttons pdfprnt-buttons-product pdfprnt-bottom-left\"><a href=\"https:\/\/www.upm.es\/recursosidi\/wp-json\/wp\/v2\/product\/8511?print=pdf\" class=\"pdfprnt-button pdfprnt-button-pdf\" target=\"_blank\"><span class=\"pdfprnt-button-title pdfprnt-button-pdf-title\">Descargar ficha<\/span><\/a><\/div>","protected":false},"excerpt":{"rendered":"<p>Descripci\u00f3n de la patente El sistema objeto de la invenci\u00f3n es un dispositivo de proyecci\u00f3n de realidad aumentada fijado a la cabeza, de tal forma&hellip;<\/p>\n","protected":false},"featured_media":0,"template":"","meta":{"_acf_changed":false},"product_cat":[3946],"product_tag":[],"comunidades-upm":[],"quien":[],"mapa":[],"disponibilidad":[],"donde":[{"term_id":576,"name":"Centro de Autom\u00e1tica y Rob\u00f3tica (CAR). Centro Mixto UPM-CSIC","slug":"centro-de-automatica-y-robotica-car-centro-mixto-upm-csic","term_group":0,"term_taxonomy_id":576,"taxonomy":"donde","description":"","parent":0,"count":42,"filter":"raw","term_order":"0"},{"term_id":364,"name":"Visi\u00f3n por Computador y Rob\u00f3tica A\u00e9rea","slug":"vision-por-computador-y-robotica-aerea","term_group":0,"term_taxonomy_id":364,"taxonomy":"donde","description":"&nbsp;\nNuestra <strong>Visi&oacute;n<\/strong> es proveer a los sistemas no tripulados (UAV, RPAS) de mayor autonom&iacute;a mediante la utilizaci&oacute;n de t&eacute;cnicas de Visi&oacute;n por Computador. Para ello, trabajamos en las siguientes l&iacute;neas de investigaci&oacute;n:\n&nbsp;\n\nProcesamiento, reconocimiento o y gesti&oacute;n automatizada de im&aacute;genes, incluyendo estabilizaci&oacute;n, seguimiento de objetos, composici&oacute;n de mosaico y ortomapas\nGuiado visual de UAV respecto a referencias exteriores, incluyendo navegaci&oacute;n en entornos pasivos sin ayuda la navegaci&oacute;n (p.e. sin GPS en sitaciones de &ldquo;spoofing&rdquo; y &ldquo;jamming&rdquo;)\nCreaci&oacute;n de mapas tridimensionales del entorno y estimaci&oacute;n de la posici&oacute;n 6D del RPAS\n","parent":0,"count":5,"filter":"raw","term_order":"0"}],"infraestructura":[],"ods":[],"origen":[{"term_id":180,"name":"Patente","slug":"patente","term_group":0,"term_taxonomy_id":180,"taxonomy":"origen","description":"","parent":0,"count":614,"filter":"raw","term_order":"0"}],"familia_tax":false,"quien_tax":false,"donde_tax":false,"year":"","contacto":"<strong>Principales: <\/strong><ul><li>SERGIO DOMINGUEZ CABRERIZO <blockquote><strong>sergio.dominguez@upm.es<\/strong><\/blockquote><\/li><\/ul>","telefono":"","pagina_web":"","email":"","id_ficha_portal":"532","video":"","adjuntos":false,"adjuntos_portal":"https:\/\/www.upm.es\/S2i\/Acuse\/recuperarArchivo.jsp?id=532&id_archivo=2156&tipo=patente&extension=fichero ","inf":false,"departamento":"","acf":[],"lang":"es","translation":{"es":8511},"_links":{"self":[{"href":"https:\/\/www.upm.es\/recursosidi\/wp-json\/wp\/v2\/product\/8511"}],"collection":[{"href":"https:\/\/www.upm.es\/recursosidi\/wp-json\/wp\/v2\/product"}],"about":[{"href":"https:\/\/www.upm.es\/recursosidi\/wp-json\/wp\/v2\/types\/product"}],"wp:attachment":[{"href":"https:\/\/www.upm.es\/recursosidi\/wp-json\/wp\/v2\/media?parent=8511"}],"wp:term":[{"taxonomy":"product_cat","embeddable":true,"href":"https:\/\/www.upm.es\/recursosidi\/wp-json\/wp\/v2\/product_cat?post=8511"},{"taxonomy":"product_tag","embeddable":true,"href":"https:\/\/www.upm.es\/recursosidi\/wp-json\/wp\/v2\/product_tag?post=8511"},{"taxonomy":"comunidad_upm","embeddable":true,"href":"https:\/\/www.upm.es\/recursosidi\/wp-json\/wp\/v2\/comunidades-upm?post=8511"},{"taxonomy":"quien","embeddable":true,"href":"https:\/\/www.upm.es\/recursosidi\/wp-json\/wp\/v2\/quien?post=8511"},{"taxonomy":"mapa","embeddable":true,"href":"https:\/\/www.upm.es\/recursosidi\/wp-json\/wp\/v2\/mapa?post=8511"},{"taxonomy":"disponibilidad","embeddable":true,"href":"https:\/\/www.upm.es\/recursosidi\/wp-json\/wp\/v2\/disponibilidad?post=8511"},{"taxonomy":"donde","embeddable":true,"href":"https:\/\/www.upm.es\/recursosidi\/wp-json\/wp\/v2\/donde?post=8511"},{"taxonomy":"infraestructura","embeddable":true,"href":"https:\/\/www.upm.es\/recursosidi\/wp-json\/wp\/v2\/infraestructura?post=8511"},{"taxonomy":"ods","embeddable":true,"href":"https:\/\/www.upm.es\/recursosidi\/wp-json\/wp\/v2\/ods?post=8511"},{"taxonomy":"origen","embeddable":true,"href":"https:\/\/www.upm.es\/recursosidi\/wp-json\/wp\/v2\/origen?post=8511"}],"curies":[{"name":"wp","href":"https:\/\/api.w.org\/{rel}","templated":true}]}}