{"id":8513,"date":"2021-11-25T14:10:41","date_gmt":"2021-11-25T13:10:41","guid":{"rendered":"https:\/\/www.upm.es\/recursosidi\/offers-resources\/sin categor\u00eda\/sistema-de-acondicionamiento-termico-y-almacenamiento-energetico-para-suelos-tecnicos\/"},"modified":"2022-08-10T02:08:48","modified_gmt":"2022-08-10T00:08:48","slug":"sistema-de-acondicionamiento-termico-y-almacenamiento-energetico-para-suelos-tecnicos","status":"publish","type":"product","link":"https:\/\/www.upm.es\/recursosidi\/offers-resources\/patentes\/sistema-de-acondicionamiento-termico-y-almacenamiento-energetico-para-suelos-tecnicos\/","title":{"rendered":"Sistema de acondicionamiento t\u00e9rmico y almacenamiento energ\u00e9tico para suelos t\u00e9cnicos"},"content":{"rendered":"<h5>Descripci\u00f3n de la patente <\/h5>\n<p>Sistema de acondicionamiento t\u00e9rmico y almacenamiento energ\u00e9tico para suelos t\u00e9cnicos, que tiene al menos una placa soporte (1) cuadrangular dispuesta bajo el suelo t\u00e9cnico (7) de un edificio en el que existe circulaci\u00f3n de aire. En esta placa soporte (1) se dispone una pluralidad de c\u00e1psulas met\u00e1licas (2) estancas, albergando cada una de ellas en su interior un material de cambio de fase que acumula calor cuando dicho material pasa de fase s\u00f3lida a fase l\u00edquida y libera dicho calor cuando pasa de fase l\u00edquida a fase s\u00f3lida, para el aprovechamiento de los ciclos de calor y fr\u00edo naturales para conseguir un adecuado acondicionamiento t\u00e9rmico y minimizar los sistemas de climatizaci\u00f3n disminuyendo el consumo de energ\u00eda.<\/p>\n<h5>Situaci\u00f3n <\/h5>\n<p>Concedida<\/p>\n<h5>N\u00famero de solicitud<\/h5>\n<p>P201031173<\/p>\n<h5>N\u00famero de publicaci\u00f3n<\/h5>\n<p>ES2351290<\/p>\n<h5>Fecha de presentaci\u00f3n <\/h5>\n<p>28\/07\/2010<\/p>\n<h5>Fecha de concesi\u00f3n <\/h5>\n<p>05\/07\/2011<\/p>\n<div class=\"pdfprnt-buttons pdfprnt-buttons-product pdfprnt-bottom-left\"><a href=\"https:\/\/www.upm.es\/recursosidi\/wp-json\/wp\/v2\/product\/8513?print=pdf\" class=\"pdfprnt-button pdfprnt-button-pdf\" target=\"_blank\"><span class=\"pdfprnt-button-title pdfprnt-button-pdf-title\">Descargar ficha<\/span><\/a><\/div>","protected":false},"excerpt":{"rendered":"<p>Descripci\u00f3n de la patente Sistema de acondicionamiento t\u00e9rmico y almacenamiento energ\u00e9tico para suelos t\u00e9cnicos, que tiene al menos una placa soporte (1) cuadrangular dispuesta bajo&hellip;<\/p>\n","protected":false},"featured_media":0,"template":"","meta":{"_acf_changed":false},"product_cat":[3946],"product_tag":[],"comunidades-upm":[],"quien":[],"mapa":[],"disponibilidad":[],"donde":[{"term_id":260,"name":"Arquitectura Bioclim\u00e1tica en un entorno sostenible-ABIO","slug":"arquitectura-bioclimatica-en-un-entorno-sostenible-abio","term_group":0,"term_taxonomy_id":260,"taxonomy":"donde","description":"","parent":0,"count":19,"filter":"raw","term_order":"0"},{"term_id":264,"name":"T\u00e9cnicas Innovadoras y Sostenibles en la Edificaci\u00f3n","slug":"tecnicas-innovadoras-y-sostenibles-en-la-edificacion","term_group":0,"term_taxonomy_id":264,"taxonomy":"donde","description":"","parent":0,"count":13,"filter":"raw","term_order":"0"}],"infraestructura":[],"ods":[],"origen":[{"term_id":180,"name":"Patente","slug":"patente","term_group":0,"term_taxonomy_id":180,"taxonomy":"origen","description":"","parent":0,"count":614,"filter":"raw","term_order":"0"}],"familia_tax":false,"quien_tax":false,"donde_tax":false,"year":"","contacto":"<strong>Principales: <\/strong><ul><li>FCO. JAVIER NEILA GONZALEZ <blockquote><strong>fjavier.neila@upm.es<\/strong><\/blockquote><\/li><li>CESAR BEDOYA FRUTOS <blockquote><strong>cesar.bedoya@upm.es<\/strong><\/blockquote><\/li><li>MARIA CAROLINA HERNANDEZ MARTINEZ <blockquote><strong>mcarolina.hernandez@upm.es<\/strong><\/blockquote><\/li><\/ul><strong>Otros inventores UPM: <\/strong><ul><li>Carmen Montejo Puig de la Bellacasa<\/li><\/ul>","telefono":"","pagina_web":"","email":"","id_ficha_portal":"538","video":"","adjuntos":false,"adjuntos_portal":"https:\/\/www.upm.es\/S2i\/Acuse\/recuperarArchivo.jsp?id=538&id_archivo=643&tipo=patente&extension=fichero ","inf":false,"departamento":"","acf":[],"lang":"es","translation":{"es":8513},"_links":{"self":[{"href":"https:\/\/www.upm.es\/recursosidi\/wp-json\/wp\/v2\/product\/8513"}],"collection":[{"href":"https:\/\/www.upm.es\/recursosidi\/wp-json\/wp\/v2\/product"}],"about":[{"href":"https:\/\/www.upm.es\/recursosidi\/wp-json\/wp\/v2\/types\/product"}],"wp:attachment":[{"href":"https:\/\/www.upm.es\/recursosidi\/wp-json\/wp\/v2\/media?parent=8513"}],"wp:term":[{"taxonomy":"product_cat","embeddable":true,"href":"https:\/\/www.upm.es\/recursosidi\/wp-json\/wp\/v2\/product_cat?post=8513"},{"taxonomy":"product_tag","embeddable":true,"href":"https:\/\/www.upm.es\/recursosidi\/wp-json\/wp\/v2\/product_tag?post=8513"},{"taxonomy":"comunidad_upm","embeddable":true,"href":"https:\/\/www.upm.es\/recursosidi\/wp-json\/wp\/v2\/comunidades-upm?post=8513"},{"taxonomy":"quien","embeddable":true,"href":"https:\/\/www.upm.es\/recursosidi\/wp-json\/wp\/v2\/quien?post=8513"},{"taxonomy":"mapa","embeddable":true,"href":"https:\/\/www.upm.es\/recursosidi\/wp-json\/wp\/v2\/mapa?post=8513"},{"taxonomy":"disponibilidad","embeddable":true,"href":"https:\/\/www.upm.es\/recursosidi\/wp-json\/wp\/v2\/disponibilidad?post=8513"},{"taxonomy":"donde","embeddable":true,"href":"https:\/\/www.upm.es\/recursosidi\/wp-json\/wp\/v2\/donde?post=8513"},{"taxonomy":"infraestructura","embeddable":true,"href":"https:\/\/www.upm.es\/recursosidi\/wp-json\/wp\/v2\/infraestructura?post=8513"},{"taxonomy":"ods","embeddable":true,"href":"https:\/\/www.upm.es\/recursosidi\/wp-json\/wp\/v2\/ods?post=8513"},{"taxonomy":"origen","embeddable":true,"href":"https:\/\/www.upm.es\/recursosidi\/wp-json\/wp\/v2\/origen?post=8513"}],"curies":[{"name":"wp","href":"https:\/\/api.w.org\/{rel}","templated":true}]}}