{"id":8514,"date":"2021-11-25T14:10:44","date_gmt":"2021-11-25T13:10:44","guid":{"rendered":"https:\/\/www.upm.es\/recursosidi\/offers-resources\/sin categor\u00eda\/metodo-y-sistema-para-incorporar-informacion-acustica-binaural-en-un-sistema-visual-de-realidad-aumentada\/"},"modified":"2022-08-10T02:08:51","modified_gmt":"2022-08-10T00:08:51","slug":"metodo-y-sistema-para-incorporar-informacion-acustica-binaural-en-un-sistema-visual-de-realidad-aumentada","status":"publish","type":"product","link":"https:\/\/www.upm.es\/recursosidi\/offers-resources\/patentes\/metodo-y-sistema-para-incorporar-informacion-acustica-binaural-en-un-sistema-visual-de-realidad-aumentada\/","title":{"rendered":"M\u00e9todo y sistema para incorporar informaci\u00f3n ac\u00fastica binaural en un sistema visual de realidad aumentada"},"content":{"rendered":"<h5>Descripci\u00f3n de la patente <\/h5>\n<p>M\u00e9todo y sistema para incorporar informaci\u00f3n ac\u00fastica binaural en un sistema<br \/>\nvisual de realidad aumentada, que comprende captar se\u00f1ales ac\u00fasticas binaurales;<br \/>\ndigitalizar las se\u00f1ales ac\u00fasticas captadas obteniendo una pluralidad de muestras de<br \/>\nse\u00f1al; agrupar N muestras consecutivas en tramas; extraer, de cada trama, una<br \/>\npluralidad de caracter\u00edsticas que definen dicha trama; seleccionar un subconjunto de<br \/>\nlas caracter\u00edsticas extra\u00eddas; detectar mediante un reconocimiento de patrones el tipo<br \/>\nde evento ac\u00fastico ocurrido; estimar la distancia a la que se encuentra la fuente del<br \/>\nevento ac\u00fastico detectado; calcular la direcci\u00f3n en la que se sit\u00faa la fuente del evento<br \/>\nac\u00fastico; localizar la fuente del evento ac\u00fastico en la escena; codificar visualmente la<br \/>\ninformaci\u00f3n del evento ac\u00fastico y generar un v\u00eddeo a partir de una secuencia de<br \/>\nim\u00e1genes; superponer la secuencia de video generada con las im\u00e1genes captadas por<br \/>\nal menos una c\u00e1mara de v\u00eddeo (13); y mostrar la se\u00f1al visual combinada.<\/p>\n<h5>Situaci\u00f3n <\/h5>\n<p>Concedida<\/p>\n<h5>N\u00famero de solicitud<\/h5>\n<p>P201031215<\/p>\n<h5>N\u00famero de publicaci\u00f3n<\/h5>\n<p>ES2347517<\/p>\n<h5>Fecha de presentaci\u00f3n <\/h5>\n<p>04\/08\/2010<\/p>\n<h5>Fecha de concesi\u00f3n <\/h5>\n<p>06\/05\/2011<\/p>\n<div class=\"pdfprnt-buttons pdfprnt-buttons-product pdfprnt-bottom-left\"><a href=\"https:\/\/www.upm.es\/recursosidi\/wp-json\/wp\/v2\/product\/8514?print=pdf\" class=\"pdfprnt-button pdfprnt-button-pdf\" target=\"_blank\"><span class=\"pdfprnt-button-title pdfprnt-button-pdf-title\">Descargar ficha<\/span><\/a><\/div>","protected":false},"excerpt":{"rendered":"<p>Descripci\u00f3n de la patente M\u00e9todo y sistema para incorporar informaci\u00f3n ac\u00fastica binaural en un sistema visual de realidad aumentada, que comprende captar se\u00f1ales ac\u00fasticas binaurales;&hellip;<\/p>\n","protected":false},"featured_media":0,"template":"","meta":{"_acf_changed":false},"product_cat":[3946],"product_tag":[],"comunidades-upm":[],"quien":[],"mapa":[],"disponibilidad":[],"donde":[{"term_id":438,"name":"Grupo de Tecnolog\u00eda del Habla y Aprendizaje Autom\u00e1tico","slug":"grupo-de-tecnologia-del-habla-y-aprendizaje-automatico","term_group":0,"term_taxonomy_id":438,"taxonomy":"donde","description":"Nuestro grupo desarrolla actividades cient&iacute;ficas y tecnol&oacute;gicas en reconocimiento autom&aacute;tico de habla, identificaci&oacute;n y verificaci&oacute;n de locutores, segmentaci&oacute;n autom&aacute;tica de habla en locutores, reconocimiento de idioma, comprensi&oacute;n de lenguaje natural, conversi&oacute;n texto a habla con emociones, sistemas avanzados de di&aacute;logo persona-m&aacute;quina en entornos inteligentes, sistemas de traducci&oacute;n entre lenguas, con amplia experiencia en la traducci&oacute;n de voz a LSE y aplicaciones de ayudas a personas con limitaciones.\n&nbsp;\nLas <strong>principales l&iacute;neas de investigaci&oacute;n<\/strong> son:\n\nReconocimiento del habla\nComprensi&oacute;n de habla\nReconocimiento de locutores\nSistemas de di&aacute;logo persona-m&aacute;quina\nAn&aacute;lisis de habla con emociones\nAplicaciones de Tecnolog&iacute;a del Habla en entornos inteligentes\nConversi&oacute;n texto-habla\n","parent":0,"count":4,"filter":"raw","term_order":"0"},{"term_id":642,"name":"Information Processing and Telecommunications Center (IPTC)","slug":"information-processing-and-telecommunications-center-iptc","term_group":0,"term_taxonomy_id":642,"taxonomy":"donde","description":"","parent":0,"count":74,"filter":"raw","term_order":"0"}],"infraestructura":[],"ods":[],"origen":[{"term_id":180,"name":"Patente","slug":"patente","term_group":0,"term_taxonomy_id":180,"taxonomy":"origen","description":"","parent":0,"count":614,"filter":"raw","term_order":"0"}],"familia_tax":false,"quien_tax":false,"donde_tax":false,"year":"","contacto":"<strong>Principales: <\/strong><ul><li>RUBEN SAN SEGUNDO HERNANDEZ <blockquote><strong>ruben.sansegundo@upm.es<\/strong><\/blockquote><\/li><li>JUAN MANUEL MONTERO MARTINEZ <blockquote><strong>juanmanuel.montero@upm.es<\/strong><\/blockquote><\/li><li>JOSE MANUEL PARDO MU\u00d1OZ <blockquote><strong>josemanuel.pardom@upm.es<\/strong><\/blockquote><\/li><li>RICARDO DE CORDOBA HERRALDE <blockquote><strong>ricardo.cordoba@upm.es<\/strong><\/blockquote><\/li><li>JAVIER FERREIROS LOPEZ <blockquote><strong>javier.ferreiros@upm.es<\/strong><\/blockquote><\/li><\/ul>","telefono":"","pagina_web":"","email":"","id_ficha_portal":"541","video":"","adjuntos":false,"adjuntos_portal":"","inf":false,"departamento":"","acf":[],"lang":"es","translation":{"es":8514},"_links":{"self":[{"href":"https:\/\/www.upm.es\/recursosidi\/wp-json\/wp\/v2\/product\/8514"}],"collection":[{"href":"https:\/\/www.upm.es\/recursosidi\/wp-json\/wp\/v2\/product"}],"about":[{"href":"https:\/\/www.upm.es\/recursosidi\/wp-json\/wp\/v2\/types\/product"}],"wp:attachment":[{"href":"https:\/\/www.upm.es\/recursosidi\/wp-json\/wp\/v2\/media?parent=8514"}],"wp:term":[{"taxonomy":"product_cat","embeddable":true,"href":"https:\/\/www.upm.es\/recursosidi\/wp-json\/wp\/v2\/product_cat?post=8514"},{"taxonomy":"product_tag","embeddable":true,"href":"https:\/\/www.upm.es\/recursosidi\/wp-json\/wp\/v2\/product_tag?post=8514"},{"taxonomy":"comunidad_upm","embeddable":true,"href":"https:\/\/www.upm.es\/recursosidi\/wp-json\/wp\/v2\/comunidades-upm?post=8514"},{"taxonomy":"quien","embeddable":true,"href":"https:\/\/www.upm.es\/recursosidi\/wp-json\/wp\/v2\/quien?post=8514"},{"taxonomy":"mapa","embeddable":true,"href":"https:\/\/www.upm.es\/recursosidi\/wp-json\/wp\/v2\/mapa?post=8514"},{"taxonomy":"disponibilidad","embeddable":true,"href":"https:\/\/www.upm.es\/recursosidi\/wp-json\/wp\/v2\/disponibilidad?post=8514"},{"taxonomy":"donde","embeddable":true,"href":"https:\/\/www.upm.es\/recursosidi\/wp-json\/wp\/v2\/donde?post=8514"},{"taxonomy":"infraestructura","embeddable":true,"href":"https:\/\/www.upm.es\/recursosidi\/wp-json\/wp\/v2\/infraestructura?post=8514"},{"taxonomy":"ods","embeddable":true,"href":"https:\/\/www.upm.es\/recursosidi\/wp-json\/wp\/v2\/ods?post=8514"},{"taxonomy":"origen","embeddable":true,"href":"https:\/\/www.upm.es\/recursosidi\/wp-json\/wp\/v2\/origen?post=8514"}],"curies":[{"name":"wp","href":"https:\/\/api.w.org\/{rel}","templated":true}]}}