{"id":8515,"date":"2021-11-25T14:10:46","date_gmt":"2021-11-25T13:10:46","guid":{"rendered":"https:\/\/www.upm.es\/recursosidi\/offers-resources\/sin categor\u00eda\/metodo-y-sistema-de-comunicaciones-para-la-reconciliacion-de-informacion-en-qkd-mediante-el-uso-de-codigos-ldpc-adaptando-la-tasa-de-informacion\/"},"modified":"2022-08-10T02:08:54","modified_gmt":"2022-08-10T00:08:54","slug":"metodo-y-sistema-de-comunicaciones-para-la-reconciliacion-de-informacion-en-qkd-mediante-el-uso-de-codigos-ldpc-adaptando-la-tasa-de-informacion","status":"publish","type":"product","link":"https:\/\/www.upm.es\/recursosidi\/offers-resources\/patentes\/metodo-y-sistema-de-comunicaciones-para-la-reconciliacion-de-informacion-en-qkd-mediante-el-uso-de-codigos-ldpc-adaptando-la-tasa-de-informacion\/","title":{"rendered":"M\u00e9todo y sistema de comunicaciones para la reconciliaci\u00f3n de informaci\u00f3n en QKD mediante el uso de c\u00f3digos LDPC adaptando la tasa de informaci\u00f3n"},"content":{"rendered":"<h5>Descripci\u00f3n de la patente <\/h5>\n<p>La presente invenci\u00f3n muestra un m\u00e9todo y un sistema de correcci\u00f3n de errores especialmente dise\u00f1ado para la reconciliaci\u00f3n de informaci\u00f3n de los sistemas de distribuci\u00f3n cu\u00e1ntica de claves (QKD, Quantum Key Distribution). El procedimiento de correcci\u00f3n de errores se basa en la utilizaci\u00f3n de c\u00f3digos LDPC (Low-Density Parity-Check) con tasa de informaci\u00f3n adaptada a la probabilidad de error a corregir. La adaptaci\u00f3n se realiza mediante la perforaci\u00f3n y el acortado de c\u00f3digos LDPC previamente construidos. La invenci\u00f3n permite adaptar en tiempo real un c\u00f3digo LDPC a la tasa de error de una clave intercambiada, consiguiendo as\u00ed una eficiencia de reconciliaci\u00f3n pr\u00f3xima al valor m\u00e1ximo te\u00f3rico.<\/p>\n<h5>Situaci\u00f3n <\/h5>\n<p>Concedida<\/p>\n<h5>N\u00famero de solicitud<\/h5>\n<p>P201030099<\/p>\n<h5>N\u00famero de publicaci\u00f3n<\/h5>\n<p>ES2389217<\/p>\n<h5>Fecha de presentaci\u00f3n <\/h5>\n<p>27\/01\/2010<\/p>\n<h5>Fecha de concesi\u00f3n <\/h5>\n<p>15\/01\/2014<\/p>\n<div class=\"pdfprnt-buttons pdfprnt-buttons-product pdfprnt-bottom-left\"><a href=\"https:\/\/www.upm.es\/recursosidi\/wp-json\/wp\/v2\/product\/8515?print=pdf\" class=\"pdfprnt-button pdfprnt-button-pdf\" target=\"_blank\"><span class=\"pdfprnt-button-title pdfprnt-button-pdf-title\">Descargar ficha<\/span><\/a><\/div>","protected":false},"excerpt":{"rendered":"<p>Descripci\u00f3n de la patente La presente invenci\u00f3n muestra un m\u00e9todo y un sistema de correcci\u00f3n de errores especialmente dise\u00f1ado para la reconciliaci\u00f3n de informaci\u00f3n de&hellip;<\/p>\n","protected":false},"featured_media":0,"template":"","meta":{"_acf_changed":false},"product_cat":[3946],"product_tag":[],"comunidades-upm":[],"quien":[],"mapa":[],"disponibilidad":[],"donde":[{"term_id":618,"name":"Centro de Investigaci\u00f3n en Simulaci\u00f3n Computacional (CCS)","slug":"centro-de-investigacion-en-simulacion-computacional-ccs","term_group":0,"term_taxonomy_id":618,"taxonomy":"donde","description":"","parent":0,"count":27,"filter":"raw","term_order":"0"},{"term_id":516,"name":"Grupo de investigaci\u00f3n en Informaci\u00f3n y Computaci\u00f3n Cu\u00e1ntica (GIICC)","slug":"grupo-de-investigacion-en-informacion-y-computacion-cuantica-giicc","term_group":0,"term_taxonomy_id":516,"taxonomy":"donde","description":"El grupo es experto en la distribuci&oacute;n cu&aacute;ntica de claves (QKD). En particular, en la integraci&oacute;n de sistemas QKD en redes &oacute;pticas comerciales, as&iacute; como en el post-procesado o destilaci&oacute;n de clave secreta en QKD. Y participa en el proceso de estandarizaci&oacute;n de la QKD llevado a cabo por el Instituto Europeo de Est&aacute;ndares de Telecomunicaci&oacute;n (ETSI).\n&nbsp;\nEl grupo tambi&eacute;n es experto en t&eacute;cnicas de computaci&oacute;n de alto rendimiento, en especial aquellas aplicadas a procesos f&iacute;sicos y su an&aacute;lisis a trav&eacute;s de t&eacute;cnicas de visualizaci&oacute;n.\n&nbsp;\nLlevamos a cabo nuestro trabajo en base a las siguientes l&iacute;neas de investigaci&oacute;n:\n\nSimulaci&oacute;n de Sistemas Cu&aacute;nticos Mesosc&oacute;picos\nInformaci&oacute;n y Computaci&oacute;n Cu&aacute;nticas\nComputaci&oacute;n de alto rendimiento\n","parent":0,"count":9,"filter":"raw","term_order":"0"}],"infraestructura":[],"ods":[],"origen":[{"term_id":180,"name":"Patente","slug":"patente","term_group":0,"term_taxonomy_id":180,"taxonomy":"origen","description":"","parent":0,"count":614,"filter":"raw","term_order":"0"}],"familia_tax":false,"quien_tax":false,"donde_tax":false,"year":"","contacto":"<strong>Principales: <\/strong><ul><li>VICENTE MARTIN AYUSO <blockquote><strong>vicente.martin@upm.es<\/strong><\/blockquote><\/li><li>DANIEL LANCHO LANCHO <blockquote><strong>daniel.lancho@upm.es<\/strong><\/blockquote><\/li><\/ul><strong>Otros inventores UPM: <\/strong><ul><li>David Elkouss Coronas<\/li><li>Jes\u00fas Mart\u00ednez Mateo<\/li><\/ul>","telefono":"","pagina_web":"","email":"","id_ficha_portal":"490","video":"","adjuntos":false,"adjuntos_portal":"https:\/\/www.upm.es\/S2i\/Acuse\/recuperarArchivo.jsp?id=490&id_archivo=2519&tipo=patente&extension=fichero ","inf":false,"departamento":"","acf":[],"lang":"es","translation":{"es":8515},"_links":{"self":[{"href":"https:\/\/www.upm.es\/recursosidi\/wp-json\/wp\/v2\/product\/8515"}],"collection":[{"href":"https:\/\/www.upm.es\/recursosidi\/wp-json\/wp\/v2\/product"}],"about":[{"href":"https:\/\/www.upm.es\/recursosidi\/wp-json\/wp\/v2\/types\/product"}],"wp:attachment":[{"href":"https:\/\/www.upm.es\/recursosidi\/wp-json\/wp\/v2\/media?parent=8515"}],"wp:term":[{"taxonomy":"product_cat","embeddable":true,"href":"https:\/\/www.upm.es\/recursosidi\/wp-json\/wp\/v2\/product_cat?post=8515"},{"taxonomy":"product_tag","embeddable":true,"href":"https:\/\/www.upm.es\/recursosidi\/wp-json\/wp\/v2\/product_tag?post=8515"},{"taxonomy":"comunidad_upm","embeddable":true,"href":"https:\/\/www.upm.es\/recursosidi\/wp-json\/wp\/v2\/comunidades-upm?post=8515"},{"taxonomy":"quien","embeddable":true,"href":"https:\/\/www.upm.es\/recursosidi\/wp-json\/wp\/v2\/quien?post=8515"},{"taxonomy":"mapa","embeddable":true,"href":"https:\/\/www.upm.es\/recursosidi\/wp-json\/wp\/v2\/mapa?post=8515"},{"taxonomy":"disponibilidad","embeddable":true,"href":"https:\/\/www.upm.es\/recursosidi\/wp-json\/wp\/v2\/disponibilidad?post=8515"},{"taxonomy":"donde","embeddable":true,"href":"https:\/\/www.upm.es\/recursosidi\/wp-json\/wp\/v2\/donde?post=8515"},{"taxonomy":"infraestructura","embeddable":true,"href":"https:\/\/www.upm.es\/recursosidi\/wp-json\/wp\/v2\/infraestructura?post=8515"},{"taxonomy":"ods","embeddable":true,"href":"https:\/\/www.upm.es\/recursosidi\/wp-json\/wp\/v2\/ods?post=8515"},{"taxonomy":"origen","embeddable":true,"href":"https:\/\/www.upm.es\/recursosidi\/wp-json\/wp\/v2\/origen?post=8515"}],"curies":[{"name":"wp","href":"https:\/\/api.w.org\/{rel}","templated":true}]}}