{"id":8516,"date":"2021-11-25T14:10:49","date_gmt":"2021-11-25T13:10:49","guid":{"rendered":"https:\/\/www.upm.es\/recursosidi\/offers-resources\/sin%20categor\u00eda\/sistema-de-modificacion-de-la-posicion-y-actitud-de-cuerpos-en-orbita-por-medio-de-satelites-guia\/"},"modified":"2022-08-10T02:08:57","modified_gmt":"2022-08-10T00:08:57","slug":"sistema-de-modificacion-de-la-posicion-y-actitud-de-cuerpos-en-orbita-por-medio-de-satelites-guia","status":"publish","type":"product","link":"https:\/\/www.upm.es\/recursosidi\/offers-resources\/patentes\/sistema-de-modificacion-de-la-posicion-y-actitud-de-cuerpos-en-orbita-por-medio-de-satelites-guia\/","title":{"rendered":"Sistema de modificaci\u00f3n de la posici\u00f3n y actitud de cuerpos en \u00f3rbita por medio de sat\u00e9lites guia"},"content":{"rendered":"<h5>Descripci\u00f3n de la patente <\/h5>\n<p>Comprende un sat\u00e9lite (1) equipado con un sistema de expulsi\u00f3n de un flujo de iones de alta velocidad (3) y un sistema de propulsi\u00f3n secundario (4),  estando dicho sat\u00e9lite situado en las proximidades de un cuerpo (2) cuya \u00f3rbita y\/o posici\u00f3n se quiere modificar y estando la posici\u00f3n del sat\u00e9lite controlada de manera que el flujo de iones generado est\u00e9 dirigido contra el cuerpo (2) generando el empuje necesario para modificar la \u00f3rbita y\/o orientaci\u00f3n del mismo.<br \/>\nEl sistema es adecuado para desplazar sat\u00e9lites activos, basura espacial o cualquier cuerpo celeste, transmitiendo el empuje necesario sin contacto f\u00edsico con el cuerpo cuya \u00f3rbita y\/o orientaci\u00f3n  se quiere modificar. Esto permite evitar problemas de colisi\u00f3n en \u00f3rbita y maniobras complejas de &#8220;rendevous and docking&#8221;. <\/p>\n<h5>Situaci\u00f3n <\/h5>\n<p>Concedida<\/p>\n<h5>N\u00famero de solicitud<\/h5>\n<p>P201030354<\/p>\n<h5>N\u00famero de publicaci\u00f3n<\/h5>\n<p>ES2365394<\/p>\n<h5>Fecha de presentaci\u00f3n <\/h5>\n<p>11\/03\/2010<\/p>\n<h5>Fecha de concesi\u00f3n <\/h5>\n<p>18\/01\/2012<\/p>\n<div class=\"pdfprnt-buttons pdfprnt-buttons-product pdfprnt-bottom-left\"><a href=\"https:\/\/www.upm.es\/recursosidi\/wp-json\/wp\/v2\/product\/8516?print=pdf\" class=\"pdfprnt-button pdfprnt-button-pdf\" target=\"_blank\"><span class=\"pdfprnt-button-title pdfprnt-button-pdf-title\">Descargar ficha<\/span><\/a><\/div>","protected":false},"excerpt":{"rendered":"<p>Descripci\u00f3n de la patente Comprende un sat\u00e9lite (1) equipado con un sistema de expulsi\u00f3n de un flujo de iones de alta velocidad (3) y un&hellip;<\/p>\n","protected":false},"featured_media":0,"template":"","meta":{"_acf_changed":false},"product_cat":[3946],"product_tag":[],"comunidades-upm":[],"quien":[],"mapa":[],"disponibilidad":[],"donde":[{"term_id":616,"name":"Din\u00e1mica Espacial (SDG-UPM)","slug":"dinamica-espacial-sdg-upm","term_group":0,"term_taxonomy_id":616,"taxonomy":"donde","description":"","parent":0,"count":9,"filter":"raw","term_order":"0"}],"infraestructura":[],"ods":[],"origen":[{"term_id":180,"name":"Patente","slug":"patente","term_group":0,"term_taxonomy_id":180,"taxonomy":"origen","description":"","parent":0,"count":614,"filter":"raw","term_order":"0"}],"familia_tax":false,"quien_tax":false,"donde_tax":false,"year":"","contacto":"<strong>Principales: <\/strong><ul><li>JESUS PELAEZ ALVAREZ <blockquote><strong>j.pelaez@upm.es<\/strong><\/blockquote><\/li><li>CLAUDIO BOMBARDELLI  <blockquote><strong>claudio.bombardelli@upm.es<\/strong><\/blockquote><\/li><\/ul>","telefono":"","pagina_web":"","email":"","id_ficha_portal":"501","video":"","adjuntos":false,"adjuntos_portal":"https:\/\/www.upm.es\/S2i\/Acuse\/recuperarArchivo.jsp?id=501&id_archivo=549&tipo=patente&extension=fichero ","inf":false,"departamento":"","acf":[],"lang":"es","translation":{"es":8516},"_links":{"self":[{"href":"https:\/\/www.upm.es\/recursosidi\/wp-json\/wp\/v2\/product\/8516"}],"collection":[{"href":"https:\/\/www.upm.es\/recursosidi\/wp-json\/wp\/v2\/product"}],"about":[{"href":"https:\/\/www.upm.es\/recursosidi\/wp-json\/wp\/v2\/types\/product"}],"wp:attachment":[{"href":"https:\/\/www.upm.es\/recursosidi\/wp-json\/wp\/v2\/media?parent=8516"}],"wp:term":[{"taxonomy":"product_cat","embeddable":true,"href":"https:\/\/www.upm.es\/recursosidi\/wp-json\/wp\/v2\/product_cat?post=8516"},{"taxonomy":"product_tag","embeddable":true,"href":"https:\/\/www.upm.es\/recursosidi\/wp-json\/wp\/v2\/product_tag?post=8516"},{"taxonomy":"comunidad_upm","embeddable":true,"href":"https:\/\/www.upm.es\/recursosidi\/wp-json\/wp\/v2\/comunidades-upm?post=8516"},{"taxonomy":"quien","embeddable":true,"href":"https:\/\/www.upm.es\/recursosidi\/wp-json\/wp\/v2\/quien?post=8516"},{"taxonomy":"mapa","embeddable":true,"href":"https:\/\/www.upm.es\/recursosidi\/wp-json\/wp\/v2\/mapa?post=8516"},{"taxonomy":"disponibilidad","embeddable":true,"href":"https:\/\/www.upm.es\/recursosidi\/wp-json\/wp\/v2\/disponibilidad?post=8516"},{"taxonomy":"donde","embeddable":true,"href":"https:\/\/www.upm.es\/recursosidi\/wp-json\/wp\/v2\/donde?post=8516"},{"taxonomy":"infraestructura","embeddable":true,"href":"https:\/\/www.upm.es\/recursosidi\/wp-json\/wp\/v2\/infraestructura?post=8516"},{"taxonomy":"ods","embeddable":true,"href":"https:\/\/www.upm.es\/recursosidi\/wp-json\/wp\/v2\/ods?post=8516"},{"taxonomy":"origen","embeddable":true,"href":"https:\/\/www.upm.es\/recursosidi\/wp-json\/wp\/v2\/origen?post=8516"}],"curies":[{"name":"wp","href":"https:\/\/api.w.org\/{rel}","templated":true}]}}