{"id":8519,"date":"2021-11-25T14:10:56","date_gmt":"2021-11-25T13:10:56","guid":{"rendered":"https:\/\/www.upm.es\/recursosidi\/offers-resources\/sin categor\u00eda\/receptor-solar-de-anchura-variable-y-procedimiento-de-variacion-de-la-anchura\/"},"modified":"2022-08-10T02:09:06","modified_gmt":"2022-08-10T00:09:06","slug":"receptor-solar-de-anchura-variable-y-procedimiento-de-variacion-de-la-anchura","status":"publish","type":"product","link":"https:\/\/www.upm.es\/recursosidi\/offers-resources\/patentes\/receptor-solar-de-anchura-variable-y-procedimiento-de-variacion-de-la-anchura\/","title":{"rendered":"Receptor solar de anchura variable y procedimiento de variaci\u00f3n de la anchura"},"content":{"rendered":"<h5>Descripci\u00f3n de la patente <\/h5>\n<p>Receptor de tubos (1) paralelos, cuyos extremos dan a cabeceras (13, 83) de ramales, con sus v\u00e1lvulas, que conducen a, al menos, dos tipos de colectores, da altas (17, 86) y bajas (18, 87) prestaciones. Las v\u00e1lvulas del tubo (12, 14) y de las cabeceras est\u00e1n habitualmente cerradas, y s\u00f3lo se abren por encima de un umbral de la intensidad de radiaci\u00f3n, seleccionando el nivel de prestaciones en funci\u00f3n de dicha intensidad, seg\u00fan el cual se abren las v\u00e1lvulas de baja o de alta, integrando dicho tubo en una plancha de baja o de alta radiaci\u00f3n, circulando el fluido calor\u00edfero seg\u00fan la apertura de las macro-v\u00e1lvulas que afectan a la totalidad de cada plancha, adaptando la anchura de cada plancha del receptor a las condiciones en las que llega la radiaci\u00f3n.<\/p>\n<h5>Situaci\u00f3n <\/h5>\n<p>Concedida<\/p>\n<h5>N\u00famero de solicitud<\/h5>\n<p>P201100234<\/p>\n<h5>N\u00famero de publicaci\u00f3n<\/h5>\n<p>ES2356549<\/p>\n<h5>Fecha de presentaci\u00f3n <\/h5>\n<p>01\/03\/2011<\/p>\n<h5>Fecha de concesi\u00f3n <\/h5>\n<p>07\/02\/2012<\/p>\n<div class=\"pdfprnt-buttons pdfprnt-buttons-product pdfprnt-bottom-left\"><a href=\"https:\/\/www.upm.es\/recursosidi\/wp-json\/wp\/v2\/product\/8519?print=pdf\" class=\"pdfprnt-button pdfprnt-button-pdf\" target=\"_blank\"><span class=\"pdfprnt-button-title pdfprnt-button-pdf-title\">Descargar ficha<\/span><\/a><\/div>","protected":false},"excerpt":{"rendered":"<p>Descripci\u00f3n de la patente Receptor de tubos (1) paralelos, cuyos extremos dan a cabeceras (13, 83) de ramales, con sus v\u00e1lvulas, que conducen a, al&hellip;<\/p>\n","protected":false},"featured_media":0,"template":"","meta":{"_acf_changed":false},"product_cat":[3946],"product_tag":[],"comunidades-upm":[],"quien":[],"mapa":[],"disponibilidad":[],"donde":[{"term_id":238,"name":"Instituto de Fusi\u00f3n Nuclear \"Guillermo Velarde\" (IFN-GV)","slug":"instituto-de-fusion-nuclear-guillermo-velarde-ifn-gv","term_group":0,"term_taxonomy_id":238,"taxonomy":"donde","description":"","parent":0,"count":57,"filter":"raw","term_order":"0"},{"term_id":390,"name":"Thermal Energy for Sustainability","slug":"thermal-energy-for-sustainability","term_group":0,"term_taxonomy_id":390,"taxonomy":"donde","description":"","parent":0,"count":57,"filter":"raw","term_order":"0"}],"infraestructura":[],"ods":[],"origen":[{"term_id":180,"name":"Patente","slug":"patente","term_group":0,"term_taxonomy_id":180,"taxonomy":"origen","description":"","parent":0,"count":614,"filter":"raw","term_order":"0"}],"familia_tax":false,"quien_tax":false,"donde_tax":false,"year":"","contacto":"<strong>Principales: <\/strong><ul><li>ALBERTO RAMOS MILLAN <blockquote><strong>alberto.ramos@upm.es<\/strong><\/blockquote><\/li><li>JOSE MARIA MARTINEZ-VAL PE\u00d1ALOSA <blockquote><strong>josemaria.martinezval@upm.es<\/strong><\/blockquote><\/li><li>MANUEL VALDES DEL FRESNO <blockquote><strong>manuel.valdes@upm.es<\/strong><\/blockquote><\/li><li>ALBERTO ABANADES VELASCO <blockquote><strong>alberto.abanades@upm.es<\/strong><\/blockquote><\/li><li>JAVIER MU\u00d1OZ ANTON <blockquote><strong>javier.munoz.anton@upm.es<\/strong><\/blockquote><\/li><li>RAFAEL RUBEN AMENGUAL MATAS <blockquote><strong>ruben.amengual@upm.es<\/strong><\/blockquote><\/li><\/ul><strong>Otros inventores UPM: <\/strong><ul><li>Rub\u00e9n Abbas C\u00e1mara<\/li><\/ul><strong>Otros inventores: <\/strong><ul><li>AntonioRovira de Antonio Universidad Nacional de Educacion a Distancia (UNED)<\/li> <li>MireiaPiera Carret\u00e9 Universidad Nacional de Educacion a Distancia (UNED)<\/li> <li>Mar\u00eda Jos\u00e9Montes Pita Universidad Nacional de Educacion a Distancia (UNED)<\/li> <\/ul>","telefono":"","pagina_web":"","email":"","id_ficha_portal":"587","video":"","adjuntos":false,"adjuntos_portal":"","inf":false,"departamento":"","acf":[],"lang":"es","translation":{"es":8519},"_links":{"self":[{"href":"https:\/\/www.upm.es\/recursosidi\/wp-json\/wp\/v2\/product\/8519"}],"collection":[{"href":"https:\/\/www.upm.es\/recursosidi\/wp-json\/wp\/v2\/product"}],"about":[{"href":"https:\/\/www.upm.es\/recursosidi\/wp-json\/wp\/v2\/types\/product"}],"wp:attachment":[{"href":"https:\/\/www.upm.es\/recursosidi\/wp-json\/wp\/v2\/media?parent=8519"}],"wp:term":[{"taxonomy":"product_cat","embeddable":true,"href":"https:\/\/www.upm.es\/recursosidi\/wp-json\/wp\/v2\/product_cat?post=8519"},{"taxonomy":"product_tag","embeddable":true,"href":"https:\/\/www.upm.es\/recursosidi\/wp-json\/wp\/v2\/product_tag?post=8519"},{"taxonomy":"comunidad_upm","embeddable":true,"href":"https:\/\/www.upm.es\/recursosidi\/wp-json\/wp\/v2\/comunidades-upm?post=8519"},{"taxonomy":"quien","embeddable":true,"href":"https:\/\/www.upm.es\/recursosidi\/wp-json\/wp\/v2\/quien?post=8519"},{"taxonomy":"mapa","embeddable":true,"href":"https:\/\/www.upm.es\/recursosidi\/wp-json\/wp\/v2\/mapa?post=8519"},{"taxonomy":"disponibilidad","embeddable":true,"href":"https:\/\/www.upm.es\/recursosidi\/wp-json\/wp\/v2\/disponibilidad?post=8519"},{"taxonomy":"donde","embeddable":true,"href":"https:\/\/www.upm.es\/recursosidi\/wp-json\/wp\/v2\/donde?post=8519"},{"taxonomy":"infraestructura","embeddable":true,"href":"https:\/\/www.upm.es\/recursosidi\/wp-json\/wp\/v2\/infraestructura?post=8519"},{"taxonomy":"ods","embeddable":true,"href":"https:\/\/www.upm.es\/recursosidi\/wp-json\/wp\/v2\/ods?post=8519"},{"taxonomy":"origen","embeddable":true,"href":"https:\/\/www.upm.es\/recursosidi\/wp-json\/wp\/v2\/origen?post=8519"}],"curies":[{"name":"wp","href":"https:\/\/api.w.org\/{rel}","templated":true}]}}