{"id":8521,"date":"2021-11-25T14:11:01","date_gmt":"2021-11-25T13:11:01","guid":{"rendered":"https:\/\/www.upm.es\/recursosidi\/offers-resources\/sin categor\u00eda\/dispositivo-y-procedimiento-de-verificacion-de-registradores-de-temperatura-y-termometros\/"},"modified":"2022-08-10T02:09:12","modified_gmt":"2022-08-10T00:09:12","slug":"dispositivo-y-procedimiento-de-verificacion-de-registradores-de-temperatura-y-termometros","status":"publish","type":"product","link":"https:\/\/www.upm.es\/recursosidi\/offers-resources\/patentes\/dispositivo-y-procedimiento-de-verificacion-de-registradores-de-temperatura-y-termometros\/","title":{"rendered":"Dispositivo y procedimiento de verificaci\u00f3n de registradores de temperatura y term\u00f3metros"},"content":{"rendered":"<h5>Descripci\u00f3n de la patente <\/h5>\n<p>Dispositivo de verificaci\u00f3n de registradores de temperatura y term\u00f3metros por comparaci\u00f3n en un medio isot\u00e9rmico y estable, compuesto por:<br \/>\n&#8211;\tun pozo de medida<br \/>\n&#8211;\tun recipiente isot\u00e9rmico con un medio isot\u00e9rmico<br \/>\n&#8211;\tun termo aislante<br \/>\nEl recipiente isot\u00e9rmico consta de un recipiente, as\u00ed como de un medio isot\u00e9rmico cuya temperatura de fusi\u00f3n-solidificaci\u00f3n es pr\u00f3xima (\u00b15\u00baC) al valor de la temperatura en la que se quiera realizar la verificaci\u00f3n del registrador.<br \/>\nEl medio isot\u00e9rmico es preferentemente una mezcla de agua y una sal que se selecciona en composici\u00f3n seg\u00fan presente un punto eut\u00e9ctico entre \u00bf1,1 \u00baC y \u00bf28 \u00baC. <\/p>\n<h5>Situaci\u00f3n <\/h5>\n<p>Concedida<\/p>\n<h5>N\u00famero de solicitud<\/h5>\n<p>P201100342<\/p>\n<h5>N\u00famero de publicaci\u00f3n<\/h5>\n<p>ES2364061<\/p>\n<h5>Fecha de presentaci\u00f3n <\/h5>\n<p>24\/03\/2011<\/p>\n<h5>Fecha de concesi\u00f3n <\/h5>\n<p>20\/06\/2012<\/p>\n<div class=\"pdfprnt-buttons pdfprnt-buttons-product pdfprnt-bottom-left\"><a href=\"https:\/\/www.upm.es\/recursosidi\/wp-json\/wp\/v2\/product\/8521?print=pdf\" class=\"pdfprnt-button pdfprnt-button-pdf\" target=\"_blank\"><span class=\"pdfprnt-button-title pdfprnt-button-pdf-title\">Descargar ficha<\/span><\/a><\/div>","protected":false},"excerpt":{"rendered":"<p>Descripci\u00f3n de la patente Dispositivo de verificaci\u00f3n de registradores de temperatura y term\u00f3metros por comparaci\u00f3n en un medio isot\u00e9rmico y estable, compuesto por: &#8211; un&hellip;<\/p>\n","protected":false},"featured_media":0,"template":"","meta":{"_acf_changed":false},"product_cat":[3946],"product_tag":[],"comunidades-upm":[],"quien":[],"mapa":[],"disponibilidad":[],"donde":[{"term_id":238,"name":"Instituto de Fusi\u00f3n Nuclear \"Guillermo Velarde\" (IFN-GV)","slug":"instituto-de-fusion-nuclear-guillermo-velarde-ifn-gv","term_group":0,"term_taxonomy_id":238,"taxonomy":"donde","description":"","parent":0,"count":57,"filter":"raw","term_order":"0"},{"term_id":390,"name":"Thermal Energy for Sustainability","slug":"thermal-energy-for-sustainability","term_group":0,"term_taxonomy_id":390,"taxonomy":"donde","description":"","parent":0,"count":57,"filter":"raw","term_order":"0"}],"infraestructura":[],"ods":[],"origen":[{"term_id":180,"name":"Patente","slug":"patente","term_group":0,"term_taxonomy_id":180,"taxonomy":"origen","description":"","parent":0,"count":614,"filter":"raw","term_order":"0"}],"familia_tax":false,"quien_tax":false,"donde_tax":false,"year":"","contacto":"<strong>Principales: <\/strong><ul><li>JOSE MARIA MARTINEZ-VAL PE\u00d1ALOSA <blockquote><strong>josemaria.martinezval@upm.es<\/strong><\/blockquote><\/li><li>JUAN MANUEL GONZALEZ GARCIA <blockquote><strong>juanmanuel.gonzalez@upm.es<\/strong><\/blockquote><\/li><li>RAFAEL RUBEN AMENGUAL MATAS <blockquote><strong>ruben.amengual@upm.es<\/strong><\/blockquote><\/li><\/ul>","telefono":"","pagina_web":"","email":"","id_ficha_portal":"593","video":"","adjuntos":false,"adjuntos_portal":"https:\/\/www.upm.es\/S2i\/Acuse\/recuperarArchivo.jsp?id=593&id_archivo=724&tipo=patente&extension=fichero ","inf":false,"departamento":"","acf":[],"lang":"es","translation":{"es":8521},"_links":{"self":[{"href":"https:\/\/www.upm.es\/recursosidi\/wp-json\/wp\/v2\/product\/8521"}],"collection":[{"href":"https:\/\/www.upm.es\/recursosidi\/wp-json\/wp\/v2\/product"}],"about":[{"href":"https:\/\/www.upm.es\/recursosidi\/wp-json\/wp\/v2\/types\/product"}],"wp:attachment":[{"href":"https:\/\/www.upm.es\/recursosidi\/wp-json\/wp\/v2\/media?parent=8521"}],"wp:term":[{"taxonomy":"product_cat","embeddable":true,"href":"https:\/\/www.upm.es\/recursosidi\/wp-json\/wp\/v2\/product_cat?post=8521"},{"taxonomy":"product_tag","embeddable":true,"href":"https:\/\/www.upm.es\/recursosidi\/wp-json\/wp\/v2\/product_tag?post=8521"},{"taxonomy":"comunidad_upm","embeddable":true,"href":"https:\/\/www.upm.es\/recursosidi\/wp-json\/wp\/v2\/comunidades-upm?post=8521"},{"taxonomy":"quien","embeddable":true,"href":"https:\/\/www.upm.es\/recursosidi\/wp-json\/wp\/v2\/quien?post=8521"},{"taxonomy":"mapa","embeddable":true,"href":"https:\/\/www.upm.es\/recursosidi\/wp-json\/wp\/v2\/mapa?post=8521"},{"taxonomy":"disponibilidad","embeddable":true,"href":"https:\/\/www.upm.es\/recursosidi\/wp-json\/wp\/v2\/disponibilidad?post=8521"},{"taxonomy":"donde","embeddable":true,"href":"https:\/\/www.upm.es\/recursosidi\/wp-json\/wp\/v2\/donde?post=8521"},{"taxonomy":"infraestructura","embeddable":true,"href":"https:\/\/www.upm.es\/recursosidi\/wp-json\/wp\/v2\/infraestructura?post=8521"},{"taxonomy":"ods","embeddable":true,"href":"https:\/\/www.upm.es\/recursosidi\/wp-json\/wp\/v2\/ods?post=8521"},{"taxonomy":"origen","embeddable":true,"href":"https:\/\/www.upm.es\/recursosidi\/wp-json\/wp\/v2\/origen?post=8521"}],"curies":[{"name":"wp","href":"https:\/\/api.w.org\/{rel}","templated":true}]}}