{"id":8522,"date":"2021-11-25T14:11:04","date_gmt":"2021-11-25T13:11:04","guid":{"rendered":"https:\/\/www.upm.es\/recursosidi\/offers-resources\/sin categor\u00eda\/sistema-de-regeneracion-parcial-en-turbinas-de-gas-de-ciclos-combinados-con-una-o-varias-fuentes-de-calor\/"},"modified":"2022-08-10T02:09:14","modified_gmt":"2022-08-10T00:09:14","slug":"sistema-de-regeneracion-parcial-en-turbinas-de-gas-de-ciclos-combinados-con-una-o-varias-fuentes-de-calor","status":"publish","type":"product","link":"https:\/\/www.upm.es\/recursosidi\/offers-resources\/patentes\/sistema-de-regeneracion-parcial-en-turbinas-de-gas-de-ciclos-combinados-con-una-o-varias-fuentes-de-calor\/","title":{"rendered":"Sistema de regeneraci\u00f3n parcial en turbinas de gas de ciclos combinados con una o varias fuentes de calor"},"content":{"rendered":"<h5>Descripci\u00f3n de la patente <\/h5>\n<p>Sistema que contiene y conecta los siguientes elementos:<br \/>\n&#8211; una turbina de gas (1);<br \/>\n&#8211; una caldera de recuperaci\u00f3n de calor (14) dividida en dos cuerpos: de alta temperatura y menor temperatura;<br \/>\n&#8211; dos ramales (7) y (8) por los que circula el flujo de escape de la turbina (1);<br \/>\nque permite que el ciclo de gas sea regenerativo sin perder temperatura en la parte m\u00e1s caliente de la caldera de recuperaci\u00f3n ni reducir la temperatura del vapor del fluido del ciclo de baja temperatura.<br \/>\nTambi\u00e9n puede incluirse una instalaci\u00f3n solar o de otro tipo (20) que transfiera energ\u00eda t\u00e9rmica al ciclo de baja temperatura (18) del ciclo combinado.<br \/>\nEl sistema act\u00faa para que se obtengan mejores rendimientos del ciclo combinado, a plena carga o a cargas parciales y, si existe hibridaci\u00f3n con otra fuente de energ\u00eda, para mejorar adem\u00e1s el rendimiento de la turbina de vapor.<\/p>\n<h5>Situaci\u00f3n <\/h5>\n<p>Concedida<\/p>\n<h5>N\u00famero de solicitud<\/h5>\n<p>P201000271<\/p>\n<h5>N\u00famero de publicaci\u00f3n<\/h5>\n<p>ES2387724<\/p>\n<h5>Fecha de presentaci\u00f3n <\/h5>\n<p>05\/03\/2010<\/p>\n<h5>Fecha de concesi\u00f3n <\/h5>\n<p>07\/08\/2013<\/p>\n<div class=\"pdfprnt-buttons pdfprnt-buttons-product pdfprnt-bottom-left\"><a href=\"https:\/\/www.upm.es\/recursosidi\/wp-json\/wp\/v2\/product\/8522?print=pdf\" class=\"pdfprnt-button pdfprnt-button-pdf\" target=\"_blank\"><span class=\"pdfprnt-button-title pdfprnt-button-pdf-title\">Descargar ficha<\/span><\/a><\/div>","protected":false},"excerpt":{"rendered":"<p>Descripci\u00f3n de la patente Sistema que contiene y conecta los siguientes elementos: &#8211; una turbina de gas (1); &#8211; una caldera de recuperaci\u00f3n de calor&hellip;<\/p>\n","protected":false},"featured_media":0,"template":"","meta":{"_acf_changed":false},"product_cat":[3946],"product_tag":[],"comunidades-upm":[],"quien":[],"mapa":[],"disponibilidad":[],"donde":[{"term_id":238,"name":"Instituto de Fusi\u00f3n Nuclear \"Guillermo Velarde\" (IFN-GV)","slug":"instituto-de-fusion-nuclear-guillermo-velarde-ifn-gv","term_group":0,"term_taxonomy_id":238,"taxonomy":"donde","description":"","parent":0,"count":57,"filter":"raw","term_order":"0"},{"term_id":390,"name":"Thermal Energy for Sustainability","slug":"thermal-energy-for-sustainability","term_group":0,"term_taxonomy_id":390,"taxonomy":"donde","description":"","parent":0,"count":57,"filter":"raw","term_order":"0"}],"infraestructura":[],"ods":[],"origen":[{"term_id":180,"name":"Patente","slug":"patente","term_group":0,"term_taxonomy_id":180,"taxonomy":"origen","description":"","parent":0,"count":614,"filter":"raw","term_order":"0"}],"familia_tax":false,"quien_tax":false,"donde_tax":false,"year":"","contacto":"<strong>Principales: <\/strong><ul><li>JOSE MARIA MARTINEZ-VAL PE\u00d1ALOSA <blockquote><strong>josemaria.martinezval@upm.es<\/strong><\/blockquote><\/li><li>MANUEL VALDES DEL FRESNO <blockquote><strong>manuel.valdes@upm.es<\/strong><\/blockquote><\/li><li>RAFAEL RUBEN AMENGUAL MATAS <blockquote><strong>ruben.amengual@upm.es<\/strong><\/blockquote><\/li><\/ul><strong>Otros inventores: <\/strong><ul><li>Mar\u00eda Jos\u00e9Montes Pita Universidad Nacional de Educacion a Distancia (UNED)<\/li> <li>Antonio Rovira de Antonio Universidad Nacional de Educacion a Distancia (UNED)<\/li> <\/ul>","telefono":"","pagina_web":"","email":"","id_ficha_portal":"527","video":"","adjuntos":false,"adjuntos_portal":"","inf":false,"departamento":"","acf":[],"lang":"es","translation":{"es":8522},"_links":{"self":[{"href":"https:\/\/www.upm.es\/recursosidi\/wp-json\/wp\/v2\/product\/8522"}],"collection":[{"href":"https:\/\/www.upm.es\/recursosidi\/wp-json\/wp\/v2\/product"}],"about":[{"href":"https:\/\/www.upm.es\/recursosidi\/wp-json\/wp\/v2\/types\/product"}],"wp:attachment":[{"href":"https:\/\/www.upm.es\/recursosidi\/wp-json\/wp\/v2\/media?parent=8522"}],"wp:term":[{"taxonomy":"product_cat","embeddable":true,"href":"https:\/\/www.upm.es\/recursosidi\/wp-json\/wp\/v2\/product_cat?post=8522"},{"taxonomy":"product_tag","embeddable":true,"href":"https:\/\/www.upm.es\/recursosidi\/wp-json\/wp\/v2\/product_tag?post=8522"},{"taxonomy":"comunidad_upm","embeddable":true,"href":"https:\/\/www.upm.es\/recursosidi\/wp-json\/wp\/v2\/comunidades-upm?post=8522"},{"taxonomy":"quien","embeddable":true,"href":"https:\/\/www.upm.es\/recursosidi\/wp-json\/wp\/v2\/quien?post=8522"},{"taxonomy":"mapa","embeddable":true,"href":"https:\/\/www.upm.es\/recursosidi\/wp-json\/wp\/v2\/mapa?post=8522"},{"taxonomy":"disponibilidad","embeddable":true,"href":"https:\/\/www.upm.es\/recursosidi\/wp-json\/wp\/v2\/disponibilidad?post=8522"},{"taxonomy":"donde","embeddable":true,"href":"https:\/\/www.upm.es\/recursosidi\/wp-json\/wp\/v2\/donde?post=8522"},{"taxonomy":"infraestructura","embeddable":true,"href":"https:\/\/www.upm.es\/recursosidi\/wp-json\/wp\/v2\/infraestructura?post=8522"},{"taxonomy":"ods","embeddable":true,"href":"https:\/\/www.upm.es\/recursosidi\/wp-json\/wp\/v2\/ods?post=8522"},{"taxonomy":"origen","embeddable":true,"href":"https:\/\/www.upm.es\/recursosidi\/wp-json\/wp\/v2\/origen?post=8522"}],"curies":[{"name":"wp","href":"https:\/\/api.w.org\/{rel}","templated":true}]}}