{"id":8527,"date":"2021-11-25T14:11:16","date_gmt":"2021-11-25T13:11:16","guid":{"rendered":"https:\/\/www.upm.es\/recursosidi\/offers-resources\/sin categor\u00eda\/material-compuesto-que-comprende-una-resina-termoestable-con-particulas-de-cobre-o-particulas-de-aleaciones-de-cobre\/"},"modified":"2022-08-10T02:09:26","modified_gmt":"2022-08-10T00:09:26","slug":"material-compuesto-que-comprende-una-resina-termoestable-con-particulas-de-cobre-o-particulas-de-aleaciones-de-cobre","status":"publish","type":"product","link":"https:\/\/www.upm.es\/recursosidi\/offers-resources\/patentes\/material-compuesto-que-comprende-una-resina-termoestable-con-particulas-de-cobre-o-particulas-de-aleaciones-de-cobre\/","title":{"rendered":"Material compuesto que comprende una resina termoestable con part\u00edculas de cobre o part\u00edculas de aleaciones de cobre"},"content":{"rendered":"<h5>Descripci\u00f3n de la patente <\/h5>\n<p>Material compuesto que comprende una resina termoestable con part\u00edculas de cobre o part\u00edculas de aleaciones de cobre, por ejemplo, bronce, as\u00ed como su uso como superficie antincrustante en contacto con el agua. Las part\u00edculas tienen un di\u00e1metro comprendido entre 10 y 400 micras y el peso de dichas part\u00edculas es entre un 20% y un 60% del peso total. La resina termoestable est\u00e1 seleccionada entre el grupo compuesto por resina epoxi, resina de poli\u00e9ster, resina de vinil\u00e9ster, resina de poliuretano, resina de silicona, resina de poliimida y resina fen\u00f3lica. El material compuesto recubre superficies de yates, embarcaciones deportivas, botes salvavidas, lanchas de vigilancia, barcos de pesca, barcos de servicio, dragaminas, remolcadores, ap\u00e9ndices de barcos, h\u00e9lices, m\u00e1stiles, tuber\u00edas, boyas, submarinos y\/o estructuras navales.<\/p>\n<h5>Situaci\u00f3n <\/h5>\n<p>Concedida<\/p>\n<h5>N\u00famero de solicitud<\/h5>\n<p>P201031974<\/p>\n<h5>N\u00famero de publicaci\u00f3n<\/h5>\n<p>Es2387660 B2<\/p>\n<h5>Fecha de presentaci\u00f3n <\/h5>\n<p>28\/12\/2010<\/p>\n<h5>Fecha de concesi\u00f3n <\/h5>\n<p>04\/02\/2014<\/p>\n<div class=\"pdfprnt-buttons pdfprnt-buttons-product pdfprnt-bottom-left\"><a href=\"https:\/\/www.upm.es\/recursosidi\/wp-json\/wp\/v2\/product\/8527?print=pdf\" class=\"pdfprnt-button pdfprnt-button-pdf\" target=\"_blank\"><span class=\"pdfprnt-button-title pdfprnt-button-pdf-title\">Descargar ficha<\/span><\/a><\/div>","protected":false},"excerpt":{"rendered":"<p>Descripci\u00f3n de la patente Material compuesto que comprende una resina termoestable con part\u00edculas de cobre o part\u00edculas de aleaciones de cobre, por ejemplo, bronce, as\u00ed&hellip;<\/p>\n","protected":false},"featured_media":0,"template":"","meta":{"_acf_changed":false},"product_cat":[3946],"product_tag":[],"comunidades-upm":[],"quien":[],"mapa":[],"disponibilidad":[],"donde":[{"term_id":42,"name":"UPM","slug":"upm","term_group":0,"term_taxonomy_id":42,"taxonomy":"donde","description":"Universidad Polit\u00e9cnica de Madrid\r\nHTML \"Lorem ipsum dolor sit amet, consectetur adipiscing elit, sed do eiusmod tempor incididunt ut labore et dolore magna aliqua. Ut enim ad minim veniam, quis nostrud exercitation ullamco laboris nisi ut aliquip ex ea commodo consequat. Duis aute irure dolor in reprehenderit in voluptate velit esse cillum dolore eu fugiat nulla pariatur. Excepteur sint occaecat cupidatat non proident, sunt in culpa qui officia deserunt mollit anim id est laborum.\"","parent":0,"count":146,"filter":"raw","term_order":"0"}],"infraestructura":[],"ods":[],"origen":[{"term_id":180,"name":"Patente","slug":"patente","term_group":0,"term_taxonomy_id":180,"taxonomy":"origen","description":"","parent":0,"count":614,"filter":"raw","term_order":"0"}],"familia_tax":false,"quien_tax":false,"donde_tax":false,"year":"","contacto":"<ul><li><blockquote><strong>otri.investigacion@upm.es<\/strong><\/blockquote><\/li><\/ul>","telefono":"","pagina_web":"","email":"","id_ficha_portal":"575","video":"","adjuntos":false,"adjuntos_portal":"https:\/\/www.upm.es\/S2i\/Acuse\/recuperarArchivo.jsp?id=575&id_archivo=2520&tipo=patente&extension=fichero ","inf":false,"departamento":"","acf":[],"lang":"es","translation":{"es":8527},"_links":{"self":[{"href":"https:\/\/www.upm.es\/recursosidi\/wp-json\/wp\/v2\/product\/8527"}],"collection":[{"href":"https:\/\/www.upm.es\/recursosidi\/wp-json\/wp\/v2\/product"}],"about":[{"href":"https:\/\/www.upm.es\/recursosidi\/wp-json\/wp\/v2\/types\/product"}],"wp:attachment":[{"href":"https:\/\/www.upm.es\/recursosidi\/wp-json\/wp\/v2\/media?parent=8527"}],"wp:term":[{"taxonomy":"product_cat","embeddable":true,"href":"https:\/\/www.upm.es\/recursosidi\/wp-json\/wp\/v2\/product_cat?post=8527"},{"taxonomy":"product_tag","embeddable":true,"href":"https:\/\/www.upm.es\/recursosidi\/wp-json\/wp\/v2\/product_tag?post=8527"},{"taxonomy":"comunidad_upm","embeddable":true,"href":"https:\/\/www.upm.es\/recursosidi\/wp-json\/wp\/v2\/comunidades-upm?post=8527"},{"taxonomy":"quien","embeddable":true,"href":"https:\/\/www.upm.es\/recursosidi\/wp-json\/wp\/v2\/quien?post=8527"},{"taxonomy":"mapa","embeddable":true,"href":"https:\/\/www.upm.es\/recursosidi\/wp-json\/wp\/v2\/mapa?post=8527"},{"taxonomy":"disponibilidad","embeddable":true,"href":"https:\/\/www.upm.es\/recursosidi\/wp-json\/wp\/v2\/disponibilidad?post=8527"},{"taxonomy":"donde","embeddable":true,"href":"https:\/\/www.upm.es\/recursosidi\/wp-json\/wp\/v2\/donde?post=8527"},{"taxonomy":"infraestructura","embeddable":true,"href":"https:\/\/www.upm.es\/recursosidi\/wp-json\/wp\/v2\/infraestructura?post=8527"},{"taxonomy":"ods","embeddable":true,"href":"https:\/\/www.upm.es\/recursosidi\/wp-json\/wp\/v2\/ods?post=8527"},{"taxonomy":"origen","embeddable":true,"href":"https:\/\/www.upm.es\/recursosidi\/wp-json\/wp\/v2\/origen?post=8527"}],"curies":[{"name":"wp","href":"https:\/\/api.w.org\/{rel}","templated":true}]}}