{"id":8529,"date":"2021-11-25T14:11:20","date_gmt":"2021-11-25T13:11:20","guid":{"rendered":"https:\/\/www.upm.es\/recursosidi\/offers-resources\/sin categor\u00eda\/banco-de-pruebas-para-caracterizar-la-respuesta-de-materiales-y-dispositivos-utilizados-como-sensores-transductores-o-como-generadores-de-energia-en-aplicaciones-de-trafico-vial\/"},"modified":"2022-08-10T02:09:32","modified_gmt":"2022-08-10T00:09:32","slug":"banco-de-pruebas-para-caracterizar-la-respuesta-de-materiales-y-dispositivos-utilizados-como-sensores-transductores-o-como-generadores-de-energia-en-aplicaciones-de-trafico-vial","status":"publish","type":"product","link":"https:\/\/www.upm.es\/recursosidi\/offers-resources\/patentes\/banco-de-pruebas-para-caracterizar-la-respuesta-de-materiales-y-dispositivos-utilizados-como-sensores-transductores-o-como-generadores-de-energia-en-aplicaciones-de-trafico-vial\/","title":{"rendered":"Banco de pruebas para caracterizar la respuesta de materiales y dispositivos utilizados como sensores, transductores o como generadores de energ\u00eda en aplicaciones de tr\u00e1fico vial"},"content":{"rendered":"<h5>Descripci\u00f3n de la patente <\/h5>\n<p>Banco de pruebas para caracterizar la respuesta de materiales y dispositivos (15) utilizados como sensores, transductores o como generadores de energ\u00eda en aplicaciones de tr\u00e1fico vial, que reproduce las condiciones de excitaci\u00f3n a las que se ven sometidos cuando se utilizan, normalmente enterrados, en viales que soportan tr\u00e1fico rodado. Comprende:<br \/>\n&#8211; una plataforma fija (1) con cavidades (2,3) para alojar el material o dispositivo (15);<br \/>\n&#8211; una plataforma rotatoria (5) paralela a la plataforma fija (1), con:<br \/>\n   \u00bf medios de accionamiento (10,11,12) para producir el giro de la plataforma rotatoria (5);<br \/>\n   \u00bf parejas de ruedas (14,14\u00bf) solidarias a la plataforma rotatoria (5), cada pareja dispuesta sobre un mismo di\u00e1metro (6) de la plataforma rotatoria (5), estando las cavidades (2,3) y las ruedas dispuestas tal que en su avance las ruedas transitan sobre dichas cavidades (2,3);<br \/>\n&#8211; un sistema de adquisici\u00f3n de datos y control para obtener las se\u00f1ales procedentes del material o dispositivo (15) sometido a ensayo para su caracterizaci\u00f3n <\/p>\n<h5>Situaci\u00f3n <\/h5>\n<p>Concedida<\/p>\n<h5>N\u00famero de solicitud<\/h5>\n<p>P201130225<\/p>\n<h5>N\u00famero de publicaci\u00f3n<\/h5>\n<p>ES2364063<\/p>\n<h5>Fecha de presentaci\u00f3n <\/h5>\n<p>22\/02\/2011<\/p>\n<h5>Fecha de concesi\u00f3n <\/h5>\n<p>17\/01\/2013<\/p>\n<div class=\"pdfprnt-buttons pdfprnt-buttons-product pdfprnt-bottom-left\"><a href=\"https:\/\/www.upm.es\/recursosidi\/wp-json\/wp\/v2\/product\/8529?print=pdf\" class=\"pdfprnt-button pdfprnt-button-pdf\" target=\"_blank\"><span class=\"pdfprnt-button-title pdfprnt-button-pdf-title\">Descargar ficha<\/span><\/a><\/div>","protected":false},"excerpt":{"rendered":"<p>Descripci\u00f3n de la patente Banco de pruebas para caracterizar la respuesta de materiales y dispositivos (15) utilizados como sensores, transductores o como generadores de energ\u00eda&hellip;<\/p>\n","protected":false},"featured_media":0,"template":"","meta":{"_acf_changed":false},"product_cat":[3946],"product_tag":[],"comunidades-upm":[],"quien":[],"mapa":[],"disponibilidad":[],"donde":[{"term_id":590,"name":"Centro de Materiales y Dispositivos Avanzados para Tecnolog\u00edas de Informaci\u00f3n y Comunicaciones (CEMDATIC)","slug":"centro-de-materiales-y-dispositivos-avanzados-para-tecnologias-de-informacion-y-comunicaciones-cemdatic","term_group":0,"term_taxonomy_id":590,"taxonomy":"donde","description":"","parent":0,"count":20,"filter":"raw","term_order":"0"}],"infraestructura":[],"ods":[],"origen":[{"term_id":180,"name":"Patente","slug":"patente","term_group":0,"term_taxonomy_id":180,"taxonomy":"origen","description":"","parent":0,"count":614,"filter":"raw","term_order":"0"}],"familia_tax":false,"quien_tax":false,"donde_tax":false,"year":"","contacto":"<strong>Principales: <\/strong><ul><li>JOSE DE FRUTOS VAQUERIZO <blockquote><strong>jose.defrutos@upm.es<\/strong><\/blockquote><\/li><li>FRANCISCO JAVIER JIMENEZ MARTINEZ <blockquote><strong>franciscojavier.jimenez@upm.es<\/strong><\/blockquote><\/li><li>MANUEL VAZQUEZ RODRIGUEZ <blockquote><strong>m.vazquez@upm.es<\/strong><\/blockquote><\/li><\/ul>","telefono":"","pagina_web":"","email":"","id_ficha_portal":"586","video":"","adjuntos":false,"adjuntos_portal":"https:\/\/www.upm.es\/S2i\/Acuse\/recuperarArchivo.jsp?id=586&id_archivo=1964&tipo=patente&extension=fichero ","inf":false,"departamento":"","acf":[],"lang":"es","translation":{"es":8529},"_links":{"self":[{"href":"https:\/\/www.upm.es\/recursosidi\/wp-json\/wp\/v2\/product\/8529"}],"collection":[{"href":"https:\/\/www.upm.es\/recursosidi\/wp-json\/wp\/v2\/product"}],"about":[{"href":"https:\/\/www.upm.es\/recursosidi\/wp-json\/wp\/v2\/types\/product"}],"wp:attachment":[{"href":"https:\/\/www.upm.es\/recursosidi\/wp-json\/wp\/v2\/media?parent=8529"}],"wp:term":[{"taxonomy":"product_cat","embeddable":true,"href":"https:\/\/www.upm.es\/recursosidi\/wp-json\/wp\/v2\/product_cat?post=8529"},{"taxonomy":"product_tag","embeddable":true,"href":"https:\/\/www.upm.es\/recursosidi\/wp-json\/wp\/v2\/product_tag?post=8529"},{"taxonomy":"comunidad_upm","embeddable":true,"href":"https:\/\/www.upm.es\/recursosidi\/wp-json\/wp\/v2\/comunidades-upm?post=8529"},{"taxonomy":"quien","embeddable":true,"href":"https:\/\/www.upm.es\/recursosidi\/wp-json\/wp\/v2\/quien?post=8529"},{"taxonomy":"mapa","embeddable":true,"href":"https:\/\/www.upm.es\/recursosidi\/wp-json\/wp\/v2\/mapa?post=8529"},{"taxonomy":"disponibilidad","embeddable":true,"href":"https:\/\/www.upm.es\/recursosidi\/wp-json\/wp\/v2\/disponibilidad?post=8529"},{"taxonomy":"donde","embeddable":true,"href":"https:\/\/www.upm.es\/recursosidi\/wp-json\/wp\/v2\/donde?post=8529"},{"taxonomy":"infraestructura","embeddable":true,"href":"https:\/\/www.upm.es\/recursosidi\/wp-json\/wp\/v2\/infraestructura?post=8529"},{"taxonomy":"ods","embeddable":true,"href":"https:\/\/www.upm.es\/recursosidi\/wp-json\/wp\/v2\/ods?post=8529"},{"taxonomy":"origen","embeddable":true,"href":"https:\/\/www.upm.es\/recursosidi\/wp-json\/wp\/v2\/origen?post=8529"}],"curies":[{"name":"wp","href":"https:\/\/api.w.org\/{rel}","templated":true}]}}