{"id":8534,"date":"2021-11-25T14:11:32","date_gmt":"2021-11-25T13:11:32","guid":{"rendered":"https:\/\/www.upm.es\/recursosidi\/offers-resources\/sin categor\u00eda\/metodo-para-la-resolucion-de-cubiertas-acabadas-con-teja-arabe-y-estructura-para-cubiertas-acabadas-con-teja-arabe-resultante-de-dicho-metodo\/"},"modified":"2022-08-10T02:09:44","modified_gmt":"2022-08-10T00:09:44","slug":"metodo-para-la-resolucion-de-cubiertas-acabadas-con-teja-arabe-y-estructura-para-cubiertas-acabadas-con-teja-arabe-resultante-de-dicho-metodo","status":"publish","type":"product","link":"https:\/\/www.upm.es\/recursosidi\/offers-resources\/patentes\/metodo-para-la-resolucion-de-cubiertas-acabadas-con-teja-arabe-y-estructura-para-cubiertas-acabadas-con-teja-arabe-resultante-de-dicho-metodo\/","title":{"rendered":"M\u00e9todo para la resoluci\u00f3n de cubiertas acabadas con teja \u00e1rabe y estructura para cubiertas acabadas con teja \u00e1rabe resultante de dicho m\u00e9todo"},"content":{"rendered":"<h5>Descripci\u00f3n de la patente <\/h5>\n<p>M\u00e9todo para resoluci\u00f3n de cubiertas acabadas con teja \u00e1rabe, con base de cubierta<br \/>\ntipo (4) de tablas de madera sobre estructura de cubierta (1), y sobre ella rastreles de<br \/>\nmadera tratada (7) dispuestos seg\u00fan la direcci\u00f3n de m\u00e1xima pendiente en la base de<br \/>\ncubierta tipo (4) excepto en su extremo inferior (5, 6), y tiras de madera tratada (8)<br \/>\ndispuestas en zig-zag en dicho extremo (5, 6). Posteriormente se aplica una primera<br \/>\ncapa de resina acr\u00edlica (10) en el extremo de la base de cubierta (5, 6) y se fijan<br \/>\nl\u00e1minas de polietileno de alta densidad (13) a los rastreles de madera tratada (7).<br \/>\nDespu\u00e9s se colocan tejas canales (11) en el extremo de la base de cubierta (6) y se<br \/>\naplica una segunda capa de resina acr\u00edlica (12) en el extremo de la base de cubierta<br \/>\npara posteriormente colocar tejas \u00e1rabes (15) en el resto de la cubierta.<\/p>\n<h5>Situaci\u00f3n <\/h5>\n<p>Concedida<\/p>\n<h5>N\u00famero de solicitud<\/h5>\n<p>P201130311<\/p>\n<h5>N\u00famero de publicaci\u00f3n<\/h5>\n<p>ES2363401<\/p>\n<h5>Fecha de presentaci\u00f3n <\/h5>\n<p>08\/03\/2011<\/p>\n<h5>Fecha de concesi\u00f3n <\/h5>\n<p>13\/12\/2011<\/p>\n<div class=\"pdfprnt-buttons pdfprnt-buttons-product pdfprnt-bottom-left\"><a href=\"https:\/\/www.upm.es\/recursosidi\/wp-json\/wp\/v2\/product\/8534?print=pdf\" class=\"pdfprnt-button pdfprnt-button-pdf\" target=\"_blank\"><span class=\"pdfprnt-button-title pdfprnt-button-pdf-title\">Descargar ficha<\/span><\/a><\/div>","protected":false},"excerpt":{"rendered":"<p>Descripci\u00f3n de la patente M\u00e9todo para resoluci\u00f3n de cubiertas acabadas con teja \u00e1rabe, con base de cubierta tipo (4) de tablas de madera sobre estructura&hellip;<\/p>\n","protected":false},"featured_media":0,"template":"","meta":{"_acf_changed":false},"product_cat":[3946],"product_tag":[],"comunidades-upm":[],"quien":[],"mapa":[],"disponibilidad":[],"donde":[{"term_id":42,"name":"UPM","slug":"upm","term_group":0,"term_taxonomy_id":42,"taxonomy":"donde","description":"Universidad Polit\u00e9cnica de Madrid\r\nHTML \"Lorem ipsum dolor sit amet, consectetur adipiscing elit, sed do eiusmod tempor incididunt ut labore et dolore magna aliqua. Ut enim ad minim veniam, quis nostrud exercitation ullamco laboris nisi ut aliquip ex ea commodo consequat. Duis aute irure dolor in reprehenderit in voluptate velit esse cillum dolore eu fugiat nulla pariatur. Excepteur sint occaecat cupidatat non proident, sunt in culpa qui officia deserunt mollit anim id est laborum.\"","parent":0,"count":146,"filter":"raw","term_order":"0"}],"infraestructura":[],"ods":[],"origen":[{"term_id":180,"name":"Patente","slug":"patente","term_group":0,"term_taxonomy_id":180,"taxonomy":"origen","description":"","parent":0,"count":614,"filter":"raw","term_order":"0"}],"familia_tax":false,"quien_tax":false,"donde_tax":false,"year":"","contacto":"<ul><li><blockquote><strong>otri.investigacion@upm.es<\/strong><\/blockquote><\/li><\/ul>","telefono":"","pagina_web":"","email":"","id_ficha_portal":"592","video":"","adjuntos":false,"adjuntos_portal":"https:\/\/www.upm.es\/S2i\/Acuse\/recuperarArchivo.jsp?id=592&id_archivo=532&tipo=patente&extension=fichero ","inf":false,"departamento":"","acf":[],"lang":"es","translation":{"es":8534},"_links":{"self":[{"href":"https:\/\/www.upm.es\/recursosidi\/wp-json\/wp\/v2\/product\/8534"}],"collection":[{"href":"https:\/\/www.upm.es\/recursosidi\/wp-json\/wp\/v2\/product"}],"about":[{"href":"https:\/\/www.upm.es\/recursosidi\/wp-json\/wp\/v2\/types\/product"}],"wp:attachment":[{"href":"https:\/\/www.upm.es\/recursosidi\/wp-json\/wp\/v2\/media?parent=8534"}],"wp:term":[{"taxonomy":"product_cat","embeddable":true,"href":"https:\/\/www.upm.es\/recursosidi\/wp-json\/wp\/v2\/product_cat?post=8534"},{"taxonomy":"product_tag","embeddable":true,"href":"https:\/\/www.upm.es\/recursosidi\/wp-json\/wp\/v2\/product_tag?post=8534"},{"taxonomy":"comunidad_upm","embeddable":true,"href":"https:\/\/www.upm.es\/recursosidi\/wp-json\/wp\/v2\/comunidades-upm?post=8534"},{"taxonomy":"quien","embeddable":true,"href":"https:\/\/www.upm.es\/recursosidi\/wp-json\/wp\/v2\/quien?post=8534"},{"taxonomy":"mapa","embeddable":true,"href":"https:\/\/www.upm.es\/recursosidi\/wp-json\/wp\/v2\/mapa?post=8534"},{"taxonomy":"disponibilidad","embeddable":true,"href":"https:\/\/www.upm.es\/recursosidi\/wp-json\/wp\/v2\/disponibilidad?post=8534"},{"taxonomy":"donde","embeddable":true,"href":"https:\/\/www.upm.es\/recursosidi\/wp-json\/wp\/v2\/donde?post=8534"},{"taxonomy":"infraestructura","embeddable":true,"href":"https:\/\/www.upm.es\/recursosidi\/wp-json\/wp\/v2\/infraestructura?post=8534"},{"taxonomy":"ods","embeddable":true,"href":"https:\/\/www.upm.es\/recursosidi\/wp-json\/wp\/v2\/ods?post=8534"},{"taxonomy":"origen","embeddable":true,"href":"https:\/\/www.upm.es\/recursosidi\/wp-json\/wp\/v2\/origen?post=8534"}],"curies":[{"name":"wp","href":"https:\/\/api.w.org\/{rel}","templated":true}]}}