{"id":8536,"date":"2021-11-25T14:11:37","date_gmt":"2021-11-25T13:11:37","guid":{"rendered":"https:\/\/www.upm.es\/recursosidi\/offers-resources\/sin categor\u00eda\/estacion-remota-sistema-y-metodo-de-monitorizacion-de-campo-electromagnetico-ambiental-en-tiempo-real\/"},"modified":"2022-08-10T02:09:49","modified_gmt":"2022-08-10T00:09:49","slug":"estacion-remota-sistema-y-metodo-de-monitorizacion-de-campo-electromagnetico-ambiental-en-tiempo-real","status":"publish","type":"product","link":"https:\/\/www.upm.es\/recursosidi\/offers-resources\/patentes\/estacion-remota-sistema-y-metodo-de-monitorizacion-de-campo-electromagnetico-ambiental-en-tiempo-real\/","title":{"rendered":"Estaci\u00f3n remota, sistema y m\u00e9todo de monitorizaci\u00f3n de campo electromagn\u00e9tico ambiental en tiempo real"},"content":{"rendered":"<h5>Descripci\u00f3n de la patente <\/h5>\n<p>Estaci\u00f3n remota compacta y fija, de control y monitorizaci\u00f3n permanente en banda ancha del campo electromagn\u00e9tico en entorno urbano, en tiempo real y controlada desde un centro de control remoto a trav\u00e9s de Intranet\/Internet. Est\u00e1 formada por cuatro subsistemas; los dos primeros permiten el registro y la captaci\u00f3n de la se\u00f1al en valores reales, en todas las bandas de frecuencia admitidas, en un rango entre 100 MHz y 6 GHz, para cada instante de tiempo, as\u00ed como el registro y pre-procesado de las mismas. El tercer subsistema se encarga del almacenamiento y del procesamiento de la informaci\u00f3n, para posterior reenv\u00edo al centro de control remoto. El \u00faltimo subsistema est\u00e1 constituido por un centro de control y almacenamiento remoto que permitir\u00e1 el procesamiento de la informaci\u00f3n para la presentaci\u00f3n de los resultados en el formato adecuado.<\/p>\n<h5>Situaci\u00f3n <\/h5>\n<p>Concedida<\/p>\n<h5>N\u00famero de solicitud<\/h5>\n<p>P201001656<\/p>\n<h5>N\u00famero de publicaci\u00f3n<\/h5>\n<p>ES 2363149<\/p>\n<h5>Fecha de presentaci\u00f3n <\/h5>\n<p>30\/12\/2010<\/p>\n<h5>Fecha de concesi\u00f3n <\/h5>\n<p>19\/12\/2011<\/p>\n<div class=\"pdfprnt-buttons pdfprnt-buttons-product pdfprnt-bottom-left\"><a href=\"https:\/\/www.upm.es\/recursosidi\/wp-json\/wp\/v2\/product\/8536?print=pdf\" class=\"pdfprnt-button pdfprnt-button-pdf\" target=\"_blank\"><span class=\"pdfprnt-button-title pdfprnt-button-pdf-title\">Descargar ficha<\/span><\/a><\/div>","protected":false},"excerpt":{"rendered":"<p>Descripci\u00f3n de la patente Estaci\u00f3n remota compacta y fija, de control y monitorizaci\u00f3n permanente en banda ancha del campo electromagn\u00e9tico en entorno urbano, en tiempo&hellip;<\/p>\n","protected":false},"featured_media":0,"template":"","meta":{"_acf_changed":false},"product_cat":[3946],"product_tag":[],"comunidades-upm":[],"quien":[],"mapa":[],"disponibilidad":[],"donde":[{"term_id":556,"name":"Centro de Tecnolog\u00eda Biom\u00e9dica (CTB)","slug":"centro-de-tecnologia-biomedica-ctb","term_group":0,"term_taxonomy_id":556,"taxonomy":"donde","description":"","parent":0,"count":84,"filter":"raw","term_order":"0"},{"term_id":620,"name":"Tecnolog\u00edas para Ciencias de la Salud","slug":"tecnologias-para-ciencias-de-la-salud","term_group":0,"term_taxonomy_id":620,"taxonomy":"donde","description":"","parent":0,"count":21,"filter":"raw","term_order":"0"}],"infraestructura":[],"ods":[],"origen":[{"term_id":180,"name":"Patente","slug":"patente","term_group":0,"term_taxonomy_id":180,"taxonomy":"origen","description":"","parent":0,"count":614,"filter":"raw","term_order":"0"}],"familia_tax":false,"quien_tax":false,"donde_tax":false,"year":"","contacto":"<strong>Principales: <\/strong><ul><li>FRANCISCO DEL POZO GUERRERO <blockquote><strong>francisco.delpozo@upm.es<\/strong><\/blockquote><\/li><li>CEFERINO MAESTU UNTURBE <blockquote><strong>ceferino.maestu@upm.es<\/strong><\/blockquote><\/li><li>Francisco Paul Mikuski Silva <blockquote><strong><\/strong><\/blockquote><\/li><\/ul><strong>Otros inventores UPM: <\/strong><ul><li>Silvia L\u00f3pez Mart\u00ednez<\/li><li>Roc\u00edo L\u00f3pez Espinosa<\/li><\/ul>","telefono":"","pagina_web":"","email":"","id_ficha_portal":"577","video":"","adjuntos":false,"adjuntos_portal":"https:\/\/www.upm.es\/S2i\/Acuse\/recuperarArchivo.jsp?id=577&id_archivo=558&tipo=patente&extension=fichero ","inf":false,"departamento":"","acf":[],"lang":"es","translation":{"es":8536},"_links":{"self":[{"href":"https:\/\/www.upm.es\/recursosidi\/wp-json\/wp\/v2\/product\/8536"}],"collection":[{"href":"https:\/\/www.upm.es\/recursosidi\/wp-json\/wp\/v2\/product"}],"about":[{"href":"https:\/\/www.upm.es\/recursosidi\/wp-json\/wp\/v2\/types\/product"}],"wp:attachment":[{"href":"https:\/\/www.upm.es\/recursosidi\/wp-json\/wp\/v2\/media?parent=8536"}],"wp:term":[{"taxonomy":"product_cat","embeddable":true,"href":"https:\/\/www.upm.es\/recursosidi\/wp-json\/wp\/v2\/product_cat?post=8536"},{"taxonomy":"product_tag","embeddable":true,"href":"https:\/\/www.upm.es\/recursosidi\/wp-json\/wp\/v2\/product_tag?post=8536"},{"taxonomy":"comunidad_upm","embeddable":true,"href":"https:\/\/www.upm.es\/recursosidi\/wp-json\/wp\/v2\/comunidades-upm?post=8536"},{"taxonomy":"quien","embeddable":true,"href":"https:\/\/www.upm.es\/recursosidi\/wp-json\/wp\/v2\/quien?post=8536"},{"taxonomy":"mapa","embeddable":true,"href":"https:\/\/www.upm.es\/recursosidi\/wp-json\/wp\/v2\/mapa?post=8536"},{"taxonomy":"disponibilidad","embeddable":true,"href":"https:\/\/www.upm.es\/recursosidi\/wp-json\/wp\/v2\/disponibilidad?post=8536"},{"taxonomy":"donde","embeddable":true,"href":"https:\/\/www.upm.es\/recursosidi\/wp-json\/wp\/v2\/donde?post=8536"},{"taxonomy":"infraestructura","embeddable":true,"href":"https:\/\/www.upm.es\/recursosidi\/wp-json\/wp\/v2\/infraestructura?post=8536"},{"taxonomy":"ods","embeddable":true,"href":"https:\/\/www.upm.es\/recursosidi\/wp-json\/wp\/v2\/ods?post=8536"},{"taxonomy":"origen","embeddable":true,"href":"https:\/\/www.upm.es\/recursosidi\/wp-json\/wp\/v2\/origen?post=8536"}],"curies":[{"name":"wp","href":"https:\/\/api.w.org\/{rel}","templated":true}]}}