{"id":8537,"date":"2021-11-25T14:11:40","date_gmt":"2021-11-25T13:11:40","guid":{"rendered":"https:\/\/www.upm.es\/recursosidi\/offers-resources\/sin categor\u00eda\/sistema-de-bloqueo-de-reenganche-para-faltas-a-tierra-en-circuitos-con-transiciones-linea-aerea-cable-con-pantallas-conectadas-a-tierra-en-un-unico-punto\/"},"modified":"2022-08-10T02:09:52","modified_gmt":"2022-08-10T00:09:52","slug":"sistema-de-bloqueo-de-reenganche-para-faltas-a-tierra-en-circuitos-con-transiciones-linea-aerea-cable-con-pantallas-conectadas-a-tierra-en-un-unico-punto","status":"publish","type":"product","link":"https:\/\/www.upm.es\/recursosidi\/offers-resources\/patentes\/sistema-de-bloqueo-de-reenganche-para-faltas-a-tierra-en-circuitos-con-transiciones-linea-aerea-cable-con-pantallas-conectadas-a-tierra-en-un-unico-punto\/","title":{"rendered":"Sistema de bloqueo de reenganche para faltas a tierra en circuitos con transiciones l\u00ednea a\u00e9rea-cable con pantallas conectadas a tierra en un \u00fanico punto"},"content":{"rendered":"<h5>Descripci\u00f3n de la patente <\/h5>\n<p>La presente invenci\u00f3n es un nuevo sistema de bloqueo de reenganche para faltas monof\u00e1sicas a tierra en redes de energ\u00eda el\u00e9ctrica que cuentan con transiciones l\u00ednea a\u00e9rea \u00bf cable en las que dichos cables tienen las pantallas puestas a tierra en un solo punto.<br \/>\nEste sistema discrimina si la falta monof\u00e1sica a tierra se ha producido en la l\u00ednea a\u00e9rea o en el cable. En base a esta discriminaci\u00f3n, el sistema permitir\u00e1 el reenganche si la falta se ha producido en la l\u00ednea a\u00e9rea o bloquear\u00e1 dicho reenganche si la falta se ha producido en el cable. Esta invenci\u00f3n est\u00e1 orientada a redes de distribuci\u00f3n de energ\u00eda el\u00e9ctrica con neutro puesto a tierra de forma r\u00edgida o a trav\u00e9s de impedancia limitadora.<\/p>\n<h5>Situaci\u00f3n <\/h5>\n<p>Concedida<\/p>\n<h5>N\u00famero de solicitud<\/h5>\n<p>P201100343<\/p>\n<h5>N\u00famero de publicaci\u00f3n<\/h5>\n<p>ES2403783<\/p>\n<h5>Fecha de presentaci\u00f3n <\/h5>\n<p>24\/03\/2011<\/p>\n<h5>Fecha de publicaci\u00f3n <\/h5>\n<p>21\/05\/2013<\/p>\n<h5>Fecha de concesi\u00f3n <\/h5>\n<p>04\/06\/2014<\/p>\n<div class=\"pdfprnt-buttons pdfprnt-buttons-product pdfprnt-bottom-left\"><a href=\"https:\/\/www.upm.es\/recursosidi\/wp-json\/wp\/v2\/product\/8537?print=pdf\" class=\"pdfprnt-button pdfprnt-button-pdf\" target=\"_blank\"><span class=\"pdfprnt-button-title pdfprnt-button-pdf-title\">Descargar ficha<\/span><\/a><\/div>","protected":false},"excerpt":{"rendered":"<p>Descripci\u00f3n de la patente La presente invenci\u00f3n es un nuevo sistema de bloqueo de reenganche para faltas monof\u00e1sicas a tierra en redes de energ\u00eda el\u00e9ctrica&hellip;<\/p>\n","protected":false},"featured_media":0,"template":"","meta":{"_acf_changed":false},"product_cat":[3946],"product_tag":[],"comunidades-upm":[],"quien":[],"mapa":[],"disponibilidad":[],"donde":[{"term_id":374,"name":"Generaci\u00f3n el\u00e9ctrica con energ\u00eda e\u00f3lica","slug":"generacion-electrica-con-energia-eolica","term_group":0,"term_taxonomy_id":374,"taxonomy":"donde","description":"","parent":0,"count":70,"filter":"raw","term_order":"0"},{"term_id":656,"name":"Redes e instalaciones de baja y alta tensi\u00f3n","slug":"redes-e-instalaciones-de-baja-y-alta-tension","term_group":0,"term_taxonomy_id":656,"taxonomy":"donde","description":"","parent":0,"count":16,"filter":"raw","term_order":"0"}],"infraestructura":[],"ods":[],"origen":[{"term_id":180,"name":"Patente","slug":"patente","term_group":0,"term_taxonomy_id":180,"taxonomy":"origen","description":"","parent":0,"count":614,"filter":"raw","term_order":"0"}],"familia_tax":false,"quien_tax":false,"donde_tax":false,"year":"","contacto":"<strong>Principales: <\/strong><ul><li>FRANCISCO BLAZQUEZ GARCIA <blockquote><strong>francisco.blazquez@upm.es<\/strong><\/blockquote><\/li><li>Francisco Bl\u00e1nquez Delgado <blockquote><strong><\/strong><\/blockquote><\/li><li>RICARDO GRANIZO ARRABE <blockquote><strong>ricardo.granizo@upm.es<\/strong><\/blockquote><\/li><li>FERNANDO ALVAREZ GOMEZ <blockquote><strong>fernando.alvarez@upm.es<\/strong><\/blockquote><\/li><li>CARLOS ANTONIO PLATERO GAONA <blockquote><strong>carlosantonio.platero@upm.es<\/strong><\/blockquote><\/li><\/ul>","telefono":"","pagina_web":"","email":"","id_ficha_portal":"594","video":"","adjuntos":false,"adjuntos_portal":"https:\/\/www.upm.es\/S2i\/Acuse\/recuperarArchivo.jsp?id=594&id_archivo=2453&tipo=patente&extension=fichero ","inf":false,"departamento":"","acf":[],"lang":"es","translation":{"es":8537},"_links":{"self":[{"href":"https:\/\/www.upm.es\/recursosidi\/wp-json\/wp\/v2\/product\/8537"}],"collection":[{"href":"https:\/\/www.upm.es\/recursosidi\/wp-json\/wp\/v2\/product"}],"about":[{"href":"https:\/\/www.upm.es\/recursosidi\/wp-json\/wp\/v2\/types\/product"}],"wp:attachment":[{"href":"https:\/\/www.upm.es\/recursosidi\/wp-json\/wp\/v2\/media?parent=8537"}],"wp:term":[{"taxonomy":"product_cat","embeddable":true,"href":"https:\/\/www.upm.es\/recursosidi\/wp-json\/wp\/v2\/product_cat?post=8537"},{"taxonomy":"product_tag","embeddable":true,"href":"https:\/\/www.upm.es\/recursosidi\/wp-json\/wp\/v2\/product_tag?post=8537"},{"taxonomy":"comunidad_upm","embeddable":true,"href":"https:\/\/www.upm.es\/recursosidi\/wp-json\/wp\/v2\/comunidades-upm?post=8537"},{"taxonomy":"quien","embeddable":true,"href":"https:\/\/www.upm.es\/recursosidi\/wp-json\/wp\/v2\/quien?post=8537"},{"taxonomy":"mapa","embeddable":true,"href":"https:\/\/www.upm.es\/recursosidi\/wp-json\/wp\/v2\/mapa?post=8537"},{"taxonomy":"disponibilidad","embeddable":true,"href":"https:\/\/www.upm.es\/recursosidi\/wp-json\/wp\/v2\/disponibilidad?post=8537"},{"taxonomy":"donde","embeddable":true,"href":"https:\/\/www.upm.es\/recursosidi\/wp-json\/wp\/v2\/donde?post=8537"},{"taxonomy":"infraestructura","embeddable":true,"href":"https:\/\/www.upm.es\/recursosidi\/wp-json\/wp\/v2\/infraestructura?post=8537"},{"taxonomy":"ods","embeddable":true,"href":"https:\/\/www.upm.es\/recursosidi\/wp-json\/wp\/v2\/ods?post=8537"},{"taxonomy":"origen","embeddable":true,"href":"https:\/\/www.upm.es\/recursosidi\/wp-json\/wp\/v2\/origen?post=8537"}],"curies":[{"name":"wp","href":"https:\/\/api.w.org\/{rel}","templated":true}]}}