{"id":8540,"date":"2021-11-25T14:11:48","date_gmt":"2021-11-25T13:11:48","guid":{"rendered":"https:\/\/www.upm.es\/recursosidi\/offers-resources\/sin categor\u00eda\/fertilizante-compuesto-por-cemento-y-materia-organica\/"},"modified":"2022-08-10T02:10:00","modified_gmt":"2022-08-10T00:10:00","slug":"fertilizante-compuesto-por-cemento-y-materia-organica","status":"publish","type":"product","link":"https:\/\/www.upm.es\/recursosidi\/offers-resources\/patentes\/fertilizante-compuesto-por-cemento-y-materia-organica\/","title":{"rendered":"Fertilizante compuesto por cemento y materia org\u00e1nica"},"content":{"rendered":"<h5>Descripci\u00f3n de la patente <\/h5>\n<p>Fertilizante compuesto por cemento entre el 25 y el 75% en peso y materia org\u00e1nica entre el 25 y el 75% en peso. El fertilizante est\u00e1 compuesto por cemento de adici\u00f3n o cemento com\u00fan (cemento de baja resistencia) y materia org\u00e1nica, proveniente de lodos de estaciones depuradoras de aguas residuales, lodos de estaciones de tratamiento de aguas potables, residuos org\u00e1nicos de plantas de tratamiento de residuos s\u00f3lidos urbanos, residuos org\u00e1nicos de ganader\u00eda, residuos org\u00e1nicos de agricultura, compost o turba. El fertilizante puede contener aditivos entre 0,01 y 10% en peso: cenizas volantes de combusti\u00f3n de las centrales t\u00e9rmicas, cenizas s\u00f3lidas de combusti\u00f3n de centrales t\u00e9rmicas, escorias de alto horno, escorias de sider\u00fargicas, cal apagada, residuos de cantera, residuos de plantas de machaqueo y residuos de plantas de fabricaci\u00f3n de aglomerados asf\u00e1lticos.<\/p>\n<h5>N\u00famero de solicitud<\/h5>\n<p>P201132044<\/p>\n<h5>N\u00famero de publicaci\u00f3n<\/h5>\n<p>ES2373301<\/p>\n<h5>Fecha de presentaci\u00f3n <\/h5>\n<p>19\/12\/2011<\/p>\n<div class=\"pdfprnt-buttons pdfprnt-buttons-product pdfprnt-bottom-left\"><a href=\"https:\/\/www.upm.es\/recursosidi\/wp-json\/wp\/v2\/product\/8540?print=pdf\" class=\"pdfprnt-button pdfprnt-button-pdf\" target=\"_blank\"><span class=\"pdfprnt-button-title pdfprnt-button-pdf-title\">Descargar ficha<\/span><\/a><\/div>","protected":false},"excerpt":{"rendered":"<p>Descripci\u00f3n de la patente Fertilizante compuesto por cemento entre el 25 y el 75% en peso y materia org\u00e1nica entre el 25 y el 75%&hellip;<\/p>\n","protected":false},"featured_media":0,"template":"","meta":{"_acf_changed":false},"product_cat":[3946],"product_tag":[],"comunidades-upm":[],"quien":[],"mapa":[],"disponibilidad":[],"donde":[{"term_id":42,"name":"UPM","slug":"upm","term_group":0,"term_taxonomy_id":42,"taxonomy":"donde","description":"Universidad Polit\u00e9cnica de Madrid\r\nHTML \"Lorem ipsum dolor sit amet, consectetur adipiscing elit, sed do eiusmod tempor incididunt ut labore et dolore magna aliqua. Ut enim ad minim veniam, quis nostrud exercitation ullamco laboris nisi ut aliquip ex ea commodo consequat. Duis aute irure dolor in reprehenderit in voluptate velit esse cillum dolore eu fugiat nulla pariatur. Excepteur sint occaecat cupidatat non proident, sunt in culpa qui officia deserunt mollit anim id est laborum.\"","parent":0,"count":146,"filter":"raw","term_order":"0"}],"infraestructura":[],"ods":[],"origen":[{"term_id":180,"name":"Patente","slug":"patente","term_group":0,"term_taxonomy_id":180,"taxonomy":"origen","description":"","parent":0,"count":614,"filter":"raw","term_order":"0"}],"familia_tax":false,"quien_tax":false,"donde_tax":false,"year":"","contacto":"<ul><li><blockquote><strong>otri.investigacion@upm.es<\/strong><\/blockquote><\/li><\/ul>","telefono":"","pagina_web":"","email":"","id_ficha_portal":"657","video":"","adjuntos":false,"adjuntos_portal":"","inf":false,"departamento":"","acf":[],"lang":"es","translation":{"es":8540},"_links":{"self":[{"href":"https:\/\/www.upm.es\/recursosidi\/wp-json\/wp\/v2\/product\/8540"}],"collection":[{"href":"https:\/\/www.upm.es\/recursosidi\/wp-json\/wp\/v2\/product"}],"about":[{"href":"https:\/\/www.upm.es\/recursosidi\/wp-json\/wp\/v2\/types\/product"}],"wp:attachment":[{"href":"https:\/\/www.upm.es\/recursosidi\/wp-json\/wp\/v2\/media?parent=8540"}],"wp:term":[{"taxonomy":"product_cat","embeddable":true,"href":"https:\/\/www.upm.es\/recursosidi\/wp-json\/wp\/v2\/product_cat?post=8540"},{"taxonomy":"product_tag","embeddable":true,"href":"https:\/\/www.upm.es\/recursosidi\/wp-json\/wp\/v2\/product_tag?post=8540"},{"taxonomy":"comunidad_upm","embeddable":true,"href":"https:\/\/www.upm.es\/recursosidi\/wp-json\/wp\/v2\/comunidades-upm?post=8540"},{"taxonomy":"quien","embeddable":true,"href":"https:\/\/www.upm.es\/recursosidi\/wp-json\/wp\/v2\/quien?post=8540"},{"taxonomy":"mapa","embeddable":true,"href":"https:\/\/www.upm.es\/recursosidi\/wp-json\/wp\/v2\/mapa?post=8540"},{"taxonomy":"disponibilidad","embeddable":true,"href":"https:\/\/www.upm.es\/recursosidi\/wp-json\/wp\/v2\/disponibilidad?post=8540"},{"taxonomy":"donde","embeddable":true,"href":"https:\/\/www.upm.es\/recursosidi\/wp-json\/wp\/v2\/donde?post=8540"},{"taxonomy":"infraestructura","embeddable":true,"href":"https:\/\/www.upm.es\/recursosidi\/wp-json\/wp\/v2\/infraestructura?post=8540"},{"taxonomy":"ods","embeddable":true,"href":"https:\/\/www.upm.es\/recursosidi\/wp-json\/wp\/v2\/ods?post=8540"},{"taxonomy":"origen","embeddable":true,"href":"https:\/\/www.upm.es\/recursosidi\/wp-json\/wp\/v2\/origen?post=8540"}],"curies":[{"name":"wp","href":"https:\/\/api.w.org\/{rel}","templated":true}]}}