{"id":8541,"date":"2021-11-25T14:11:50","date_gmt":"2021-11-25T13:11:50","guid":{"rendered":"https:\/\/www.upm.es\/recursosidi\/offers-resources\/sin categor\u00eda\/procedimiento-de-fabricacion-de-hormigon\/"},"modified":"2022-08-10T02:10:03","modified_gmt":"2022-08-10T00:10:03","slug":"procedimiento-de-fabricacion-de-hormigon","status":"publish","type":"product","link":"https:\/\/www.upm.es\/recursosidi\/offers-resources\/patentes\/procedimiento-de-fabricacion-de-hormigon\/","title":{"rendered":"Procedimiento de fabricaci\u00f3n de hormig\u00f3n"},"content":{"rendered":"<h5>Descripci\u00f3n de la patente <\/h5>\n<p>Procedimiento de fabricaci\u00f3n de hormig\u00f3n caracterizado por comprender las etapas de:<br \/>\n&#8211; Inicialmente introducir cemento, agua, arena de pic\u00f3n y\/o pic\u00f3n en una mezcladora hasta la obtenci\u00f3n de mortero pic\u00f3n,<br \/>\n&#8211; Introducir en una amasadora, primero el mortero pic\u00f3n obtenido y posteriormente poliestireno expandido aditivado con E.I.A\u00ae y previamente<br \/>\nhumedecido, y amasar,<br \/>\n&#8211; Posteriormente, aplicar vibraci\u00f3n sobre la mezcla durante 30 segundos por cada tercio de mezcla de mortero pic\u00f3n con poliestireno expandido,<br \/>\n&#8211; Finalmente comprimir y vibrar al mismo tiempo la mezcla.<\/p>\n<h5>Situaci\u00f3n <\/h5>\n<p>Concedida<\/p>\n<h5>N\u00famero de solicitud<\/h5>\n<p>P201132108<\/p>\n<h5>N\u00famero de publicaci\u00f3n<\/h5>\n<p>ES2372952<\/p>\n<h5>Fecha de presentaci\u00f3n <\/h5>\n<p>27\/12\/2011<\/p>\n<h5>Fecha de concesi\u00f3n <\/h5>\n<p>17\/05\/2012<\/p>\n<div class=\"pdfprnt-buttons pdfprnt-buttons-product pdfprnt-bottom-left\"><a href=\"https:\/\/www.upm.es\/recursosidi\/wp-json\/wp\/v2\/product\/8541?print=pdf\" class=\"pdfprnt-button pdfprnt-button-pdf\" target=\"_blank\"><span class=\"pdfprnt-button-title pdfprnt-button-pdf-title\">Descargar ficha<\/span><\/a><\/div>","protected":false},"excerpt":{"rendered":"<p>Descripci\u00f3n de la patente Procedimiento de fabricaci\u00f3n de hormig\u00f3n caracterizado por comprender las etapas de: &#8211; Inicialmente introducir cemento, agua, arena de pic\u00f3n y\/o pic\u00f3n&hellip;<\/p>\n","protected":false},"featured_media":0,"template":"","meta":{"_acf_changed":false},"product_cat":[3946],"product_tag":[],"comunidades-upm":[],"quien":[],"mapa":[],"disponibilidad":[],"donde":[{"term_id":644,"name":"Tecnolog\u00eda Edificatoria y Medio Ambiente","slug":"tecnologia-edificatoria-y-medio-ambiente","term_group":0,"term_taxonomy_id":644,"taxonomy":"donde","description":"Hacemos I+D+i en temas relacionados con el proceso de ejecuci&oacute;n de las obras y los materiales y sistemas constructivos para la edificaci&oacute;n. &nbsp;Adem&aacute;s, estudiamos el tratamiento y gesti&oacute;n de residuos, as&iacute; como su reciclaje y viabilidad como materia prima alternativa en la elaboraci&oacute;n de nuevos materiales de construcci&oacute;n.\n&nbsp;\nEn concreto, nuestras l&iacute;neas de investigaci&oacute;n son:\n\nGesti&oacute;n del proceso de edificaci&oacute;n\nImpacto ambiental en edificaci&oacute;n. Valorizaci&oacute;n de residuos\nDise&ntilde;o e innovaci&oacute;n en nuevos materiales y sistemas constructivos\nInnovaci&oacute;n en los sistemas constructivos para la rehabilitaci&oacute;n de edificios.\nEficiencia energ&eacute;tica y calidad del ambiente interior en edificaci&oacute;n\n","parent":0,"count":14,"filter":"raw","term_order":"0"}],"infraestructura":[],"ods":[],"origen":[{"term_id":180,"name":"Patente","slug":"patente","term_group":0,"term_taxonomy_id":180,"taxonomy":"origen","description":"","parent":0,"count":614,"filter":"raw","term_order":"0"}],"familia_tax":false,"quien_tax":false,"donde_tax":false,"year":"","contacto":"<strong>Principales: <\/strong><ul><li>MERCEDES DEL RIO MERINO <blockquote><strong>mercedes.delrio@upm.es<\/strong><\/blockquote><\/li><\/ul><strong>Otros inventores UPM: <\/strong><ul><li>Pedro Francisco Yanes Gonz\u00e1lez<\/li><\/ul>","telefono":"","pagina_web":"","email":"","id_ficha_portal":"659","video":"","adjuntos":false,"adjuntos_portal":"https:\/\/www.upm.es\/S2i\/Acuse\/recuperarArchivo.jsp?id=659&id_archivo=522&tipo=patente&extension=fichero ","inf":false,"departamento":"","acf":[],"lang":"es","translation":{"es":8541},"_links":{"self":[{"href":"https:\/\/www.upm.es\/recursosidi\/wp-json\/wp\/v2\/product\/8541"}],"collection":[{"href":"https:\/\/www.upm.es\/recursosidi\/wp-json\/wp\/v2\/product"}],"about":[{"href":"https:\/\/www.upm.es\/recursosidi\/wp-json\/wp\/v2\/types\/product"}],"wp:attachment":[{"href":"https:\/\/www.upm.es\/recursosidi\/wp-json\/wp\/v2\/media?parent=8541"}],"wp:term":[{"taxonomy":"product_cat","embeddable":true,"href":"https:\/\/www.upm.es\/recursosidi\/wp-json\/wp\/v2\/product_cat?post=8541"},{"taxonomy":"product_tag","embeddable":true,"href":"https:\/\/www.upm.es\/recursosidi\/wp-json\/wp\/v2\/product_tag?post=8541"},{"taxonomy":"comunidad_upm","embeddable":true,"href":"https:\/\/www.upm.es\/recursosidi\/wp-json\/wp\/v2\/comunidades-upm?post=8541"},{"taxonomy":"quien","embeddable":true,"href":"https:\/\/www.upm.es\/recursosidi\/wp-json\/wp\/v2\/quien?post=8541"},{"taxonomy":"mapa","embeddable":true,"href":"https:\/\/www.upm.es\/recursosidi\/wp-json\/wp\/v2\/mapa?post=8541"},{"taxonomy":"disponibilidad","embeddable":true,"href":"https:\/\/www.upm.es\/recursosidi\/wp-json\/wp\/v2\/disponibilidad?post=8541"},{"taxonomy":"donde","embeddable":true,"href":"https:\/\/www.upm.es\/recursosidi\/wp-json\/wp\/v2\/donde?post=8541"},{"taxonomy":"infraestructura","embeddable":true,"href":"https:\/\/www.upm.es\/recursosidi\/wp-json\/wp\/v2\/infraestructura?post=8541"},{"taxonomy":"ods","embeddable":true,"href":"https:\/\/www.upm.es\/recursosidi\/wp-json\/wp\/v2\/ods?post=8541"},{"taxonomy":"origen","embeddable":true,"href":"https:\/\/www.upm.es\/recursosidi\/wp-json\/wp\/v2\/origen?post=8541"}],"curies":[{"name":"wp","href":"https:\/\/api.w.org\/{rel}","templated":true}]}}