{"id":8546,"date":"2021-11-25T14:12:02","date_gmt":"2021-11-25T13:12:02","guid":{"rendered":"https:\/\/www.upm.es\/recursosidi\/offers-resources\/sin categor\u00eda\/metodo-de-aglomeracion-de-materiales-carbonosos\/"},"modified":"2022-08-10T02:10:17","modified_gmt":"2022-08-10T00:10:17","slug":"metodo-de-aglomeracion-de-materiales-carbonosos","status":"publish","type":"product","link":"https:\/\/www.upm.es\/recursosidi\/offers-resources\/patentes\/metodo-de-aglomeracion-de-materiales-carbonosos\/","title":{"rendered":"M\u00e9todo de aglomeraci\u00f3n de materiales carbonosos"},"content":{"rendered":"<h5>Descripci\u00f3n de la patente <\/h5>\n<p>M\u00e9todo de aglomeraci\u00f3n de materiales carbonosos que comprende las etapas de:<br \/>\n&#8211; Mezclar el material carbonoso con aceite girasol como aglomerante, hasta la formaci\u00f3n de una pasta homog\u00e9nea,<br \/>\n&#8211; Agitar la mezcla y adicionar peque\u00f1as cantidades de material carbonoso en polvo manteniendo la agitaci\u00f3n de la mezcla,<br \/>\n&#8211; Tamizar el material granular obtenido,<br \/>\n&#8211; Tratar el material granular tamizado en aire a temperaturas superiores a 220\u00baC e inferiores a 270\u00baC,<br \/>\n&#8211; Enfriar el material granular calentado y<br \/>\n&#8211; Elevar la temperatura del material granular a temperaturas superiores a 400\u00baC en atm\u00f3sfera seleccionada entre inerte o pobre en ox\u00edgeno.<\/p>\n<h5>Situaci\u00f3n <\/h5>\n<p>Concedida<\/p>\n<h5>N\u00famero de solicitud<\/h5>\n<p>P201131857<\/p>\n<h5>N\u00famero de publicaci\u00f3n<\/h5>\n<p>ES2372951<\/p>\n<h5>Fecha de presentaci\u00f3n <\/h5>\n<p>18\/11\/2011<\/p>\n<h5>Fecha de concesi\u00f3n <\/h5>\n<p>08\/05\/2012<\/p>\n<div class=\"pdfprnt-buttons pdfprnt-buttons-product pdfprnt-bottom-left\"><a href=\"https:\/\/www.upm.es\/recursosidi\/wp-json\/wp\/v2\/product\/8546?print=pdf\" class=\"pdfprnt-button pdfprnt-button-pdf\" target=\"_blank\"><span class=\"pdfprnt-button-title pdfprnt-button-pdf-title\">Descargar ficha<\/span><\/a><\/div>","protected":false},"excerpt":{"rendered":"<p>Descripci\u00f3n de la patente M\u00e9todo de aglomeraci\u00f3n de materiales carbonosos que comprende las etapas de: &#8211; Mezclar el material carbonoso con aceite girasol como aglomerante,&hellip;<\/p>\n","protected":false},"featured_media":0,"template":"","meta":{"_acf_changed":false},"product_cat":[3946],"product_tag":[],"comunidades-upm":[],"quien":[],"mapa":[],"disponibilidad":[],"donde":[{"term_id":314,"name":"Valorizaci\u00f3n de Recursos","slug":"valorizacion-de-recursos","term_group":0,"term_taxonomy_id":314,"taxonomy":"donde","description":"Nuestras dos principales l&iacute;neas de investigaci&oacute;n en la actualidad son:\n\nTratamiento t&eacute;rmico de residuos org&aacute;nicos para la producci&oacute;n de biochar y materiales carbonosos.\nValorizaci&oacute;n de&nbsp; informaci&oacute;n agroclim&aacute;tica, especialmente si tienen grandes bases de datos, del orden de millones de registros.\n\n&nbsp;\nOtras l&iacute;neas de investigaci&oacute;n desarrolladas por nuestro grupo son:\n\nTratamiento y recuperaci&oacute;n de suelos mineros\nConservaci&oacute;n de suelos y aguas\nSustratos de cultivo\nEvaluaci&oacute;n de tierras\nGesti&oacute;n integrada del territorio y los recursos\n","parent":0,"count":3,"filter":"raw","term_order":"0"}],"infraestructura":[],"ods":[],"origen":[{"term_id":180,"name":"Patente","slug":"patente","term_group":0,"term_taxonomy_id":180,"taxonomy":"origen","description":"","parent":0,"count":614,"filter":"raw","term_order":"0"}],"familia_tax":false,"quien_tax":false,"donde_tax":false,"year":"","contacto":"<strong>Principales: <\/strong><ul><li>GABRIEL GASCO GUERRERO <blockquote><strong>gabriel.gasco@upm.es<\/strong><\/blockquote><\/li><li>ANA MARIA MENDEZ LAZARO <blockquote><strong>anamaria.mendez@upm.es<\/strong><\/blockquote><\/li><\/ul><strong>Otros inventores UPM: <\/strong><ul><li>Jorge Paz Guerrero<\/li><\/ul>","telefono":"","pagina_web":"","email":"","id_ficha_portal":"645","video":"","adjuntos":false,"adjuntos_portal":"https:\/\/www.upm.es\/S2i\/Acuse\/recuperarArchivo.jsp?id=645&id_archivo=753&tipo=patente&extension=fichero ","inf":false,"departamento":"","acf":[],"lang":"es","translation":{"es":8546},"_links":{"self":[{"href":"https:\/\/www.upm.es\/recursosidi\/wp-json\/wp\/v2\/product\/8546"}],"collection":[{"href":"https:\/\/www.upm.es\/recursosidi\/wp-json\/wp\/v2\/product"}],"about":[{"href":"https:\/\/www.upm.es\/recursosidi\/wp-json\/wp\/v2\/types\/product"}],"wp:attachment":[{"href":"https:\/\/www.upm.es\/recursosidi\/wp-json\/wp\/v2\/media?parent=8546"}],"wp:term":[{"taxonomy":"product_cat","embeddable":true,"href":"https:\/\/www.upm.es\/recursosidi\/wp-json\/wp\/v2\/product_cat?post=8546"},{"taxonomy":"product_tag","embeddable":true,"href":"https:\/\/www.upm.es\/recursosidi\/wp-json\/wp\/v2\/product_tag?post=8546"},{"taxonomy":"comunidad_upm","embeddable":true,"href":"https:\/\/www.upm.es\/recursosidi\/wp-json\/wp\/v2\/comunidades-upm?post=8546"},{"taxonomy":"quien","embeddable":true,"href":"https:\/\/www.upm.es\/recursosidi\/wp-json\/wp\/v2\/quien?post=8546"},{"taxonomy":"mapa","embeddable":true,"href":"https:\/\/www.upm.es\/recursosidi\/wp-json\/wp\/v2\/mapa?post=8546"},{"taxonomy":"disponibilidad","embeddable":true,"href":"https:\/\/www.upm.es\/recursosidi\/wp-json\/wp\/v2\/disponibilidad?post=8546"},{"taxonomy":"donde","embeddable":true,"href":"https:\/\/www.upm.es\/recursosidi\/wp-json\/wp\/v2\/donde?post=8546"},{"taxonomy":"infraestructura","embeddable":true,"href":"https:\/\/www.upm.es\/recursosidi\/wp-json\/wp\/v2\/infraestructura?post=8546"},{"taxonomy":"ods","embeddable":true,"href":"https:\/\/www.upm.es\/recursosidi\/wp-json\/wp\/v2\/ods?post=8546"},{"taxonomy":"origen","embeddable":true,"href":"https:\/\/www.upm.es\/recursosidi\/wp-json\/wp\/v2\/origen?post=8546"}],"curies":[{"name":"wp","href":"https:\/\/api.w.org\/{rel}","templated":true}]}}