{"id":8547,"date":"2021-11-25T14:12:04","date_gmt":"2021-11-25T13:12:04","guid":{"rendered":"https:\/\/www.upm.es\/recursosidi\/offers-resources\/sin categor\u00eda\/banco-con-mecanismo-de-climatizacion\/"},"modified":"2022-08-10T02:10:20","modified_gmt":"2022-08-10T00:10:20","slug":"banco-con-mecanismo-de-climatizacion","status":"publish","type":"product","link":"https:\/\/www.upm.es\/recursosidi\/offers-resources\/patentes\/banco-con-mecanismo-de-climatizacion\/","title":{"rendered":"Banco con mecanismo de climatizaci\u00f3n"},"content":{"rendered":"<h5>Descripci\u00f3n de la patente <\/h5>\n<p>Banco con mecanismo de climatizaci\u00f3n que comprende:<br \/>\n&#8211; Dos m\u00e1stiles (2, 2) de los cuales al menos uno comprende:<br \/>\n&#8211; un sistema de calefacci\u00f3n-refrigeraci\u00f3n termoel\u00e9ctrico (8),<br \/>\n&#8211; una pluralidad de conductos internos que distribuyen el aire fr\u00edocaliente por el interior del m\u00e1stil (2, 2) y eliminan el efecto Peltier no<br \/>\ndeseado,<br \/>\n&#8211; un sensor t\u00e9rmico (24) conectado al dispositivo termoel\u00e9ctrico,<br \/>\n&#8211; una tuber\u00eda (7) de distribuci\u00f3n de aire con microdifusores dispuesta entre los dos m\u00e1stiles (2, 2), y<br \/>\n&#8211; un techo soportado sobre los dos m\u00e1stiles (2, 2) que comprende dos planchas (1, 1) que comprenden una pluralidad de perforaciones (21) y una pluralidad de placas fotovoltaicas (20) y est\u00e1n unidas entre s\u00ed por una rueda dentada (6) accionable por un sensor t\u00e9rmico (24),<br \/>\n&#8211; opcionalmente al menos un asiento desplazable y con sistema de conducci\u00f3n de aire procedente de al menos un m\u00e1stil.<\/p>\n<h5>Situaci\u00f3n <\/h5>\n<p>Concedida<\/p>\n<h5>N\u00famero de solicitud<\/h5>\n<p>P201132128<\/p>\n<h5>N\u00famero de publicaci\u00f3n<\/h5>\n<p>ES2410858_R1<\/p>\n<h5>Fecha de presentaci\u00f3n <\/h5>\n<p>29\/12\/2011<\/p>\n<h5>Fecha de publicaci\u00f3n <\/h5>\n<p>03\/07\/2013<\/p>\n<h5>Fecha de concesi\u00f3n <\/h5>\n<p>07\/05\/2014<\/p>\n<div class=\"pdfprnt-buttons pdfprnt-buttons-product pdfprnt-bottom-left\"><a href=\"https:\/\/www.upm.es\/recursosidi\/wp-json\/wp\/v2\/product\/8547?print=pdf\" class=\"pdfprnt-button pdfprnt-button-pdf\" target=\"_blank\"><span class=\"pdfprnt-button-title pdfprnt-button-pdf-title\">Descargar ficha<\/span><\/a><\/div>","protected":false},"excerpt":{"rendered":"<p>Descripci\u00f3n de la patente Banco con mecanismo de climatizaci\u00f3n que comprende: &#8211; Dos m\u00e1stiles (2, 2) de los cuales al menos uno comprende: &#8211; un&hellip;<\/p>\n","protected":false},"featured_media":0,"template":"","meta":{"_acf_changed":false},"product_cat":[3946],"product_tag":[],"comunidades-upm":[],"quien":[],"mapa":[],"disponibilidad":[],"donde":[{"term_id":260,"name":"Arquitectura Bioclim\u00e1tica en un entorno sostenible-ABIO","slug":"arquitectura-bioclimatica-en-un-entorno-sostenible-abio","term_group":0,"term_taxonomy_id":260,"taxonomy":"donde","description":"","parent":0,"count":19,"filter":"raw","term_order":"0"},{"term_id":582,"name":"Teor\u00eda y Cr\u00edtica del Proyecto y de la Arquitectura Moderna y Contempor\u00e1nea","slug":"teoria-y-critica-del-proyecto-y-de-la-arquitectura-moderna-y-contemporanea","term_group":0,"term_taxonomy_id":582,"taxonomy":"donde","description":"","parent":0,"count":1,"filter":"raw","term_order":"0"}],"infraestructura":[],"ods":[],"origen":[{"term_id":180,"name":"Patente","slug":"patente","term_group":0,"term_taxonomy_id":180,"taxonomy":"origen","description":"","parent":0,"count":614,"filter":"raw","term_order":"0"}],"familia_tax":false,"quien_tax":false,"donde_tax":false,"year":"","contacto":"<strong>Principales: <\/strong><ul><li>JOSE FARI\u00d1A TOJO <blockquote><strong>jose.farina@upm.es<\/strong><\/blockquote><\/li><li>M. AURORA FERNANDEZ RODRIGUEZ <blockquote><strong>mariaaurora.fernandez@upm.es<\/strong><\/blockquote><\/li><li>MARGARITA DE LUXAN GARCIA DE DIEGO <blockquote><strong>margarita.deluxan@upm.es<\/strong><\/blockquote><\/li><li>GLORIA MARIA GOMEZ MU\u00d1OZ <blockquote><strong>gloria.gomez.munoz@upm.es<\/strong><\/blockquote><\/li><\/ul>","telefono":"","pagina_web":"","email":"","id_ficha_portal":"661","video":"","adjuntos":false,"adjuntos_portal":"https:\/\/www.upm.es\/S2i\/Acuse\/recuperarArchivo.jsp?id=661&id_archivo=2448&tipo=patente&extension=fichero ","inf":false,"departamento":"","acf":[],"lang":"es","translation":{"es":8547},"_links":{"self":[{"href":"https:\/\/www.upm.es\/recursosidi\/wp-json\/wp\/v2\/product\/8547"}],"collection":[{"href":"https:\/\/www.upm.es\/recursosidi\/wp-json\/wp\/v2\/product"}],"about":[{"href":"https:\/\/www.upm.es\/recursosidi\/wp-json\/wp\/v2\/types\/product"}],"wp:attachment":[{"href":"https:\/\/www.upm.es\/recursosidi\/wp-json\/wp\/v2\/media?parent=8547"}],"wp:term":[{"taxonomy":"product_cat","embeddable":true,"href":"https:\/\/www.upm.es\/recursosidi\/wp-json\/wp\/v2\/product_cat?post=8547"},{"taxonomy":"product_tag","embeddable":true,"href":"https:\/\/www.upm.es\/recursosidi\/wp-json\/wp\/v2\/product_tag?post=8547"},{"taxonomy":"comunidad_upm","embeddable":true,"href":"https:\/\/www.upm.es\/recursosidi\/wp-json\/wp\/v2\/comunidades-upm?post=8547"},{"taxonomy":"quien","embeddable":true,"href":"https:\/\/www.upm.es\/recursosidi\/wp-json\/wp\/v2\/quien?post=8547"},{"taxonomy":"mapa","embeddable":true,"href":"https:\/\/www.upm.es\/recursosidi\/wp-json\/wp\/v2\/mapa?post=8547"},{"taxonomy":"disponibilidad","embeddable":true,"href":"https:\/\/www.upm.es\/recursosidi\/wp-json\/wp\/v2\/disponibilidad?post=8547"},{"taxonomy":"donde","embeddable":true,"href":"https:\/\/www.upm.es\/recursosidi\/wp-json\/wp\/v2\/donde?post=8547"},{"taxonomy":"infraestructura","embeddable":true,"href":"https:\/\/www.upm.es\/recursosidi\/wp-json\/wp\/v2\/infraestructura?post=8547"},{"taxonomy":"ods","embeddable":true,"href":"https:\/\/www.upm.es\/recursosidi\/wp-json\/wp\/v2\/ods?post=8547"},{"taxonomy":"origen","embeddable":true,"href":"https:\/\/www.upm.es\/recursosidi\/wp-json\/wp\/v2\/origen?post=8547"}],"curies":[{"name":"wp","href":"https:\/\/api.w.org\/{rel}","templated":true}]}}