{"id":8548,"date":"2021-11-25T14:12:07","date_gmt":"2021-11-25T13:12:07","guid":{"rendered":"https:\/\/www.upm.es\/recursosidi\/offers-resources\/sin categor\u00eda\/escaner-vertical-plano-de-torre-para-la-medida-de-antenas-en-campo-proximo\/"},"modified":"2022-08-10T02:10:23","modified_gmt":"2022-08-10T00:10:23","slug":"escaner-vertical-plano-de-torre-para-la-medida-de-antenas-en-campo-proximo","status":"publish","type":"product","link":"https:\/\/www.upm.es\/recursosidi\/offers-resources\/patentes\/escaner-vertical-plano-de-torre-para-la-medida-de-antenas-en-campo-proximo\/","title":{"rendered":"Esc\u00e1ner vertical plano de torre para la medida de antenas en campo pr\u00f3ximo"},"content":{"rendered":"<h5>Descripci\u00f3n de la patente <\/h5>\n<p>Esc\u00e1ner vertical plano de torre para la medida de antenas en campo pr\u00f3ximo, que resuelve el problema de construir grandes esc\u00e1neres de alta precisi\u00f3n, mediante dos gu\u00edas rectas horizontales, una primera gu\u00eda horizontal (3) de apoyo en el suelo, que puede tener ra\u00edl simple o ra\u00edl doble, y una segunda gu\u00eda horizontal (17) paralela a la anterior, dispuesta a gran altura. La sonda de medida (P) est\u00e1 en una torre vertical (9), que puede girar sobre elementos de bisagra (5a, 5b y 6), y se desliza horizontalmente sobre las gu\u00edas (3), manteniendo en contacto un cilindro de guiado (14a) con la gu\u00eda (17). Situando paralelas las gu\u00edas horizontales (3,17) mediante medios de ajuste de paralelismo (18), la sonda de medida (P) se desplazar\u00e1 sobre un plano pr\u00e1cticamente perfecto, permitiendo adquirir el campo sin errores de fase.<\/p>\n<h5>N\u00famero de solicitud<\/h5>\n<p>P201130873<\/p>\n<h5>N\u00famero de publicaci\u00f3n<\/h5>\n<p>ES2400897<\/p>\n<h5>Fecha de presentaci\u00f3n <\/h5>\n<p>27\/05\/2011<\/p>\n<h5>Fecha de publicaci\u00f3n <\/h5>\n<p>15\/04\/2013<\/p>\n<div class=\"pdfprnt-buttons pdfprnt-buttons-product pdfprnt-bottom-left\"><a href=\"https:\/\/www.upm.es\/recursosidi\/wp-json\/wp\/v2\/product\/8548?print=pdf\" class=\"pdfprnt-button pdfprnt-button-pdf\" target=\"_blank\"><span class=\"pdfprnt-button-title pdfprnt-button-pdf-title\">Descargar ficha<\/span><\/a><\/div>","protected":false},"excerpt":{"rendered":"<p>Descripci\u00f3n de la patente Esc\u00e1ner vertical plano de torre para la medida de antenas en campo pr\u00f3ximo, que resuelve el problema de construir grandes esc\u00e1neres&hellip;<\/p>\n","protected":false},"featured_media":0,"template":"","meta":{"_acf_changed":false},"product_cat":[3946],"product_tag":[],"comunidades-upm":[],"quien":[],"mapa":[],"disponibilidad":[],"donde":[{"term_id":42,"name":"UPM","slug":"upm","term_group":0,"term_taxonomy_id":42,"taxonomy":"donde","description":"Universidad Polit\u00e9cnica de Madrid\r\nHTML \"Lorem ipsum dolor sit amet, consectetur adipiscing elit, sed do eiusmod tempor incididunt ut labore et dolore magna aliqua. Ut enim ad minim veniam, quis nostrud exercitation ullamco laboris nisi ut aliquip ex ea commodo consequat. Duis aute irure dolor in reprehenderit in voluptate velit esse cillum dolore eu fugiat nulla pariatur. Excepteur sint occaecat cupidatat non proident, sunt in culpa qui officia deserunt mollit anim id est laborum.\"","parent":0,"count":146,"filter":"raw","term_order":"0"}],"infraestructura":[],"ods":[],"origen":[{"term_id":180,"name":"Patente","slug":"patente","term_group":0,"term_taxonomy_id":180,"taxonomy":"origen","description":"","parent":0,"count":614,"filter":"raw","term_order":"0"}],"familia_tax":false,"quien_tax":false,"donde_tax":false,"year":"","contacto":"<ul><li><blockquote><strong>otri.investigacion@upm.es<\/strong><\/blockquote><\/li><\/ul>","telefono":"","pagina_web":"","email":"","id_ficha_portal":"613","video":"","adjuntos":false,"adjuntos_portal":"","inf":false,"departamento":"","acf":[],"lang":"es","translation":{"es":8548},"_links":{"self":[{"href":"https:\/\/www.upm.es\/recursosidi\/wp-json\/wp\/v2\/product\/8548"}],"collection":[{"href":"https:\/\/www.upm.es\/recursosidi\/wp-json\/wp\/v2\/product"}],"about":[{"href":"https:\/\/www.upm.es\/recursosidi\/wp-json\/wp\/v2\/types\/product"}],"wp:attachment":[{"href":"https:\/\/www.upm.es\/recursosidi\/wp-json\/wp\/v2\/media?parent=8548"}],"wp:term":[{"taxonomy":"product_cat","embeddable":true,"href":"https:\/\/www.upm.es\/recursosidi\/wp-json\/wp\/v2\/product_cat?post=8548"},{"taxonomy":"product_tag","embeddable":true,"href":"https:\/\/www.upm.es\/recursosidi\/wp-json\/wp\/v2\/product_tag?post=8548"},{"taxonomy":"comunidad_upm","embeddable":true,"href":"https:\/\/www.upm.es\/recursosidi\/wp-json\/wp\/v2\/comunidades-upm?post=8548"},{"taxonomy":"quien","embeddable":true,"href":"https:\/\/www.upm.es\/recursosidi\/wp-json\/wp\/v2\/quien?post=8548"},{"taxonomy":"mapa","embeddable":true,"href":"https:\/\/www.upm.es\/recursosidi\/wp-json\/wp\/v2\/mapa?post=8548"},{"taxonomy":"disponibilidad","embeddable":true,"href":"https:\/\/www.upm.es\/recursosidi\/wp-json\/wp\/v2\/disponibilidad?post=8548"},{"taxonomy":"donde","embeddable":true,"href":"https:\/\/www.upm.es\/recursosidi\/wp-json\/wp\/v2\/donde?post=8548"},{"taxonomy":"infraestructura","embeddable":true,"href":"https:\/\/www.upm.es\/recursosidi\/wp-json\/wp\/v2\/infraestructura?post=8548"},{"taxonomy":"ods","embeddable":true,"href":"https:\/\/www.upm.es\/recursosidi\/wp-json\/wp\/v2\/ods?post=8548"},{"taxonomy":"origen","embeddable":true,"href":"https:\/\/www.upm.es\/recursosidi\/wp-json\/wp\/v2\/origen?post=8548"}],"curies":[{"name":"wp","href":"https:\/\/api.w.org\/{rel}","templated":true}]}}