{"id":8549,"date":"2021-11-25T14:12:09","date_gmt":"2021-11-25T13:12:09","guid":{"rendered":"https:\/\/www.upm.es\/recursosidi\/offers-resources\/sin categor\u00eda\/sistema-y-dispositivo-condensador-de-recogida-de-agua-del-medio-ambiente\/"},"modified":"2022-08-10T02:10:25","modified_gmt":"2022-08-10T00:10:25","slug":"sistema-y-dispositivo-condensador-de-recogida-de-agua-del-medio-ambiente","status":"publish","type":"product","link":"https:\/\/www.upm.es\/recursosidi\/offers-resources\/patentes\/sistema-y-dispositivo-condensador-de-recogida-de-agua-del-medio-ambiente\/","title":{"rendered":"Sistema y dispositivo condensador de recogida de agua del medio ambiente"},"content":{"rendered":"<h5>Descripci\u00f3n de la patente <\/h5>\n<p>La presente invenci\u00f3n puede ser utilizada para obtener agua en zonas con poca lluvia, a partir del vapor de agua presente en el aire, para su aplicaci\u00f3n a riego en las primeras etapas de la plantaci\u00f3n de \u00e1rboles. En dichas zonas suele coincidir elevada irradiaci\u00f3n solar con \u00e9pocas de escasez de agua, lo que hace la energ\u00eda fotovoltaica recomendable para la alimentaci\u00f3n del sistema.<\/p>\n<h5>Situaci\u00f3n <\/h5>\n<p>Concedida<\/p>\n<h5>N\u00famero de solicitud<\/h5>\n<p>P201131033<\/p>\n<h5>N\u00famero de publicaci\u00f3n<\/h5>\n<p>ES2368325<\/p>\n<h5>Fecha de presentaci\u00f3n <\/h5>\n<p>20\/06\/2011<\/p>\n<h5>Fecha de concesi\u00f3n <\/h5>\n<p>12\/03\/2012<\/p>\n<div class=\"pdfprnt-buttons pdfprnt-buttons-product pdfprnt-bottom-left\"><a href=\"https:\/\/www.upm.es\/recursosidi\/wp-json\/wp\/v2\/product\/8549?print=pdf\" class=\"pdfprnt-button pdfprnt-button-pdf\" target=\"_blank\"><span class=\"pdfprnt-button-title pdfprnt-button-pdf-title\">Descargar ficha<\/span><\/a><\/div>","protected":false},"excerpt":{"rendered":"<p>Descripci\u00f3n de la patente La presente invenci\u00f3n puede ser utilizada para obtener agua en zonas con poca lluvia, a partir del vapor de agua presente&hellip;<\/p>\n","protected":false},"featured_media":0,"template":"","meta":{"_acf_changed":false},"product_cat":[3946],"product_tag":[],"comunidades-upm":[],"quien":[],"mapa":[],"disponibilidad":[],"donde":[{"term_id":318,"name":"LPF-TAGRALIA: T\u00e9cnicas Avanzadas en Agroalimentaci\u00f3n","slug":"lpf-tagralia-tecnicas-avanzadas-en-agroalimentacion","term_group":0,"term_taxonomy_id":318,"taxonomy":"donde","description":"Nuestro trabajo se centra en las siguientes l&iacute;neas de investigaci&oacute;n:\n&nbsp;\n\n<strong>SMARTSENS:<\/strong> Desarrollo de sens&oacute;rica inteligente en agroalimentaci&oacute;n, sensores ambientales y de vol&aacute;tiles, redes de sensores inal&aacute;mbricos, sistemas de comunicaci&oacute;n\n<strong>DAVINCI:<\/strong> Desarrollo y aplicaci&oacute;n de t&eacute;cnicas de modelizaci&oacute;n avanzada en agroalimentaci&oacute;n, an&aacute;lisis multidimendional, modelizaci&oacute;n anal&iacute;tica, dise&ntilde;o &oacute;ptimo, control predictivo\n<strong>Regenera:<\/strong> Investigaci&oacute;n en generaci&oacute;n, transporte, almacenaje y uso de la energ&iacute;a en el &aacute;mbito rural, con especial atenci&oacute;n a las energ&iacute;as renovables\n<strong>METASCAN:<\/strong> Medida instrumental de la calidad en productos agroalimentarios empleando t&eacute;cnicas multidimensionales no destructivas: mec&aacute;nicas, espectrosc&oacute;picas, visi&oacute;n multiespectral e hiperespectral, tomograf&iacute;a de resonancia magn&eacute;tica\n<strong>Transferencia e innovaci&oacute;n tecnol&oacute;gica:<\/strong> Actividad estructural trasversal cuyo objetivo es promover el traspaso de conocimiento y tecnolog&iacute;a al sector productivo.\n<strong>Biomecatr&oacute;nica, agricultura de precisi&oacute;n y rob&oacute;tica:<\/strong> Desarrollo de dispositivos electro-mec&aacute;nicos avanzados para la mejora de la maquinaria agroindustrial.\n","parent":0,"count":4,"filter":"raw","term_order":"0"}],"infraestructura":[],"ods":[],"origen":[{"term_id":180,"name":"Patente","slug":"patente","term_group":0,"term_taxonomy_id":180,"taxonomy":"origen","description":"","parent":0,"count":614,"filter":"raw","term_order":"0"}],"familia_tax":false,"quien_tax":false,"donde_tax":false,"year":"","contacto":"<strong>Principales: <\/strong><ul><li>MIGUEL ANGEL MU\u00d1OZ GARCIA <blockquote><strong>miguelangel.munoz@upm.es<\/strong><\/blockquote><\/li><\/ul><strong>Otros inventores UPM: <\/strong><ul><li>SIMON VAN OLMEN<\/li><li>ALVARO SOLER ESTEBAN<\/li><\/ul>","telefono":"","pagina_web":"","email":"","id_ficha_portal":"617","video":"","adjuntos":false,"adjuntos_portal":"https:\/\/www.upm.es\/S2i\/Acuse\/recuperarArchivo.jsp?id=617&id_archivo=800&tipo=patente&extension=fichero ","inf":false,"departamento":"","acf":[],"lang":"es","translation":{"es":8549},"_links":{"self":[{"href":"https:\/\/www.upm.es\/recursosidi\/wp-json\/wp\/v2\/product\/8549"}],"collection":[{"href":"https:\/\/www.upm.es\/recursosidi\/wp-json\/wp\/v2\/product"}],"about":[{"href":"https:\/\/www.upm.es\/recursosidi\/wp-json\/wp\/v2\/types\/product"}],"wp:attachment":[{"href":"https:\/\/www.upm.es\/recursosidi\/wp-json\/wp\/v2\/media?parent=8549"}],"wp:term":[{"taxonomy":"product_cat","embeddable":true,"href":"https:\/\/www.upm.es\/recursosidi\/wp-json\/wp\/v2\/product_cat?post=8549"},{"taxonomy":"product_tag","embeddable":true,"href":"https:\/\/www.upm.es\/recursosidi\/wp-json\/wp\/v2\/product_tag?post=8549"},{"taxonomy":"comunidad_upm","embeddable":true,"href":"https:\/\/www.upm.es\/recursosidi\/wp-json\/wp\/v2\/comunidades-upm?post=8549"},{"taxonomy":"quien","embeddable":true,"href":"https:\/\/www.upm.es\/recursosidi\/wp-json\/wp\/v2\/quien?post=8549"},{"taxonomy":"mapa","embeddable":true,"href":"https:\/\/www.upm.es\/recursosidi\/wp-json\/wp\/v2\/mapa?post=8549"},{"taxonomy":"disponibilidad","embeddable":true,"href":"https:\/\/www.upm.es\/recursosidi\/wp-json\/wp\/v2\/disponibilidad?post=8549"},{"taxonomy":"donde","embeddable":true,"href":"https:\/\/www.upm.es\/recursosidi\/wp-json\/wp\/v2\/donde?post=8549"},{"taxonomy":"infraestructura","embeddable":true,"href":"https:\/\/www.upm.es\/recursosidi\/wp-json\/wp\/v2\/infraestructura?post=8549"},{"taxonomy":"ods","embeddable":true,"href":"https:\/\/www.upm.es\/recursosidi\/wp-json\/wp\/v2\/ods?post=8549"},{"taxonomy":"origen","embeddable":true,"href":"https:\/\/www.upm.es\/recursosidi\/wp-json\/wp\/v2\/origen?post=8549"}],"curies":[{"name":"wp","href":"https:\/\/api.w.org\/{rel}","templated":true}]}}