{"id":8550,"date":"2021-11-25T14:12:11","date_gmt":"2021-11-25T13:12:11","guid":{"rendered":"https:\/\/www.upm.es\/recursosidi\/offers-resources\/sin categor\u00eda\/sistema-de-seguridad-pasivo-para-carritos-de-ninos-en-vehiculos-de-transporte-publico\/"},"modified":"2022-10-27T02:00:34","modified_gmt":"2022-10-27T00:00:34","slug":"sistema-de-seguridad-pasivo-para-carritos-de-ninos-en-vehiculos-de-transporte-publico","status":"publish","type":"product","link":"https:\/\/www.upm.es\/recursosidi\/offers-resources\/patentes\/sistema-de-seguridad-pasivo-para-carritos-de-ninos-en-vehiculos-de-transporte-publico\/","title":{"rendered":"Sistema de seguridad pasivo para carritos de ni\u00f1os en veh\u00edculos de transporte p\u00fablico"},"content":{"rendered":"<h5>Descripci\u00f3n de la patente <\/h5>\n<p>Sistema de seguridad pasivo de carritos de ni\u00f1os en veh\u00edculos de transporte p\u00fablico, que comprende un primer panel, perpendiculoarmente dispuesto, respecto a una pared del veh\u00edculo de transporte p\u00fablico, en situaci\u00f3n de servicio de dicho panel, y al menos un elemento de fijaci\u00f3n del primer panel a la pared del veh\u00edculo de transporte p\u00fablico.<br \/>\nEl sistema de seguridad pasivo adem\u00e1s comprende un segundo panel, el cual se encuentra unido al primer panel, y al menos una primera articulaci\u00f3n, como elemento de uni\u00f3n entre el primer panel y el segundo panel.<br \/>\nLa al menos primera arituclaci\u00f3n permite un giro relativo del segundo panel, respecto al primer panel, impidiendo el desplazamiento lateral  indeseado de un carrito de ni\u00f1o localizado entre la pared del veh\u00edculo y el segundo panel.<\/p>\n<h5>Situaci\u00f3n <\/h5>\n<p>Concedida<\/p>\n<h5>N\u00famero de solicitud<\/h5>\n<p>P201131557<\/p>\n<h5>N\u00famero de publicaci\u00f3n<\/h5>\n<p>ES2403161<\/p>\n<h5>Fecha de presentaci\u00f3n <\/h5>\n<p>27\/09\/2011<\/p>\n<h5>Fecha de publicaci\u00f3n <\/h5>\n<p>14\/05\/2013<\/p>\n<h5>Fecha de concesi\u00f3n <\/h5>\n<p>06\/06\/2014<\/p>\n<div class=\"pdfprnt-buttons pdfprnt-buttons-product pdfprnt-bottom-left\"><a href=\"https:\/\/www.upm.es\/recursosidi\/wp-json\/wp\/v2\/product\/8550?print=pdf\" class=\"pdfprnt-button pdfprnt-button-pdf\" target=\"_blank\"><span class=\"pdfprnt-button-title pdfprnt-button-pdf-title\">Descargar ficha<\/span><\/a><\/div>","protected":false},"excerpt":{"rendered":"<p>Descripci\u00f3n de la patente Sistema de seguridad pasivo de carritos de ni\u00f1os en veh\u00edculos de transporte p\u00fablico, que comprende un primer panel, perpendiculoarmente dispuesto, respecto&hellip;<\/p>\n","protected":false},"featured_media":0,"template":"","meta":{"_acf_changed":false},"product_cat":[3946],"product_tag":[],"comunidades-upm":[],"quien":[],"mapa":[],"disponibilidad":[],"donde":[{"term_id":376,"name":"Grupo de Inv. en Seguridad e Impacto Medioambiental de Veh\u00edculos y Transportes (GIVET)","slug":"grupo-de-inv-en-seguridad-e-impacto-medioambiental-de-vehiculos-y-transportes-givet","term_group":0,"term_taxonomy_id":376,"taxonomy":"donde","description":"Podemos resumir nuestras <strong>l\u00edneas de investigaci\u00f3n<\/strong> en:\r\n\r\nSeguridad en el transporte colectivo de personas y en el transporte de mercanc\u00edas.\r\nInvestigaci\u00f3n de accidentes de tr\u00e1fico.\r\nBiomec\u00e1nica del impacto aplicada a la mejora de la seguridad pasiva de los veh\u00edculos\r\nSistemas de asistencia al conductor (ADAS).\r\nEvaluaci\u00f3n y predicci\u00f3n de los impactos del transporte por carretera en la seguridad y medio ambiente. Desarrollo y aplicaci\u00f3n de modelos\r\nSistemas alternativos de propulsi\u00f3n e impacto medioambiental de los veh\u00edculos autom\u00f3viles\r\nMec\u00e1nica computacional aplicada al estudio del comportamiento din\u00e1mico de los veh\u00edculos","parent":0,"count":14,"filter":"raw","term_order":"0"},{"term_id":240,"name":"Instituto Universitario de Investigaci\u00f3n del Autom\u00f3vil (INSIA)","slug":"instituto-universitario-de-investigacion-del-automovil-insia","term_group":0,"term_taxonomy_id":240,"taxonomy":"donde","description":"","parent":0,"count":18,"filter":"raw","term_order":"0"}],"infraestructura":[],"ods":[],"origen":[{"term_id":180,"name":"Patente","slug":"patente","term_group":0,"term_taxonomy_id":180,"taxonomy":"origen","description":"","parent":0,"count":614,"filter":"raw","term_order":"0"}],"familia_tax":false,"quien_tax":false,"donde_tax":false,"year":"","contacto":"<strong>Principales: <\/strong><ul><li>LUIS MARTINEZ SAEZ <blockquote><strong>luis.martinez@upm.es<\/strong><\/blockquote><\/li><li>ENRIQUE ALCALA FAZIO <blockquote><strong>enrique.alcala@upm.es<\/strong><\/blockquote><\/li><li>ANGEL LUIS MARTIN LOPEZ <blockquote><strong>angel.martin@upm.es<\/strong><\/blockquote><\/li><li>Beatriz Valles Fern\u00e1ndez <blockquote><strong>b.valles@upm.es<\/strong><\/blockquote><\/li><\/ul><strong>Otros inventores: <\/strong><ul><li>Juan FranciscoDols Ruiz Universidad Polit\u00e9cnica de Valencia<\/li> <li>VicentePons Sendra Universidad Polit\u00e9cnica de Valencia<\/li> <\/ul>","telefono":"","pagina_web":"","email":"","id_ficha_portal":"639","video":"","adjuntos":false,"adjuntos_portal":"","inf":false,"departamento":"","acf":[],"lang":"es","translation":{"es":8550},"_links":{"self":[{"href":"https:\/\/www.upm.es\/recursosidi\/wp-json\/wp\/v2\/product\/8550"}],"collection":[{"href":"https:\/\/www.upm.es\/recursosidi\/wp-json\/wp\/v2\/product"}],"about":[{"href":"https:\/\/www.upm.es\/recursosidi\/wp-json\/wp\/v2\/types\/product"}],"wp:attachment":[{"href":"https:\/\/www.upm.es\/recursosidi\/wp-json\/wp\/v2\/media?parent=8550"}],"wp:term":[{"taxonomy":"product_cat","embeddable":true,"href":"https:\/\/www.upm.es\/recursosidi\/wp-json\/wp\/v2\/product_cat?post=8550"},{"taxonomy":"product_tag","embeddable":true,"href":"https:\/\/www.upm.es\/recursosidi\/wp-json\/wp\/v2\/product_tag?post=8550"},{"taxonomy":"comunidad_upm","embeddable":true,"href":"https:\/\/www.upm.es\/recursosidi\/wp-json\/wp\/v2\/comunidades-upm?post=8550"},{"taxonomy":"quien","embeddable":true,"href":"https:\/\/www.upm.es\/recursosidi\/wp-json\/wp\/v2\/quien?post=8550"},{"taxonomy":"mapa","embeddable":true,"href":"https:\/\/www.upm.es\/recursosidi\/wp-json\/wp\/v2\/mapa?post=8550"},{"taxonomy":"disponibilidad","embeddable":true,"href":"https:\/\/www.upm.es\/recursosidi\/wp-json\/wp\/v2\/disponibilidad?post=8550"},{"taxonomy":"donde","embeddable":true,"href":"https:\/\/www.upm.es\/recursosidi\/wp-json\/wp\/v2\/donde?post=8550"},{"taxonomy":"infraestructura","embeddable":true,"href":"https:\/\/www.upm.es\/recursosidi\/wp-json\/wp\/v2\/infraestructura?post=8550"},{"taxonomy":"ods","embeddable":true,"href":"https:\/\/www.upm.es\/recursosidi\/wp-json\/wp\/v2\/ods?post=8550"},{"taxonomy":"origen","embeddable":true,"href":"https:\/\/www.upm.es\/recursosidi\/wp-json\/wp\/v2\/origen?post=8550"}],"curies":[{"name":"wp","href":"https:\/\/api.w.org\/{rel}","templated":true}]}}