{"id":8551,"date":"2021-11-25T14:12:14","date_gmt":"2021-11-25T13:12:14","guid":{"rendered":"https:\/\/www.upm.es\/recursosidi\/offers-resources\/sin categor\u00eda\/metodo-y-sistema-para-la-estimacion-de-parametros-fisiologicos-de-la-fonacion\/"},"modified":"2022-08-10T02:10:31","modified_gmt":"2022-08-10T00:10:31","slug":"metodo-y-sistema-para-la-estimacion-de-parametros-fisiologicos-de-la-fonacion","status":"publish","type":"product","link":"https:\/\/www.upm.es\/recursosidi\/offers-resources\/patentes\/metodo-y-sistema-para-la-estimacion-de-parametros-fisiologicos-de-la-fonacion\/","title":{"rendered":"M\u00e9todo y sistema para la estimaci\u00f3n de par\u00e1metros fisiol\u00f3gicos de la fonaci\u00f3n"},"content":{"rendered":"<h5>Descripci\u00f3n de la patente <\/h5>\n<p>La invenci\u00f3n consiste en un m\u00e9todo y sistema de c\u00f3mputo para el registro y an\u00e1lisis de la voz, que permite calcular una serie de par\u00e1metros de la fonaci\u00f3n. Estos transportan informaci\u00f3n relevante sobre influencias causadas por trastornos org\u00e1nicos (que afectan a la fisiolog\u00eda de la laringe) o neurol\u00f3gicos (que afectan a los centros cerebrales del habla). Asimismo se consideran parte esencial de la invenci\u00f3n los procedimientos clasificatorios que permiten obtener estimaciones de la disfunci\u00f3n presente y de asignaci\u00f3n de personalidad. La utilidad de la invenci\u00f3n se enmarca, en la posibilidad de aplicar la estimaci\u00f3n de disfunci\u00f3n en los centros m\u00e9dicos de asistencia primaria para el cribado de pacientes a los centros de atenci\u00f3n especializada, simplificando los protocolos de exploraci\u00f3n, ahorrando costes, y reduciendo listas de espera. Tambi\u00e9n es aplicable esta metodolog\u00eda en la detecci\u00f3n de la personalidad del locutor por la voz, permitiendo garantizar el acceso a instalaciones o servicios.<\/p>\n<h5>Situaci\u00f3n <\/h5>\n<p>Concedida<\/p>\n<h5>N\u00famero de solicitud<\/h5>\n<p>P201131069<\/p>\n<h5>N\u00famero de publicaci\u00f3n<\/h5>\n<p>ES2364401<\/p>\n<h5>Fecha de presentaci\u00f3n <\/h5>\n<p>27\/06\/2011<\/p>\n<h5>Fecha de concesi\u00f3n <\/h5>\n<p>13\/12\/2011<\/p>\n<div class=\"pdfprnt-buttons pdfprnt-buttons-product pdfprnt-bottom-left\"><a href=\"https:\/\/www.upm.es\/recursosidi\/wp-json\/wp\/v2\/product\/8551?print=pdf\" class=\"pdfprnt-button pdfprnt-button-pdf\" target=\"_blank\"><span class=\"pdfprnt-button-title pdfprnt-button-pdf-title\">Descargar ficha<\/span><\/a><\/div>","protected":false},"excerpt":{"rendered":"<p>Descripci\u00f3n de la patente La invenci\u00f3n consiste en un m\u00e9todo y sistema de c\u00f3mputo para el registro y an\u00e1lisis de la voz, que permite calcular&hellip;<\/p>\n","protected":false},"featured_media":0,"template":"","meta":{"_acf_changed":false},"product_cat":[3946],"product_tag":[],"comunidades-upm":[],"quien":[],"mapa":[],"disponibilidad":[],"donde":[{"term_id":556,"name":"Centro de Tecnolog\u00eda Biom\u00e9dica (CTB)","slug":"centro-de-tecnologia-biomedica-ctb","term_group":0,"term_taxonomy_id":556,"taxonomy":"donde","description":"","parent":0,"count":84,"filter":"raw","term_order":"0"},{"term_id":536,"name":"Inform\u00e1tica Aplicada al Procesado de Se\u00f1al e Imagen","slug":"informatica-aplicada-al-procesado-de-senal-e-imagen","term_group":0,"term_taxonomy_id":536,"taxonomy":"donde","description":"","parent":0,"count":5,"filter":"raw","term_order":"0"}],"infraestructura":[],"ods":[],"origen":[{"term_id":180,"name":"Patente","slug":"patente","term_group":0,"term_taxonomy_id":180,"taxonomy":"origen","description":"","parent":0,"count":614,"filter":"raw","term_order":"0"}],"familia_tax":false,"quien_tax":false,"donde_tax":false,"year":"","contacto":"<strong>Principales: <\/strong><ul><li>PEDRO GOMEZ VILDA <blockquote><strong>pedro.gomezv@upm.es<\/strong><\/blockquote><\/li><li>VICTOR NIETO LLUIS <blockquote><strong>victor.nieto@upm.es<\/strong><\/blockquote><\/li><li>AGUSTIN ALVAREZ MARQUINA <blockquote><strong>agustin.alvarez@upm.es<\/strong><\/blockquote><\/li><li>M. VICTORIA RODELLAR BIARGE <blockquote><strong>mariavictoria.rodellar@upm.es<\/strong><\/blockquote><\/li><li>RAFAEL MARTINEZ OLALLA <blockquote><strong>rafael.martinezo@upm.es<\/strong><\/blockquote><\/li><\/ul>","telefono":"","pagina_web":"","email":"","id_ficha_portal":"620","video":"","adjuntos":false,"adjuntos_portal":"https:\/\/www.upm.es\/S2i\/Acuse\/recuperarArchivo.jsp?id=620&id_archivo=536&tipo=patente&extension=fichero ","inf":false,"departamento":"","acf":[],"lang":"es","translation":{"es":8551},"_links":{"self":[{"href":"https:\/\/www.upm.es\/recursosidi\/wp-json\/wp\/v2\/product\/8551"}],"collection":[{"href":"https:\/\/www.upm.es\/recursosidi\/wp-json\/wp\/v2\/product"}],"about":[{"href":"https:\/\/www.upm.es\/recursosidi\/wp-json\/wp\/v2\/types\/product"}],"wp:attachment":[{"href":"https:\/\/www.upm.es\/recursosidi\/wp-json\/wp\/v2\/media?parent=8551"}],"wp:term":[{"taxonomy":"product_cat","embeddable":true,"href":"https:\/\/www.upm.es\/recursosidi\/wp-json\/wp\/v2\/product_cat?post=8551"},{"taxonomy":"product_tag","embeddable":true,"href":"https:\/\/www.upm.es\/recursosidi\/wp-json\/wp\/v2\/product_tag?post=8551"},{"taxonomy":"comunidad_upm","embeddable":true,"href":"https:\/\/www.upm.es\/recursosidi\/wp-json\/wp\/v2\/comunidades-upm?post=8551"},{"taxonomy":"quien","embeddable":true,"href":"https:\/\/www.upm.es\/recursosidi\/wp-json\/wp\/v2\/quien?post=8551"},{"taxonomy":"mapa","embeddable":true,"href":"https:\/\/www.upm.es\/recursosidi\/wp-json\/wp\/v2\/mapa?post=8551"},{"taxonomy":"disponibilidad","embeddable":true,"href":"https:\/\/www.upm.es\/recursosidi\/wp-json\/wp\/v2\/disponibilidad?post=8551"},{"taxonomy":"donde","embeddable":true,"href":"https:\/\/www.upm.es\/recursosidi\/wp-json\/wp\/v2\/donde?post=8551"},{"taxonomy":"infraestructura","embeddable":true,"href":"https:\/\/www.upm.es\/recursosidi\/wp-json\/wp\/v2\/infraestructura?post=8551"},{"taxonomy":"ods","embeddable":true,"href":"https:\/\/www.upm.es\/recursosidi\/wp-json\/wp\/v2\/ods?post=8551"},{"taxonomy":"origen","embeddable":true,"href":"https:\/\/www.upm.es\/recursosidi\/wp-json\/wp\/v2\/origen?post=8551"}],"curies":[{"name":"wp","href":"https:\/\/api.w.org\/{rel}","templated":true}]}}