{"id":8556,"date":"2021-11-25T14:12:26","date_gmt":"2021-11-25T13:12:26","guid":{"rendered":"https:\/\/www.upm.es\/recursosidi\/offers-resources\/sin categor\u00eda\/metodo-y-sistema-para-identificar-elementos-que-pertenecen-a-una-region-convexa\/"},"modified":"2022-08-10T02:10:44","modified_gmt":"2022-08-10T00:10:44","slug":"metodo-y-sistema-para-identificar-elementos-que-pertenecen-a-una-region-convexa","status":"publish","type":"product","link":"https:\/\/www.upm.es\/recursosidi\/offers-resources\/patentes\/metodo-y-sistema-para-identificar-elementos-que-pertenecen-a-una-region-convexa\/","title":{"rendered":"M\u00e9todo y sistema para identificar elementos que pertenecen a una regi\u00f3n convexa"},"content":{"rendered":"<h5>Descripci\u00f3n de la patente <\/h5>\n<p>M\u00e9todo y sistema para identificar elementos en una regi\u00f3n limitada que pertenecen a una regi\u00f3n conexa y divisible en sub-regiones convexas, dichos elementos se almacenan para ser procesados como nodos de un esquema a \u00e1rbol, en el que se mantienen en memoria s\u00f3lo los nodos padres de cada nodo procesado. El \u00e1rbol se construye eligiendo elementos entre ellos adyacentes seg\u00fan unas reglas de partici\u00f3n por dimensiones.<br \/>\nGracias a la presente invenci\u00f3n no es necesario procesar todos los elementos del espacio fuera de la periferia de la ROI. La presente invenci\u00f3n es aplicable para procesar conjuntos de datos espaciales escasos, como en la segmentaci\u00f3n y registro de im\u00e1genes y en la proyecci\u00f3n y  retroproyecci\u00f3n en la reconstrucci\u00f3n tomogr\u00e1fica de im\u00e1genes. Adem\u00e1s los bajos requisitos en<br \/>\nmemoria hacen la t\u00e9cnica especialmente adapta para ejecutarse en unidades de procesamiento gr\u00e1fico.<\/p>\n<h5>Situaci\u00f3n <\/h5>\n<p>Concedida<\/p>\n<h5>N\u00famero de solicitud<\/h5>\n<p>P201130997<\/p>\n<h5>N\u00famero de publicaci\u00f3n<\/h5>\n<p>ES2409504<\/p>\n<h5>Fecha de presentaci\u00f3n <\/h5>\n<p>15\/06\/2011<\/p>\n<h5>Fecha de publicaci\u00f3n <\/h5>\n<p>26\/06\/2013<\/p>\n<h5>Fecha de concesi\u00f3n <\/h5>\n<p>27\/11\/2014<\/p>\n<div class=\"pdfprnt-buttons pdfprnt-buttons-product pdfprnt-bottom-left\"><a href=\"https:\/\/www.upm.es\/recursosidi\/wp-json\/wp\/v2\/product\/8556?print=pdf\" class=\"pdfprnt-button pdfprnt-button-pdf\" target=\"_blank\"><span class=\"pdfprnt-button-title pdfprnt-button-pdf-title\">Descargar ficha<\/span><\/a><\/div>","protected":false},"excerpt":{"rendered":"<p>Descripci\u00f3n de la patente M\u00e9todo y sistema para identificar elementos en una regi\u00f3n limitada que pertenecen a una regi\u00f3n conexa y divisible en sub-regiones convexas,&hellip;<\/p>\n","protected":false},"featured_media":0,"template":"","meta":{"_acf_changed":false},"product_cat":[3946],"product_tag":[],"comunidades-upm":[],"quien":[],"mapa":[],"disponibilidad":[],"donde":[{"term_id":642,"name":"Information Processing and Telecommunications Center (IPTC)","slug":"information-processing-and-telecommunications-center-iptc","term_group":0,"term_taxonomy_id":642,"taxonomy":"donde","description":"","parent":0,"count":74,"filter":"raw","term_order":"0"},{"term_id":436,"name":"Tecnolog\u00eda de im\u00e1genes biom\u00e9dicas","slug":"tecnologia-de-imagenes-biomedicas","term_group":0,"term_taxonomy_id":436,"taxonomy":"donde","description":"El objetivo de nuestro trabajo es contribuir a mejorar la atenci\u00f3n de la salud a trav\u00e9s de los avances en las tecnolog\u00edas de im\u00e1genes biom\u00e9dicas, y para ello seguimos las siguientes l\u00edneas de investigaci\u00f3n:\r\n\u00a0\r\n-\u00a0 Imagen Cardiovascular\r\n-\u00a0 Reconstrucci\u00f3n de im\u00e1genes tomogr\u00e1ficas\r\n-\u00a0 Modelado\/Simulaci\u00f3n sistemas adquisici\u00f3n\r\n-\u00a0 An\u00e1lisis de im\u00e1genes biom\u00e9dicas\r\n-\u00a0\u00a0 Imagen Molecular","parent":0,"count":13,"filter":"raw","term_order":"0"}],"infraestructura":[],"ods":[],"origen":[{"term_id":180,"name":"Patente","slug":"patente","term_group":0,"term_taxonomy_id":180,"taxonomy":"origen","description":"","parent":0,"count":614,"filter":"raw","term_order":"0"}],"familia_tax":false,"quien_tax":false,"donde_tax":false,"year":"","contacto":"<strong>Principales: <\/strong><ul><li>ANDRES DE SANTOS LLEO <blockquote><strong>andres.santos@upm.es<\/strong><\/blockquote><\/li><li>JUAN ENRIQUE ORTU\u00d1O FISAC <blockquote><strong>je.ortuno@upm.es<\/strong><\/blockquote><\/li><li>GIANCARLO SPORTELLI . <blockquote><strong>g.sportelli@upm.es<\/strong><\/blockquote><\/li><\/ul>","telefono":"","pagina_web":"","email":"","id_ficha_portal":"615","video":"","adjuntos":false,"adjuntos_portal":"https:\/\/www.upm.es\/S2i\/Acuse\/recuperarArchivo.jsp?id=615&id_archivo=2701&tipo=patente&extension=fichero ","inf":false,"departamento":"","acf":[],"lang":"es","translation":{"es":8556},"_links":{"self":[{"href":"https:\/\/www.upm.es\/recursosidi\/wp-json\/wp\/v2\/product\/8556"}],"collection":[{"href":"https:\/\/www.upm.es\/recursosidi\/wp-json\/wp\/v2\/product"}],"about":[{"href":"https:\/\/www.upm.es\/recursosidi\/wp-json\/wp\/v2\/types\/product"}],"wp:attachment":[{"href":"https:\/\/www.upm.es\/recursosidi\/wp-json\/wp\/v2\/media?parent=8556"}],"wp:term":[{"taxonomy":"product_cat","embeddable":true,"href":"https:\/\/www.upm.es\/recursosidi\/wp-json\/wp\/v2\/product_cat?post=8556"},{"taxonomy":"product_tag","embeddable":true,"href":"https:\/\/www.upm.es\/recursosidi\/wp-json\/wp\/v2\/product_tag?post=8556"},{"taxonomy":"comunidad_upm","embeddable":true,"href":"https:\/\/www.upm.es\/recursosidi\/wp-json\/wp\/v2\/comunidades-upm?post=8556"},{"taxonomy":"quien","embeddable":true,"href":"https:\/\/www.upm.es\/recursosidi\/wp-json\/wp\/v2\/quien?post=8556"},{"taxonomy":"mapa","embeddable":true,"href":"https:\/\/www.upm.es\/recursosidi\/wp-json\/wp\/v2\/mapa?post=8556"},{"taxonomy":"disponibilidad","embeddable":true,"href":"https:\/\/www.upm.es\/recursosidi\/wp-json\/wp\/v2\/disponibilidad?post=8556"},{"taxonomy":"donde","embeddable":true,"href":"https:\/\/www.upm.es\/recursosidi\/wp-json\/wp\/v2\/donde?post=8556"},{"taxonomy":"infraestructura","embeddable":true,"href":"https:\/\/www.upm.es\/recursosidi\/wp-json\/wp\/v2\/infraestructura?post=8556"},{"taxonomy":"ods","embeddable":true,"href":"https:\/\/www.upm.es\/recursosidi\/wp-json\/wp\/v2\/ods?post=8556"},{"taxonomy":"origen","embeddable":true,"href":"https:\/\/www.upm.es\/recursosidi\/wp-json\/wp\/v2\/origen?post=8556"}],"curies":[{"name":"wp","href":"https:\/\/api.w.org\/{rel}","templated":true}]}}