{"id":8558,"date":"2021-11-25T14:12:31","date_gmt":"2021-11-25T13:12:31","guid":{"rendered":"https:\/\/www.upm.es\/recursosidi\/offers-resources\/sin categor\u00eda\/robot-de-estructura-cinematica-hibrida-para-el-guiado-de-la-insercion-de-agujas-cateteres-y-elementos-quirurgicos-para-procedimientos-de-cirugia-minimamente-invasiva\/"},"modified":"2022-08-10T02:10:50","modified_gmt":"2022-08-10T00:10:50","slug":"robot-de-estructura-cinematica-hibrida-para-el-guiado-de-la-insercion-de-agujas-cateteres-y-elementos-quirurgicos-para-procedimientos-de-cirugia-minimamente-invasiva","status":"publish","type":"product","link":"https:\/\/www.upm.es\/recursosidi\/offers-resources\/patentes\/robot-de-estructura-cinematica-hibrida-para-el-guiado-de-la-insercion-de-agujas-cateteres-y-elementos-quirurgicos-para-procedimientos-de-cirugia-minimamente-invasiva\/","title":{"rendered":"Robot de estructura cinem\u00e1tica h\u00edbrida para el guiado de la inserci\u00f3n de agujas,  cat\u00e9teres y elementos quir\u00fargicos para procedimientos de cirug\u00eda m\u00ednimamente invasiva"},"content":{"rendered":"<h5>Descripci\u00f3n de la patente <\/h5>\n<p>Robot de estructura cinem\u00e1tica h\u00edbrida para el guiado de la inserci\u00f3n de agujas, cat\u00e9teres y elementos quir\u00fargicos para procedimientos de cirug\u00eda m\u00ednimamente invasiva. Permite realizar procedimientos de guiado e inserci\u00f3n de agujas y\/o cat\u00e9teres y\/o instrumental en pacientes para la toma de muestra de tejidos y\/o fluidos intra-corporales para biopsia y diagnosis, inserci\u00f3n y deposici\u00f3n de marcadores fiduciales, administraci\u00f3n localizada de medicamentos espec\u00edficos, de manera precisa y controlada, a partir de una pre-planificaci\u00f3n basada en el an\u00e1lisis de im\u00e1genes m\u00e9dicas previamente capturadas.<\/p>\n<h5>Situaci\u00f3n <\/h5>\n<p>Concedida<\/p>\n<h5>N\u00famero de solicitud<\/h5>\n<p>P201132056<\/p>\n<h5>N\u00famero de publicaci\u00f3n<\/h5>\n<p>ES2392059<\/p>\n<h5>Fecha de presentaci\u00f3n <\/h5>\n<p>20\/12\/2011<\/p>\n<h5>Fecha de concesi\u00f3n <\/h5>\n<p>27\/03\/2013<\/p>\n<div class=\"pdfprnt-buttons pdfprnt-buttons-product pdfprnt-bottom-left\"><a href=\"https:\/\/www.upm.es\/recursosidi\/wp-json\/wp\/v2\/product\/8558?print=pdf\" class=\"pdfprnt-button pdfprnt-button-pdf\" target=\"_blank\"><span class=\"pdfprnt-button-title pdfprnt-button-pdf-title\">Descargar ficha<\/span><\/a><\/div>","protected":false},"excerpt":{"rendered":"<p>Descripci\u00f3n de la patente Robot de estructura cinem\u00e1tica h\u00edbrida para el guiado de la inserci\u00f3n de agujas, cat\u00e9teres y elementos quir\u00fargicos para procedimientos de cirug\u00eda&hellip;<\/p>\n","protected":false},"featured_media":0,"template":"","meta":{"_acf_changed":false},"product_cat":[3946],"product_tag":[],"comunidades-upm":[],"quien":[],"mapa":[],"disponibilidad":[],"donde":[{"term_id":576,"name":"Centro de Autom\u00e1tica y Rob\u00f3tica (CAR). Centro Mixto UPM-CSIC","slug":"centro-de-automatica-y-robotica-car-centro-mixto-upm-csic","term_group":0,"term_taxonomy_id":576,"taxonomy":"donde","description":"","parent":0,"count":42,"filter":"raw","term_order":"0"},{"term_id":360,"name":"Robots y m\u00e1quinas inteligentes","slug":"robots-y-maquinas-inteligentes","term_group":0,"term_taxonomy_id":360,"taxonomy":"donde","description":"","parent":0,"count":22,"filter":"raw","term_order":"0"}],"infraestructura":[],"ods":[],"origen":[{"term_id":180,"name":"Patente","slug":"patente","term_group":0,"term_taxonomy_id":180,"taxonomy":"origen","description":"","parent":0,"count":614,"filter":"raw","term_order":"0"}],"familia_tax":false,"quien_tax":false,"donde_tax":false,"year":"","contacto":"<strong>Principales: <\/strong><ul><li>RAFAEL ARACIL SANTONJA <blockquote><strong>rafael.aracil@upm.es<\/strong><\/blockquote><\/li><li>Lisandro Jose Puglisi . <blockquote><strong><\/strong><\/blockquote><\/li><li>ROQUE JACINTO SALTAREN PAZMI\u00d1O <blockquote><strong>roquejacinto.saltaren@upm.es<\/strong><\/blockquote><\/li><\/ul><strong>Otros inventores UPM: <\/strong><ul><li>Walter Cabrera Parra<\/li><li>Germ\u00e1n Rey Portol\u00e9s<\/li><li>Gabriel Armando Poletti<\/li><\/ul>","telefono":"","pagina_web":"","email":"","id_ficha_portal":"655","video":"","adjuntos":false,"adjuntos_portal":"https:\/\/www.upm.es\/S2i\/Acuse\/recuperarArchivo.jsp?id=655&id_archivo=2296&tipo=patente&extension=fichero ","inf":false,"departamento":"","acf":[],"lang":"es","translation":{"es":8558},"_links":{"self":[{"href":"https:\/\/www.upm.es\/recursosidi\/wp-json\/wp\/v2\/product\/8558"}],"collection":[{"href":"https:\/\/www.upm.es\/recursosidi\/wp-json\/wp\/v2\/product"}],"about":[{"href":"https:\/\/www.upm.es\/recursosidi\/wp-json\/wp\/v2\/types\/product"}],"wp:attachment":[{"href":"https:\/\/www.upm.es\/recursosidi\/wp-json\/wp\/v2\/media?parent=8558"}],"wp:term":[{"taxonomy":"product_cat","embeddable":true,"href":"https:\/\/www.upm.es\/recursosidi\/wp-json\/wp\/v2\/product_cat?post=8558"},{"taxonomy":"product_tag","embeddable":true,"href":"https:\/\/www.upm.es\/recursosidi\/wp-json\/wp\/v2\/product_tag?post=8558"},{"taxonomy":"comunidad_upm","embeddable":true,"href":"https:\/\/www.upm.es\/recursosidi\/wp-json\/wp\/v2\/comunidades-upm?post=8558"},{"taxonomy":"quien","embeddable":true,"href":"https:\/\/www.upm.es\/recursosidi\/wp-json\/wp\/v2\/quien?post=8558"},{"taxonomy":"mapa","embeddable":true,"href":"https:\/\/www.upm.es\/recursosidi\/wp-json\/wp\/v2\/mapa?post=8558"},{"taxonomy":"disponibilidad","embeddable":true,"href":"https:\/\/www.upm.es\/recursosidi\/wp-json\/wp\/v2\/disponibilidad?post=8558"},{"taxonomy":"donde","embeddable":true,"href":"https:\/\/www.upm.es\/recursosidi\/wp-json\/wp\/v2\/donde?post=8558"},{"taxonomy":"infraestructura","embeddable":true,"href":"https:\/\/www.upm.es\/recursosidi\/wp-json\/wp\/v2\/infraestructura?post=8558"},{"taxonomy":"ods","embeddable":true,"href":"https:\/\/www.upm.es\/recursosidi\/wp-json\/wp\/v2\/ods?post=8558"},{"taxonomy":"origen","embeddable":true,"href":"https:\/\/www.upm.es\/recursosidi\/wp-json\/wp\/v2\/origen?post=8558"}],"curies":[{"name":"wp","href":"https:\/\/api.w.org\/{rel}","templated":true}]}}